{"id":7749,"date":"2020-02-12T22:24:26","date_gmt":"2020-02-12T22:24:26","guid":{"rendered":"https:\/\/mhc.org.mk\/diskriminimin\/"},"modified":"2024-11-13T20:46:48","modified_gmt":"2024-11-13T20:46:48","slug":"diskriminimin","status":"publish","type":"page","link":"https:\/\/mhc.org.mk\/sq\/diskriminimin\/","title":{"rendered":"Diskriminimin"},"content":{"rendered":"<p>T\u00eb gjith\u00eb njer\u00ebzit jan\u00eb t\u00eb barabart\u00eb para kushtetut\u00ebs dhe ligjit dhe kan\u00eb t\u00eb drejt\u00eb n\u00eb trajtim dhe mbrojtje t\u00eb barabart\u00eb, pa diskriminim. Shteti duhet t\u00eb ofroj\u00eb mbrojtje efektive nga t\u00eb gjitha format e diskriminimit dhe akses t\u00eb barabart\u00eb n\u00eb drejt\u00ebsi p\u00ebr t\u00eb gjith\u00eb njer\u00ebzit. Q\u00ebllimi kryesor \u00ebsht\u00eb avancimi i legjislacionit n\u00eb drejtim t\u00eb implmentimit t\u00eb plot\u00eb t\u00eb standardeve nd\u00ebrkomb\u00ebtare n\u00eb k\u00ebt\u00eb fush\u00eb. Objektivi strategjik i Komitetit t\u00eb Helsinkit \u00ebsht\u00eb p\u00ebrforcimi i m\u00ebtutjesh\u00ebm i mekanizmave t\u00eb mbrojtjes dhe krijimi i parakushteve praktike p\u00ebr identifikimin, parandalimin dhe sanksionimin e rasteve t\u00eb diskriminimit dhe mund\u00ebsimin e aksesit n\u00eb drejt\u00ebsi.<\/p>\n<p>Komiteti i Helsinkit \u00ebsht\u00eb duke e mbik\u00ebqyr\u00eb pun\u00ebn e institucioneve p\u00ebr barazi, gjykatave dhe institucioneve t\u00eb tjera p\u00ebr mbrojtje nga diskriminimi. N\u00eb vazhdim\u00ebsi jan\u00eb duke u nd\u00ebrmarr\u00eb aktivitete lidhur me diskriminimin e komunitetit LGBTI, diskriminimin p\u00ebr shkak t\u00eb p\u00ebrkat\u00ebsis\u00eb etnike, besimit fetar, seksit dhe gjinis\u00eb, pengesave fizike dhe intelektuale, p\u00ebrkat\u00ebsis\u00eb dhe besimit politik dhe t\u00eb gjitha diskriminimeve t\u00eb tjera. P\u00ebrve\u00e7 marrjes s\u00eb veprimeve p\u00ebr denoncime individuale dhe kolektive, Komiteti i Helsinkit b\u00ebn edhe p\u00ebrfaq\u00ebsimin para gjykatave vendore dhe nd\u00ebrkomb\u00ebtare dhe aktivizon mekanizma t\u00eb tjer\u00eb p\u00ebr mbrojtje nga diskriminimi.<\/p>\n<p>Komiteti i Helsinkit p\u00ebr t\u00eb drejtat e njeriut \u00ebsht\u00eb pjes\u00eb e Rrjetit p\u00ebr mbrojtje nga diskriminimi, i cili \u00ebsht\u00eb themeluar n\u00eb dhjetor t\u00eb vitit 2010, me q\u00ebllim q\u00eb t\u00eb zhvilloj\u00eb p\u00ebrfaq\u00ebsim strategjik n\u00eb rastet e diskriminimit.<\/p>\n","protected":false},"excerpt":{"rendered":"<p>T\u00eb gjith\u00eb njer\u00ebzit jan\u00eb t\u00eb barabart\u00eb para kushtetut\u00ebs dhe ligjit dhe kan\u00eb t\u00eb drejt\u00eb n\u00eb trajtim dhe mbrojtje t\u00eb barabart\u00eb, pa diskriminim. Shteti duhet t\u00eb ofroj\u00eb mbrojtje efektive nga t\u00eb gjitha format e diskriminimit dhe akses t\u00eb barabart\u00eb n\u00eb drejt\u00ebsi p\u00ebr t\u00eb gjith\u00eb njer\u00ebzit. Q\u00ebllimi kryesor \u00ebsht\u00eb avancimi i legjislacionit n\u00eb drejtim t\u00eb implmentimit t\u00eb [&#8230;]<\/p>\n<p><a class=\"btn btn-secondary understrap-read-more-link\" href=\"https:\/\/mhc.org.mk\/sq\/diskriminimin\/\">Read More&#8230;<span class=\"screen-reader-text\"> from Diskriminimin<\/span><\/a><\/p>\n","protected":false},"author":1,"featured_media":7746,"parent":0,"menu_order":0,"comment_status":"closed","ping_status":"closed","template":"","meta":{"_acf_changed":false,"footnotes":""},"class_list":["post-7749","page","type-page","status-publish","has-post-thumbnail","hentry"],"acf":[],"yoast_head":"<!-- This site is optimized with the Yoast SEO plugin v27.6 - https:\/\/yoast.com\/product\/yoast-seo-wordpress\/ -->\n<title>Diskriminimin - Komitetit t\u00eb Helsinkit p\u00ebr t\u00eb Drejtat e Njeriut<\/title>\n<meta name=\"robots\" content=\"index, follow, max-snippet:-1, max-image-preview:large, max-video-preview:-1\" \/>\n<link rel=\"canonical\" href=\"https:\/\/mhc.org.mk\/sq\/diskriminimin\/\" \/>\n<meta property=\"og:locale\" content=\"sq_AL\" \/>\n<meta property=\"og:type\" content=\"article\" \/>\n<meta property=\"og:title\" content=\"Diskriminimin - Komitetit t\u00eb Helsinkit p\u00ebr t\u00eb Drejtat e Njeriut\" \/>\n<meta property=\"og:description\" content=\"T\u00eb gjith\u00eb njer\u00ebzit jan\u00eb t\u00eb barabart\u00eb para kushtetut\u00ebs dhe ligjit dhe kan\u00eb t\u00eb drejt\u00eb n\u00eb trajtim dhe mbrojtje t\u00eb barabart\u00eb, pa diskriminim. Shteti duhet t\u00eb ofroj\u00eb mbrojtje efektive nga t\u00eb gjitha format e diskriminimit dhe akses t\u00eb barabart\u00eb n\u00eb drejt\u00ebsi p\u00ebr t\u00eb gjith\u00eb njer\u00ebzit. Q\u00ebllimi kryesor \u00ebsht\u00eb avancimi i legjislacionit n\u00eb drejtim t\u00eb implmentimit t\u00eb [...]Read More... from Diskriminimin\" \/>\n<meta property=\"og:url\" content=\"https:\/\/mhc.org.mk\/sq\/diskriminimin\/\" \/>\n<meta property=\"og:site_name\" content=\"Komitetit t\u00eb Helsinkit p\u00ebr t\u00eb Drejtat e Njeriut\" \/>\n<meta property=\"article:publisher\" content=\"https:\/\/www.facebook.com\/MacedonianHelsinkiCommittee\/\" \/>\n<meta property=\"article:modified_time\" content=\"2024-11-13T20:46:48+00:00\" \/>\n<meta property=\"og:image\" content=\"https:\/\/mhc.org.mk\/wp-content\/uploads\/2020\/02\/diskriminacija.jpg\" \/>\n\t<meta property=\"og:image:width\" content=\"640\" \/>\n\t<meta property=\"og:image:height\" content=\"418\" \/>\n\t<meta property=\"og:image:type\" content=\"image\/jpeg\" \/>\n<meta name=\"twitter:card\" content=\"summary_large_image\" \/>\n<meta name=\"twitter:site\" content=\"@Helsinshki\" \/>\n<meta name=\"twitter:label1\" content=\"Est. reading time\" \/>\n\t<meta name=\"twitter:data1\" content=\"1 minute\" \/>\n<script type=\"application\/ld+json\" class=\"yoast-schema-graph\">{\"@context\":\"https:\\\/\\\/schema.org\",\"@graph\":[{\"@type\":\"WebPage\",\"@id\":\"https:\\\/\\\/mhc.org.mk\\\/sq\\\/diskriminimin\\\/\",\"url\":\"https:\\\/\\\/mhc.org.mk\\\/sq\\\/diskriminimin\\\/\",\"name\":\"Diskriminimin - Komitetit t\u00eb Helsinkit p\u00ebr t\u00eb Drejtat e Njeriut\",\"isPartOf\":{\"@id\":\"https:\\\/\\\/mhc.org.mk\\\/sq\\\/#website\"},\"primaryImageOfPage\":{\"@id\":\"https:\\\/\\\/mhc.org.mk\\\/sq\\\/diskriminimin\\\/#primaryimage\"},\"image\":{\"@id\":\"https:\\\/\\\/mhc.org.mk\\\/sq\\\/diskriminimin\\\/#primaryimage\"},\"thumbnailUrl\":\"https:\\\/\\\/mhc.org.mk\\\/wp-content\\\/uploads\\\/2020\\\/02\\\/diskriminacija.jpg\",\"datePublished\":\"2020-02-12T22:24:26+00:00\",\"dateModified\":\"2024-11-13T20:46:48+00:00\",\"breadcrumb\":{\"@id\":\"https:\\\/\\\/mhc.org.mk\\\/sq\\\/diskriminimin\\\/#breadcrumb\"},\"inLanguage\":\"sq-AL\",\"potentialAction\":[{\"@type\":\"ReadAction\",\"target\":[\"https:\\\/\\\/mhc.org.mk\\\/sq\\\/diskriminimin\\\/\"]}]},{\"@type\":\"ImageObject\",\"inLanguage\":\"sq-AL\",\"@id\":\"https:\\\/\\\/mhc.org.mk\\\/sq\\\/diskriminimin\\\/#primaryimage\",\"url\":\"https:\\\/\\\/mhc.org.mk\\\/wp-content\\\/uploads\\\/2020\\\/02\\\/diskriminacija.jpg\",\"contentUrl\":\"https:\\\/\\\/mhc.org.mk\\\/wp-content\\\/uploads\\\/2020\\\/02\\\/diskriminacija.jpg\",\"width\":640,\"height\":418},{\"@type\":\"BreadcrumbList\",\"@id\":\"https:\\\/\\\/mhc.org.mk\\\/sq\\\/diskriminimin\\\/#breadcrumb\",\"itemListElement\":[{\"@type\":\"ListItem\",\"position\":1,\"name\":\"Home\",\"item\":\"https:\\\/\\\/mhc.org.mk\\\/sq\\\/\"},{\"@type\":\"ListItem\",\"position\":2,\"name\":\"Diskriminimin\"}]},{\"@type\":\"WebSite\",\"@id\":\"https:\\\/\\\/mhc.org.mk\\\/sq\\\/#website\",\"url\":\"https:\\\/\\\/mhc.org.mk\\\/sq\\\/\",\"name\":\"\u0425\u0435\u043b\u0441\u0438\u043d\u0448\u043a\u0438 \u043a\u043e\u043c\u0438\u0442\u0435\u0442 \u0437\u0430 \u0447\u043e\u0432\u0435\u043a\u043e\u0432\u0438 \u043f\u0440\u0430\u0432\u0430\",\"description\":\"Vizioni i Komitetit t\u00eb Helsinkit p\u00ebr t\u00eb Drejtat e Njeriut \u00ebsht\u00eb shoq\u00ebri n\u00eb t\u00eb cil\u00ebn t\u00eb gjith\u00eb njer\u00ebzit i g\u00ebzojn\u00eb dhe praktikojn\u00eb t\u00eb drejtat dhe lirit\u00eb e tyre themelore dhe kan\u00eb mbrojtje n\u00eb rast t\u00eb shkeljes ose kufizimit t\u00eb tyre.\",\"publisher\":{\"@id\":\"https:\\\/\\\/mhc.org.mk\\\/sq\\\/#organization\"},\"alternateName\":\"The Helsinki Committee for Human Rights\",\"potentialAction\":[{\"@type\":\"SearchAction\",\"target\":{\"@type\":\"EntryPoint\",\"urlTemplate\":\"https:\\\/\\\/mhc.org.mk\\\/sq\\\/?s={search_term_string}\"},\"query-input\":{\"@type\":\"PropertyValueSpecification\",\"valueRequired\":true,\"valueName\":\"search_term_string\"}}],\"inLanguage\":\"sq-AL\"},{\"@type\":\"Organization\",\"@id\":\"https:\\\/\\\/mhc.org.mk\\\/sq\\\/#organization\",\"name\":\"\u0425\u0435\u043b\u0441\u0438\u043d\u0448\u043a\u0438 \u043a\u043e\u043c\u0438\u0442\u0435\u0442 \u0437\u0430 \u0447\u043e\u0432\u0435\u043a\u043e\u0432\u0438 \u043f\u0440\u0430\u0432\u0430\",\"alternateName\":\"The Helsinki Committee for Human Rights\",\"url\":\"https:\\\/\\\/mhc.org.mk\\\/sq\\\/\",\"logo\":{\"@type\":\"ImageObject\",\"inLanguage\":\"sq-AL\",\"@id\":\"https:\\\/\\\/mhc.org.mk\\\/sq\\\/#\\\/schema\\\/logo\\\/image\\\/\",\"url\":\"https:\\\/\\\/mhc.org.mk\\\/wp-content\\\/uploads\\\/2024\\\/12\\\/mhc-mk-default.webp\",\"contentUrl\":\"https:\\\/\\\/mhc.org.mk\\\/wp-content\\\/uploads\\\/2024\\\/12\\\/mhc-mk-default.webp\",\"width\":640,\"height\":418,\"caption\":\"\u0425\u0435\u043b\u0441\u0438\u043d\u0448\u043a\u0438 \u043a\u043e\u043c\u0438\u0442\u0435\u0442 \u0437\u0430 \u0447\u043e\u0432\u0435\u043a\u043e\u0432\u0438 \u043f\u0440\u0430\u0432\u0430\"},\"image\":{\"@id\":\"https:\\\/\\\/mhc.org.mk\\\/sq\\\/#\\\/schema\\\/logo\\\/image\\\/\"},\"sameAs\":[\"https:\\\/\\\/www.facebook.com\\\/MacedonianHelsinkiCommittee\\\/\",\"https:\\\/\\\/x.com\\\/Helsinshki\",\"https:\\\/\\\/www.linkedin.com\\\/company\\\/helsinki-committee-for-human-rights-of-the-republic-of-macedonia\\\/\",\"https:\\\/\\\/www.youtube.com\\\/user\\\/Helkom1994\"]}]}<\/script>\n<!-- \/ Yoast SEO plugin. -->","yoast_head_json":{"title":"Diskriminimin - Komitetit t\u00eb Helsinkit p\u00ebr t\u00eb Drejtat e Njeriut","robots":{"index":"index","follow":"follow","max-snippet":"max-snippet:-1","max-image-preview":"max-image-preview:large","max-video-preview":"max-video-preview:-1"},"canonical":"https:\/\/mhc.org.mk\/sq\/diskriminimin\/","og_locale":"sq_AL","og_type":"article","og_title":"Diskriminimin - Komitetit t\u00eb Helsinkit p\u00ebr t\u00eb Drejtat e Njeriut","og_description":"T\u00eb gjith\u00eb njer\u00ebzit jan\u00eb t\u00eb barabart\u00eb para kushtetut\u00ebs dhe ligjit dhe kan\u00eb t\u00eb drejt\u00eb n\u00eb trajtim dhe mbrojtje t\u00eb barabart\u00eb, pa diskriminim. Shteti duhet t\u00eb ofroj\u00eb mbrojtje efektive nga t\u00eb gjitha format e diskriminimit dhe akses t\u00eb barabart\u00eb n\u00eb drejt\u00ebsi p\u00ebr t\u00eb gjith\u00eb njer\u00ebzit. Q\u00ebllimi kryesor \u00ebsht\u00eb avancimi i legjislacionit n\u00eb drejtim t\u00eb implmentimit t\u00eb [...]Read More... from Diskriminimin","og_url":"https:\/\/mhc.org.mk\/sq\/diskriminimin\/","og_site_name":"Komitetit t\u00eb Helsinkit p\u00ebr t\u00eb Drejtat e Njeriut","article_publisher":"https:\/\/www.facebook.com\/MacedonianHelsinkiCommittee\/","article_modified_time":"2024-11-13T20:46:48+00:00","og_image":[{"width":640,"height":418,"url":"https:\/\/mhc.org.mk\/wp-content\/uploads\/2020\/02\/diskriminacija.jpg","type":"image\/jpeg"}],"twitter_card":"summary_large_image","twitter_site":"@Helsinshki","twitter_misc":{"Est. reading time":"1 minute"},"schema":{"@context":"https:\/\/schema.org","@graph":[{"@type":"WebPage","@id":"https:\/\/mhc.org.mk\/sq\/diskriminimin\/","url":"https:\/\/mhc.org.mk\/sq\/diskriminimin\/","name":"Diskriminimin - Komitetit t\u00eb Helsinkit p\u00ebr t\u00eb Drejtat e Njeriut","isPartOf":{"@id":"https:\/\/mhc.org.mk\/sq\/#website"},"primaryImageOfPage":{"@id":"https:\/\/mhc.org.mk\/sq\/diskriminimin\/#primaryimage"},"image":{"@id":"https:\/\/mhc.org.mk\/sq\/diskriminimin\/#primaryimage"},"thumbnailUrl":"https:\/\/mhc.org.mk\/wp-content\/uploads\/2020\/02\/diskriminacija.jpg","datePublished":"2020-02-12T22:24:26+00:00","dateModified":"2024-11-13T20:46:48+00:00","breadcrumb":{"@id":"https:\/\/mhc.org.mk\/sq\/diskriminimin\/#breadcrumb"},"inLanguage":"sq-AL","potentialAction":[{"@type":"ReadAction","target":["https:\/\/mhc.org.mk\/sq\/diskriminimin\/"]}]},{"@type":"ImageObject","inLanguage":"sq-AL","@id":"https:\/\/mhc.org.mk\/sq\/diskriminimin\/#primaryimage","url":"https:\/\/mhc.org.mk\/wp-content\/uploads\/2020\/02\/diskriminacija.jpg","contentUrl":"https:\/\/mhc.org.mk\/wp-content\/uploads\/2020\/02\/diskriminacija.jpg","width":640,"height":418},{"@type":"BreadcrumbList","@id":"https:\/\/mhc.org.mk\/sq\/diskriminimin\/#breadcrumb","itemListElement":[{"@type":"ListItem","position":1,"name":"Home","item":"https:\/\/mhc.org.mk\/sq\/"},{"@type":"ListItem","position":2,"name":"Diskriminimin"}]},{"@type":"WebSite","@id":"https:\/\/mhc.org.mk\/sq\/#website","url":"https:\/\/mhc.org.mk\/sq\/","name":"\u0425\u0435\u043b\u0441\u0438\u043d\u0448\u043a\u0438 \u043a\u043e\u043c\u0438\u0442\u0435\u0442 \u0437\u0430 \u0447\u043e\u0432\u0435\u043a\u043e\u0432\u0438 \u043f\u0440\u0430\u0432\u0430","description":"Vizioni i Komitetit t\u00eb Helsinkit p\u00ebr t\u00eb Drejtat e Njeriut \u00ebsht\u00eb shoq\u00ebri n\u00eb t\u00eb cil\u00ebn t\u00eb gjith\u00eb njer\u00ebzit i g\u00ebzojn\u00eb dhe praktikojn\u00eb t\u00eb drejtat dhe lirit\u00eb e tyre themelore dhe kan\u00eb mbrojtje n\u00eb rast t\u00eb shkeljes ose kufizimit t\u00eb tyre.","publisher":{"@id":"https:\/\/mhc.org.mk\/sq\/#organization"},"alternateName":"The Helsinki Committee for Human Rights","potentialAction":[{"@type":"SearchAction","target":{"@type":"EntryPoint","urlTemplate":"https:\/\/mhc.org.mk\/sq\/?s={search_term_string}"},"query-input":{"@type":"PropertyValueSpecification","valueRequired":true,"valueName":"search_term_string"}}],"inLanguage":"sq-AL"},{"@type":"Organization","@id":"https:\/\/mhc.org.mk\/sq\/#organization","name":"\u0425\u0435\u043b\u0441\u0438\u043d\u0448\u043a\u0438 \u043a\u043e\u043c\u0438\u0442\u0435\u0442 \u0437\u0430 \u0447\u043e\u0432\u0435\u043a\u043e\u0432\u0438 \u043f\u0440\u0430\u0432\u0430","alternateName":"The Helsinki Committee for Human Rights","url":"https:\/\/mhc.org.mk\/sq\/","logo":{"@type":"ImageObject","inLanguage":"sq-AL","@id":"https:\/\/mhc.org.mk\/sq\/#\/schema\/logo\/image\/","url":"https:\/\/mhc.org.mk\/wp-content\/uploads\/2024\/12\/mhc-mk-default.webp","contentUrl":"https:\/\/mhc.org.mk\/wp-content\/uploads\/2024\/12\/mhc-mk-default.webp","width":640,"height":418,"caption":"\u0425\u0435\u043b\u0441\u0438\u043d\u0448\u043a\u0438 \u043a\u043e\u043c\u0438\u0442\u0435\u0442 \u0437\u0430 \u0447\u043e\u0432\u0435\u043a\u043e\u0432\u0438 \u043f\u0440\u0430\u0432\u0430"},"image":{"@id":"https:\/\/mhc.org.mk\/sq\/#\/schema\/logo\/image\/"},"sameAs":["https:\/\/www.facebook.com\/MacedonianHelsinkiCommittee\/","https:\/\/x.com\/Helsinshki","https:\/\/www.linkedin.com\/company\/helsinki-committee-for-human-rights-of-the-republic-of-macedonia\/","https:\/\/www.youtube.com\/user\/Helkom1994"]}]}},"_links":{"self":[{"href":"https:\/\/mhc.org.mk\/sq\/wp-json\/wp\/v2\/pages\/7749","targetHints":{"allow":["GET"]}}],"collection":[{"href":"https:\/\/mhc.org.mk\/sq\/wp-json\/wp\/v2\/pages"}],"about":[{"href":"https:\/\/mhc.org.mk\/sq\/wp-json\/wp\/v2\/types\/page"}],"author":[{"embeddable":true,"href":"https:\/\/mhc.org.mk\/sq\/wp-json\/wp\/v2\/users\/1"}],"replies":[{"embeddable":true,"href":"https:\/\/mhc.org.mk\/sq\/wp-json\/wp\/v2\/comments?post=7749"}],"version-history":[{"count":0,"href":"https:\/\/mhc.org.mk\/sq\/wp-json\/wp\/v2\/pages\/7749\/revisions"}],"wp:featuredmedia":[{"embeddable":true,"href":"https:\/\/mhc.org.mk\/sq\/wp-json\/wp\/v2\/media\/7746"}],"wp:attachment":[{"href":"https:\/\/mhc.org.mk\/sq\/wp-json\/wp\/v2\/media?parent=7749"}],"curies":[{"name":"wp","href":"https:\/\/api.w.org\/{rel}","templated":true}]}}