{"id":7610,"date":"2020-01-17T22:46:05","date_gmt":"2020-01-17T22:46:05","guid":{"rendered":"https:\/\/mhc.org.mk\/kushtet-e-perdorimit\/"},"modified":"2024-11-13T21:13:54","modified_gmt":"2024-11-13T21:13:54","slug":"kushtet-e-perdorimit","status":"publish","type":"page","link":"https:\/\/mhc.org.mk\/sq\/kushtet-e-perdorimit\/","title":{"rendered":"Kushtet e p\u00ebrdorimit"},"content":{"rendered":"<p>Ju lutemi q\u00eb para p\u00ebrdorimit t\u00eb faqes s\u00eb internetit me kujdes t\u2019i lexoni Kushtet e p\u00ebrdorimit sepse aksesi ose p\u00ebrdorimi i cil\u00ebs do pjes\u00eb t\u00eb faqes, p\u00ebrmbajtjeve dhe sh\u00ebrbimeve, ju dakord\u00ebsoheni me k\u00ebto kushte dhe jeni t\u00eb obliguar q\u00eb t\u2019i respektoni.<\/p>\n<p><strong>Ndryshimi i kushteve t\u00eb p\u00ebrdorimit<\/strong><\/p>\n<p>Komiteti i Helsinkit p\u00ebr t\u00eb drejtat e njeriut e mban t\u00eb drejt\u00ebn p\u00ebr t\u2019i ndryshuar apo plot\u00ebsuar k\u00ebto kushte.<\/p>\n<p>\u00c7do ndryshim apo plot\u00ebsim i kushteve t\u00eb p\u00ebrdorimit zbatohet n\u00eb dit\u00ebn e shpalljes s\u00eb tyre.<\/p>\n<p><strong>Mbrojtja e t\u00eb drejtave t\u00eb autorit dhe <\/strong><strong>t\u00eb drejtave t\u00eb p\u00ebraf\u00ebrta<\/strong><\/p>\n<p>Me rastin e p\u00ebrdorimit t\u00eb portalit keni p\u00ebrgjegj\u00ebsi individuale p\u00ebr respektimin e t\u00eb drejtave t\u00eb autorit dhe t\u00eb drejtave t\u00eb p\u00ebraf\u00ebrta lidhur me k\u00ebto p\u00ebrmbajtje.<\/p>\n<p>Faqja e internetit, p\u00ebrmbajtjet e saj, si dhe zgjidhjet grafike dhe teknike jan\u00eb t\u00eb mbrojtura me t\u00eb drejtat e botuesit dhe t\u00eb autorit.<\/p>\n<p>P\u00ebrmbajtjet informative n\u00eb faqen e internetit, nd\u00ebr t\u00eb tjerat, jan\u00eb pjes\u00eb e baz\u00ebs s\u00eb t\u00eb dh\u00ebnave t\u00eb Komitetit t\u00eb Helsinkit p\u00ebr t\u00eb drejtat e njeriut. Baza e t\u00eb dh\u00ebnave \u00ebsht\u00eb n\u00eb pron\u00ebsi t\u00eb Komitetit t\u00eb Helsinkit p\u00ebr t\u00eb drejtat e njeriut dhe \u00ebsht\u00eb n\u00eb p\u00ebrputhje me Ligjin p\u00ebr mbrojtjen e t\u00eb drejtave t\u00eb autorit dhe t\u00eb drejtave t\u00eb p\u00ebraf\u00ebrta,<a href=\"#_ftn1\" name=\"_ftnref1\">[1]<\/a> legjislacionin e vendit dhe at\u00eb nd\u00ebrkomb\u00ebtar si dhe me standardet e parashikuara t\u00eb sfer\u00ebs konkrete dhe si e till\u00eb \u00ebsht\u00eb e mbrojtur si vep\u00ebr e pavarur autoriale.<\/p>\n<p><strong>Mbrojtja e privat\u00ebsis\u00eb dhe fsheht\u00ebsis\u00eb s\u00eb t\u00eb dh\u00ebnave<\/strong><\/p>\n<p>Komiteti i Helsinkit p\u00ebr t\u00eb drejtat e njeriut e respekton privat\u00ebsin\u00eb e vizitor\u00ebve t\u00eb tij. T\u00eb dh\u00ebnat e vizitor\u00ebve n\u00eb faqe nuk jan\u00eb t\u00eb disponueshme p\u00ebr pal\u00eb t\u00eb treta, p\u00ebrve\u00e7 n\u00eb rastet kur me ligj \u00ebsht\u00eb parashikuar ndryshe.<\/p>\n<p><strong>Shkarkimi i p\u00ebrmbajtjeve<\/strong><\/p>\n<p>N\u00eb rastet e publikimit t\u00eb tekstit t\u00eb plot\u00eb, thirrjes apo citimit t\u00eb ndonj\u00eb teksti t\u00eb caktuar, fotografis\u00eb, grafik\u00ebs ose p\u00ebrmbajtjeve t\u00eb tjera t\u00eb publikuara n\u00eb faqen ton\u00eb t\u00eb internetit, Ju njoftojm\u00eb se:<\/p>\n<ul>\n<li>domosdoshm\u00ebrisht duhet t\u00eb theksohet burimi;<\/li>\n<li>n\u00ebse media juaj \u00ebsht\u00eb n\u00eb form\u00eb elektronike, duhet q\u00eb t\u00eb siguroni link deri te materiali i Komitetit t\u00eb Helsinkit p\u00ebr t\u00eb drejtat e njeriut (nj\u00ebri opsion \u00ebsht\u00eb q\u00eb n\u00eb fund t\u00eb tekstit t\u00eb shkarkuar t\u00eb shkruhet: \u201eTeksti i plot\u00eb mund t\u00eb lexohet <u>k\u00ebtu<\/u> \u201c, kurse fjala \u201ek\u00ebtu\u201c duhet t\u00eb jet\u00eb me hiperlink dhe t\u00eb drejtoj\u00eb n\u00eb linkun e materialit t\u00eb publikuar t\u00eb Komitetit t\u00eb Helsinkit p\u00ebr t\u00eb drejtat e njeriut. (prej ku \u00ebsht\u00eb marr\u00eb teksti.)<\/li>\n<\/ul>\n<p><strong>Linke deri te faqe t\u00eb tjera t\u00eb internetit<\/strong><\/p>\n<p>Disa prej linkeve n\u00eb faqen e internetit t\u00eb Komitetit t\u00eb Helsinkit p\u00ebr t\u00eb drejtat e njeriut, \u00e7ojn\u00eb drejt faqeve t\u00eb internetit dhe sh\u00ebrbimeve t\u00eb burimeve t\u00eb tjera t\u00eb informacionit dhe informimit. Komiteti i Helsinkit p\u00ebr t\u00eb drejtat e njeriut n\u00eb asnj\u00eb m\u00ebnyr\u00eb nuk \u00ebsht\u00eb p\u00ebrgjegj\u00ebs p\u00ebr p\u00ebrmbajtjet e k\u00ebtyre faqeve t\u00eb internetit dhe sh\u00ebrbimeve.<\/p>\n<p>P\u00ebr \u00e7far\u00ebdo p\u00ebrdorimi ose riprodhimi t\u00eb p\u00ebrmbajtjeve t\u00eb transmetuara n\u00eb k\u00ebt\u00eb faqe t\u00eb internetit e t\u00eb cilat nuk jan\u00eb n\u00eb pron\u00ebsi autoriale t\u00eb Komitetit t\u00eb Helsinkit p\u00ebr t\u00eb drejtat e njeriut, Ju lutemi t\u2019i kontaktoni organizatat ose individ\u00ebt q\u00eb jan\u00eb bart\u00ebs t\u00eb drejtave autoriale p\u00ebr ato p\u00ebrmbajtje.<\/p>\n<p><strong>Komente n\u00eb rrjetet sociale<\/strong><\/p>\n<p>Komiteti i Helsinkit p\u00ebr t\u00eb drejtat e njeriut nuk mban asnj\u00eb p\u00ebrgjegj\u00ebsi p\u00ebr komentet dhe p\u00ebrmbajtjet e shp\u00ebrndara n\u00eb rrjetet sociale, sepse t\u00eb nj\u00ebjtat gjenerohen p\u00ebrmes platformave Facebook, Twitter dhe rrjeteve t\u00eb tjera sociale dhe p\u00ebr to vlejn\u00eb rregullat dhe kushtet e rrjetit social p\u00ebrkat\u00ebs.<\/p>\n<p><strong>Mohimi i p\u00ebrgjegj\u00ebsis\u00eb<\/strong><\/p>\n<p>P\u00ebrdoruesi e konfirmon dakord\u00ebsimin se Komiteti i Helsinkit p\u00ebr t\u00eb drejtat e njeriut nuk mbikyqyr\u00eb dhe as nuk ka obligim t\u00eb nd\u00ebrmerr \u00e7far\u00ebdo aktiviteti, madje edhe nuk mund t\u00eb konsiderohet si p\u00ebrgjegj\u00ebs n\u00eb raport me k\u00ebto faktor\u00eb:<\/p>\n<ul>\n<li>P\u00ebr faktin se cili p\u00ebrdorues i p\u00ebrdor sh\u00ebrbimet dhe p\u00ebrmbajtjet e portalit;<\/li>\n<li>P\u00ebr m\u00ebnyr\u00ebn se si p\u00ebrdoruesit i interpretojn\u00eb p\u00ebrmbajtjet dhe sh\u00ebrbimet e portalit;<\/li>\n<li>P\u00ebr aktivitetin e nd\u00ebrmarr\u00eb t\u00eb p\u00ebrdoruesit ose t\u00eb cilin do e nd\u00ebrmerrte n\u00ebn ndikimin e p\u00ebrmbajtjeve dhe sh\u00ebrbimeve t\u00eb disponueshme n\u00eb portal.<\/li>\n<\/ul>\n<p><strong>Shkelja (mosrespektimi) e kushteve<\/strong><\/p>\n<p>P\u00ebr shkeljen e k\u00ebtyre kushteve, Komiteti i Helsinkit p\u00ebr t\u00eb drejtat e njeriut do t\u00eb nd\u00ebrmerr veprime p\u00ebrkat\u00ebse ligjore ndaj autor\u00ebve t\u00eb shkeljes s\u00eb kushteve.<\/p>\n<p><a href=\"#_ftnref1\" name=\"_ftn1\">[1]<\/a> \u201eGazeta zyrtare e Republik\u00ebs s\u00eb Maqedonis\u00eb \u201c nr. 115\/10, 140\/10, 51\/11, 147\/13, 154\/15 dhe 27\/16.<\/p>\n","protected":false},"excerpt":{"rendered":"<p>Ju lutemi q\u00eb para p\u00ebrdorimit t\u00eb faqes s\u00eb internetit me kujdes t\u2019i lexoni Kushtet e p\u00ebrdorimit sepse aksesi ose p\u00ebrdorimi i cil\u00ebs do pjes\u00eb t\u00eb faqes, p\u00ebrmbajtjeve dhe sh\u00ebrbimeve, ju dakord\u00ebsoheni me k\u00ebto kushte dhe jeni t\u00eb obliguar q\u00eb t\u2019i respektoni. Ndryshimi i kushteve t\u00eb p\u00ebrdorimit Komiteti i Helsinkit p\u00ebr t\u00eb drejtat e njeriut e [&#8230;]<\/p>\n<p><a class=\"btn btn-secondary understrap-read-more-link\" href=\"https:\/\/mhc.org.mk\/sq\/kushtet-e-perdorimit\/\">Read More&#8230;<span class=\"screen-reader-text\"> from Kushtet e p\u00ebrdorimit<\/span><\/a><\/p>\n","protected":false},"author":1,"featured_media":0,"parent":0,"menu_order":0,"comment_status":"closed","ping_status":"closed","template":"","meta":{"_acf_changed":false,"footnotes":""},"class_list":["post-7610","page","type-page","status-publish","hentry"],"acf":[],"yoast_head":"<!-- This site is optimized with the Yoast SEO plugin v27.3 - https:\/\/yoast.com\/product\/yoast-seo-wordpress\/ -->\n<title>Kushtet e p\u00ebrdorimit - Komitetit t\u00eb Helsinkit p\u00ebr t\u00eb Drejtat e Njeriut<\/title>\n<meta name=\"robots\" content=\"index, follow, max-snippet:-1, max-image-preview:large, max-video-preview:-1\" \/>\n<link rel=\"canonical\" href=\"https:\/\/mhc.org.mk\/sq\/kushtet-e-perdorimit\/\" \/>\n<meta property=\"og:locale\" content=\"sq_AL\" \/>\n<meta property=\"og:type\" content=\"article\" \/>\n<meta property=\"og:title\" content=\"Kushtet e p\u00ebrdorimit - Komitetit t\u00eb Helsinkit p\u00ebr t\u00eb Drejtat e Njeriut\" \/>\n<meta property=\"og:description\" content=\"Ju lutemi q\u00eb para p\u00ebrdorimit t\u00eb faqes s\u00eb internetit me kujdes t\u2019i lexoni Kushtet e p\u00ebrdorimit sepse aksesi ose p\u00ebrdorimi i cil\u00ebs do pjes\u00eb t\u00eb faqes, p\u00ebrmbajtjeve dhe sh\u00ebrbimeve, ju dakord\u00ebsoheni me k\u00ebto kushte dhe jeni t\u00eb obliguar q\u00eb t\u2019i respektoni. Ndryshimi i kushteve t\u00eb p\u00ebrdorimit Komiteti i Helsinkit p\u00ebr t\u00eb drejtat e njeriut e [...]Read More... from Kushtet e p\u00ebrdorimit\" \/>\n<meta property=\"og:url\" content=\"https:\/\/mhc.org.mk\/sq\/kushtet-e-perdorimit\/\" \/>\n<meta property=\"og:site_name\" content=\"Komitetit t\u00eb Helsinkit p\u00ebr t\u00eb Drejtat e Njeriut\" \/>\n<meta property=\"article:publisher\" content=\"https:\/\/www.facebook.com\/MacedonianHelsinkiCommittee\/\" \/>\n<meta property=\"article:modified_time\" content=\"2024-11-13T21:13:54+00:00\" \/>\n<meta property=\"og:image\" content=\"https:\/\/mhc.org.mk\/wp-content\/uploads\/2024\/12\/mhc-mk-default.webp\" \/>\n\t<meta property=\"og:image:width\" content=\"640\" \/>\n\t<meta property=\"og:image:height\" content=\"418\" \/>\n\t<meta property=\"og:image:type\" content=\"image\/webp\" \/>\n<meta name=\"twitter:card\" content=\"summary_large_image\" \/>\n<meta name=\"twitter:site\" content=\"@Helsinshki\" \/>\n<meta name=\"twitter:label1\" content=\"Est. reading time\" \/>\n\t<meta name=\"twitter:data1\" content=\"4 minutes\" \/>\n<script type=\"application\/ld+json\" class=\"yoast-schema-graph\">{\"@context\":\"https:\\\/\\\/schema.org\",\"@graph\":[{\"@type\":\"WebPage\",\"@id\":\"https:\\\/\\\/mhc.org.mk\\\/sq\\\/kushtet-e-perdorimit\\\/\",\"url\":\"https:\\\/\\\/mhc.org.mk\\\/sq\\\/kushtet-e-perdorimit\\\/\",\"name\":\"Kushtet e p\u00ebrdorimit - Komitetit t\u00eb Helsinkit p\u00ebr t\u00eb Drejtat e Njeriut\",\"isPartOf\":{\"@id\":\"https:\\\/\\\/mhc.org.mk\\\/sq\\\/#website\"},\"datePublished\":\"2020-01-17T22:46:05+00:00\",\"dateModified\":\"2024-11-13T21:13:54+00:00\",\"breadcrumb\":{\"@id\":\"https:\\\/\\\/mhc.org.mk\\\/sq\\\/kushtet-e-perdorimit\\\/#breadcrumb\"},\"inLanguage\":\"sq-AL\",\"potentialAction\":[{\"@type\":\"ReadAction\",\"target\":[\"https:\\\/\\\/mhc.org.mk\\\/sq\\\/kushtet-e-perdorimit\\\/\"]}]},{\"@type\":\"BreadcrumbList\",\"@id\":\"https:\\\/\\\/mhc.org.mk\\\/sq\\\/kushtet-e-perdorimit\\\/#breadcrumb\",\"itemListElement\":[{\"@type\":\"ListItem\",\"position\":1,\"name\":\"Home\",\"item\":\"https:\\\/\\\/mhc.org.mk\\\/sq\\\/\"},{\"@type\":\"ListItem\",\"position\":2,\"name\":\"Kushtet e p\u00ebrdorimit\"}]},{\"@type\":\"WebSite\",\"@id\":\"https:\\\/\\\/mhc.org.mk\\\/sq\\\/#website\",\"url\":\"https:\\\/\\\/mhc.org.mk\\\/sq\\\/\",\"name\":\"\u0425\u0435\u043b\u0441\u0438\u043d\u0448\u043a\u0438 \u043a\u043e\u043c\u0438\u0442\u0435\u0442 \u0437\u0430 \u0447\u043e\u0432\u0435\u043a\u043e\u0432\u0438 \u043f\u0440\u0430\u0432\u0430\",\"description\":\"Vizioni i Komitetit t\u00eb Helsinkit p\u00ebr t\u00eb Drejtat e Njeriut \u00ebsht\u00eb shoq\u00ebri n\u00eb t\u00eb cil\u00ebn t\u00eb gjith\u00eb njer\u00ebzit i g\u00ebzojn\u00eb dhe praktikojn\u00eb t\u00eb drejtat dhe lirit\u00eb e tyre themelore dhe kan\u00eb mbrojtje n\u00eb rast t\u00eb shkeljes ose kufizimit t\u00eb tyre.\",\"publisher\":{\"@id\":\"https:\\\/\\\/mhc.org.mk\\\/sq\\\/#organization\"},\"alternateName\":\"The Helsinki Committee for Human Rights\",\"potentialAction\":[{\"@type\":\"SearchAction\",\"target\":{\"@type\":\"EntryPoint\",\"urlTemplate\":\"https:\\\/\\\/mhc.org.mk\\\/sq\\\/?s={search_term_string}\"},\"query-input\":{\"@type\":\"PropertyValueSpecification\",\"valueRequired\":true,\"valueName\":\"search_term_string\"}}],\"inLanguage\":\"sq-AL\"},{\"@type\":\"Organization\",\"@id\":\"https:\\\/\\\/mhc.org.mk\\\/sq\\\/#organization\",\"name\":\"\u0425\u0435\u043b\u0441\u0438\u043d\u0448\u043a\u0438 \u043a\u043e\u043c\u0438\u0442\u0435\u0442 \u0437\u0430 \u0447\u043e\u0432\u0435\u043a\u043e\u0432\u0438 \u043f\u0440\u0430\u0432\u0430\",\"alternateName\":\"The Helsinki Committee for Human Rights\",\"url\":\"https:\\\/\\\/mhc.org.mk\\\/sq\\\/\",\"logo\":{\"@type\":\"ImageObject\",\"inLanguage\":\"sq-AL\",\"@id\":\"https:\\\/\\\/mhc.org.mk\\\/sq\\\/#\\\/schema\\\/logo\\\/image\\\/\",\"url\":\"https:\\\/\\\/mhc.org.mk\\\/wp-content\\\/uploads\\\/2024\\\/12\\\/mhc-mk-default.webp\",\"contentUrl\":\"https:\\\/\\\/mhc.org.mk\\\/wp-content\\\/uploads\\\/2024\\\/12\\\/mhc-mk-default.webp\",\"width\":640,\"height\":418,\"caption\":\"\u0425\u0435\u043b\u0441\u0438\u043d\u0448\u043a\u0438 \u043a\u043e\u043c\u0438\u0442\u0435\u0442 \u0437\u0430 \u0447\u043e\u0432\u0435\u043a\u043e\u0432\u0438 \u043f\u0440\u0430\u0432\u0430\"},\"image\":{\"@id\":\"https:\\\/\\\/mhc.org.mk\\\/sq\\\/#\\\/schema\\\/logo\\\/image\\\/\"},\"sameAs\":[\"https:\\\/\\\/www.facebook.com\\\/MacedonianHelsinkiCommittee\\\/\",\"https:\\\/\\\/x.com\\\/Helsinshki\",\"https:\\\/\\\/www.linkedin.com\\\/company\\\/helsinki-committee-for-human-rights-of-the-republic-of-macedonia\\\/\",\"https:\\\/\\\/www.youtube.com\\\/user\\\/Helkom1994\"]}]}<\/script>\n<!-- \/ Yoast SEO plugin. -->","yoast_head_json":{"title":"Kushtet e p\u00ebrdorimit - Komitetit t\u00eb Helsinkit p\u00ebr t\u00eb Drejtat e Njeriut","robots":{"index":"index","follow":"follow","max-snippet":"max-snippet:-1","max-image-preview":"max-image-preview:large","max-video-preview":"max-video-preview:-1"},"canonical":"https:\/\/mhc.org.mk\/sq\/kushtet-e-perdorimit\/","og_locale":"sq_AL","og_type":"article","og_title":"Kushtet e p\u00ebrdorimit - Komitetit t\u00eb Helsinkit p\u00ebr t\u00eb Drejtat e Njeriut","og_description":"Ju lutemi q\u00eb para p\u00ebrdorimit t\u00eb faqes s\u00eb internetit me kujdes t\u2019i lexoni Kushtet e p\u00ebrdorimit sepse aksesi ose p\u00ebrdorimi i cil\u00ebs do pjes\u00eb t\u00eb faqes, p\u00ebrmbajtjeve dhe sh\u00ebrbimeve, ju dakord\u00ebsoheni me k\u00ebto kushte dhe jeni t\u00eb obliguar q\u00eb t\u2019i respektoni. Ndryshimi i kushteve t\u00eb p\u00ebrdorimit Komiteti i Helsinkit p\u00ebr t\u00eb drejtat e njeriut e [...]Read More... from Kushtet e p\u00ebrdorimit","og_url":"https:\/\/mhc.org.mk\/sq\/kushtet-e-perdorimit\/","og_site_name":"Komitetit t\u00eb Helsinkit p\u00ebr t\u00eb Drejtat e Njeriut","article_publisher":"https:\/\/www.facebook.com\/MacedonianHelsinkiCommittee\/","article_modified_time":"2024-11-13T21:13:54+00:00","og_image":[{"width":640,"height":418,"url":"https:\/\/mhc.org.mk\/wp-content\/uploads\/2024\/12\/mhc-mk-default.webp","type":"image\/webp"}],"twitter_card":"summary_large_image","twitter_site":"@Helsinshki","twitter_misc":{"Est. reading time":"4 minutes"},"schema":{"@context":"https:\/\/schema.org","@graph":[{"@type":"WebPage","@id":"https:\/\/mhc.org.mk\/sq\/kushtet-e-perdorimit\/","url":"https:\/\/mhc.org.mk\/sq\/kushtet-e-perdorimit\/","name":"Kushtet e p\u00ebrdorimit - Komitetit t\u00eb Helsinkit p\u00ebr t\u00eb Drejtat e Njeriut","isPartOf":{"@id":"https:\/\/mhc.org.mk\/sq\/#website"},"datePublished":"2020-01-17T22:46:05+00:00","dateModified":"2024-11-13T21:13:54+00:00","breadcrumb":{"@id":"https:\/\/mhc.org.mk\/sq\/kushtet-e-perdorimit\/#breadcrumb"},"inLanguage":"sq-AL","potentialAction":[{"@type":"ReadAction","target":["https:\/\/mhc.org.mk\/sq\/kushtet-e-perdorimit\/"]}]},{"@type":"BreadcrumbList","@id":"https:\/\/mhc.org.mk\/sq\/kushtet-e-perdorimit\/#breadcrumb","itemListElement":[{"@type":"ListItem","position":1,"name":"Home","item":"https:\/\/mhc.org.mk\/sq\/"},{"@type":"ListItem","position":2,"name":"Kushtet e p\u00ebrdorimit"}]},{"@type":"WebSite","@id":"https:\/\/mhc.org.mk\/sq\/#website","url":"https:\/\/mhc.org.mk\/sq\/","name":"\u0425\u0435\u043b\u0441\u0438\u043d\u0448\u043a\u0438 \u043a\u043e\u043c\u0438\u0442\u0435\u0442 \u0437\u0430 \u0447\u043e\u0432\u0435\u043a\u043e\u0432\u0438 \u043f\u0440\u0430\u0432\u0430","description":"Vizioni i Komitetit t\u00eb Helsinkit p\u00ebr t\u00eb Drejtat e Njeriut \u00ebsht\u00eb shoq\u00ebri n\u00eb t\u00eb cil\u00ebn t\u00eb gjith\u00eb njer\u00ebzit i g\u00ebzojn\u00eb dhe praktikojn\u00eb t\u00eb drejtat dhe lirit\u00eb e tyre themelore dhe kan\u00eb mbrojtje n\u00eb rast t\u00eb shkeljes ose kufizimit t\u00eb tyre.","publisher":{"@id":"https:\/\/mhc.org.mk\/sq\/#organization"},"alternateName":"The Helsinki Committee for Human Rights","potentialAction":[{"@type":"SearchAction","target":{"@type":"EntryPoint","urlTemplate":"https:\/\/mhc.org.mk\/sq\/?s={search_term_string}"},"query-input":{"@type":"PropertyValueSpecification","valueRequired":true,"valueName":"search_term_string"}}],"inLanguage":"sq-AL"},{"@type":"Organization","@id":"https:\/\/mhc.org.mk\/sq\/#organization","name":"\u0425\u0435\u043b\u0441\u0438\u043d\u0448\u043a\u0438 \u043a\u043e\u043c\u0438\u0442\u0435\u0442 \u0437\u0430 \u0447\u043e\u0432\u0435\u043a\u043e\u0432\u0438 \u043f\u0440\u0430\u0432\u0430","alternateName":"The Helsinki Committee for Human Rights","url":"https:\/\/mhc.org.mk\/sq\/","logo":{"@type":"ImageObject","inLanguage":"sq-AL","@id":"https:\/\/mhc.org.mk\/sq\/#\/schema\/logo\/image\/","url":"https:\/\/mhc.org.mk\/wp-content\/uploads\/2024\/12\/mhc-mk-default.webp","contentUrl":"https:\/\/mhc.org.mk\/wp-content\/uploads\/2024\/12\/mhc-mk-default.webp","width":640,"height":418,"caption":"\u0425\u0435\u043b\u0441\u0438\u043d\u0448\u043a\u0438 \u043a\u043e\u043c\u0438\u0442\u0435\u0442 \u0437\u0430 \u0447\u043e\u0432\u0435\u043a\u043e\u0432\u0438 \u043f\u0440\u0430\u0432\u0430"},"image":{"@id":"https:\/\/mhc.org.mk\/sq\/#\/schema\/logo\/image\/"},"sameAs":["https:\/\/www.facebook.com\/MacedonianHelsinkiCommittee\/","https:\/\/x.com\/Helsinshki","https:\/\/www.linkedin.com\/company\/helsinki-committee-for-human-rights-of-the-republic-of-macedonia\/","https:\/\/www.youtube.com\/user\/Helkom1994"]}]}},"_links":{"self":[{"href":"https:\/\/mhc.org.mk\/sq\/wp-json\/wp\/v2\/pages\/7610","targetHints":{"allow":["GET"]}}],"collection":[{"href":"https:\/\/mhc.org.mk\/sq\/wp-json\/wp\/v2\/pages"}],"about":[{"href":"https:\/\/mhc.org.mk\/sq\/wp-json\/wp\/v2\/types\/page"}],"author":[{"embeddable":true,"href":"https:\/\/mhc.org.mk\/sq\/wp-json\/wp\/v2\/users\/1"}],"replies":[{"embeddable":true,"href":"https:\/\/mhc.org.mk\/sq\/wp-json\/wp\/v2\/comments?post=7610"}],"version-history":[{"count":0,"href":"https:\/\/mhc.org.mk\/sq\/wp-json\/wp\/v2\/pages\/7610\/revisions"}],"wp:attachment":[{"href":"https:\/\/mhc.org.mk\/sq\/wp-json\/wp\/v2\/media?parent=7610"}],"curies":[{"name":"wp","href":"https:\/\/api.w.org\/{rel}","templated":true}]}}