{"id":2878,"date":"2019-06-30T09:54:25","date_gmt":"2019-06-30T09:54:25","guid":{"rendered":"https:\/\/new.mhc.org.mk\/rrjete-qe-marrim-pjese\/"},"modified":"2024-11-13T21:13:05","modified_gmt":"2024-11-13T21:13:05","slug":"rrjete-qe-marrim-pjese","status":"publish","type":"page","link":"https:\/\/mhc.org.mk\/sq\/rrjete-qe-marrim-pjese\/","title":{"rendered":"Rrjete q\u00eb marrim pjes\u00eb"},"content":{"rendered":"<h2>Pjes\u00ebmarrja n\u00eb rrjete formale<\/h2>\n<ul>\n<li>Rrjeti p\u00ebr Mbrojtje nga Diskriminimi<\/li>\n<li>Rrjeti Komb\u00ebtar kund\u00ebr Dhun\u00ebs ndaj Grave dhe Dhun\u00ebs n\u00eb Familje<\/li>\n<li>Platforma p\u00ebr Barazi Gjinore<\/li>\n<li>Rrjeti Komb\u00ebtar kund\u00ebr Homofobis\u00eb dhe Transfobis\u00eb<\/li>\n<li>Rrjeti p\u00ebr Mbrojtjen e t\u00eb Drejtave t\u00eb Rom\u00ebve<\/li>\n<li>Platforma Maqedonase kund\u00ebr Varf\u00ebris\u00eb<\/li>\n<li>ERA -LGBTI Shoq\u00ebria p\u00ebr t\u00eb Drejtat e Barabarta e Ballkanit Per\u00ebndimor dhe Turqis\u00eb<\/li>\n<li>PRIZNET \u2013 an\u00ebtare e re e Rrjetit Nd\u00ebrkomb\u00ebtar q\u00eb vepron n\u00eb fush\u00ebn e institucioneve t\u00eb mbyllura (an\u00ebtare jan\u00eb Italia dhe vendet e rajonit)<\/li>\n<li>Civil Solidarity Platform<\/li>\n<li>Balkan Regional Rule of Law Network (Established by the American Bar Association)<\/li>\n<li>\u00a0UNITED for intercultural action (UNITED against racism)<\/li>\n<li>BABELNOR<\/li>\n<li>Regional Network Against Homophobia<\/li>\n<li>ILGA Europe<\/li>\n<li>WOMEN AGAINST VIOLENCE EUROPE \u2013 WAVE<\/li>\n<\/ul>\n<h2>Rrjetet joformale<\/h2>\n<ul>\n<li>Rrjeti Joformal p\u00ebr t\u00eb Drejt\u00ebn e Abortusit n\u00eb bashk\u00ebpunim me H.E.R.A.<\/li>\n<li>Rrjeti \u00a0\u2013 Fronti i Liris\u00eb s\u00eb Shprehjes \u2013 Fronti i Liris\u00eb s\u00eb Shprehjes \u00ebsht\u00eb nj\u00eb platform\u00eb e gjer\u00eb, e p\u00ebrb\u00ebr\u00eb nga individ\u00eb, organizata, institucione dhe grupe joformale, t\u00eb cilat funksionojn\u00eb si nj\u00eb rrjet joformal me nj\u00eb objektiv t\u00eb p\u00ebrbashk\u00ebt \u2013 ruajtja dhe avancimi i s\u00eb drejt\u00ebs themelore t\u00eb njeriut \u2013 lirin\u00eb e shprehjes, parimisht n\u00eb Republik\u00ebn e Maqedonis\u00eb s\u00eb Veriut, por edhe anemban\u00eb bot\u00ebs.<\/li>\n<li>Platforma kund\u00ebr Gjuh\u00ebs s\u00eb Urrejtjes, e cila u themelua gjat\u00eb vitit 2015, me iniciativ\u00ebn e Komitetit t\u00eb Helsinkit si pjes\u00eb e projektit Luftimi i Gjuh\u00ebs s\u00eb Urrejtjes, i mb\u00ebshtetur nga NED (National Endowment for Democracy). N\u00eb Platform\u00eb marrin pjes\u00eb 5 organizata, respektivisht, Fondacioni Metamorphosis, Instituti Maqedonas i Mediumeve (IMM), Forumi Arsimor Rinor (FAR), Paktic Prilep \u2013 Qendra e Strategjive dhe Zhvillimit dhe Civil MK. Organizatat mbajn\u00eb takime t\u00eb rregullta, reagime me komunikata publike mbi gjuh\u00ebn e urrejtjes, si dhe marrin pjes\u00eb n\u00eb evente t\u00eb nd\u00ebrsjella dhe t\u00eb p\u00ebrbashk\u00ebta.<\/li>\n<li>\u201cP\u00cbR DREJT\u00cbSI\u201c (FOR JUSTICE) \u2013 aksion i p\u00ebrbashk\u00ebt p\u00ebr ndjekjen e reformave gjyq\u00ebsore dhe avokimin p\u00ebr zbatimin e tyre.<\/li>\n<li>Rrjeti joformal AKSESI N\u00cb DREJT\u00cbSI n\u00eb Republik\u00ebn e Maqedonis\u00eb s\u00eb Veriut, i p\u00ebrb\u00ebr\u00eb nga 5 shoqata t\u00eb autorizuara p\u00ebr dh\u00ebnien e ndihm\u00ebs juridike falas dhe FSHHM.<\/li>\n<li>Rrjeti joformal FUQIZOHU JURIDIKISHT.<\/li>\n<li>Monitorimi I Efikasitetit, Efektshm\u00ebris\u00eb, Transparences dhe P\u00ebrgjegj\u00ebsis\u00eb s\u00eb Organeve Rregullatore p\u00ebr Mediumet \u2013 PROformance Watch II<\/li>\n<\/ul>\n","protected":false},"excerpt":{"rendered":"<p>Pjes\u00ebmarrja n\u00eb rrjete formale Rrjeti p\u00ebr Mbrojtje nga Diskriminimi Rrjeti Komb\u00ebtar kund\u00ebr Dhun\u00ebs ndaj Grave dhe Dhun\u00ebs n\u00eb Familje Platforma p\u00ebr Barazi Gjinore Rrjeti Komb\u00ebtar kund\u00ebr Homofobis\u00eb dhe Transfobis\u00eb Rrjeti p\u00ebr Mbrojtjen e t\u00eb Drejtave t\u00eb Rom\u00ebve Platforma Maqedonase kund\u00ebr Varf\u00ebris\u00eb ERA -LGBTI Shoq\u00ebria p\u00ebr t\u00eb Drejtat e Barabarta e Ballkanit Per\u00ebndimor dhe Turqis\u00eb PRIZNET [&#8230;]<\/p>\n<p><a class=\"btn btn-secondary understrap-read-more-link\" href=\"https:\/\/mhc.org.mk\/sq\/rrjete-qe-marrim-pjese\/\">Read More&#8230;<span class=\"screen-reader-text\"> from Rrjete q\u00eb marrim pjes\u00eb<\/span><\/a><\/p>\n","protected":false},"author":1,"featured_media":0,"parent":0,"menu_order":0,"comment_status":"closed","ping_status":"closed","template":"","meta":{"_acf_changed":false,"footnotes":""},"class_list":["post-2878","page","type-page","status-publish","hentry"],"acf":[],"yoast_head":"<!-- This site is optimized with the Yoast SEO plugin v27.3 - https:\/\/yoast.com\/product\/yoast-seo-wordpress\/ -->\n<title>Rrjete q\u00eb marrim pjes\u00eb - Komitetit t\u00eb Helsinkit p\u00ebr t\u00eb Drejtat e Njeriut<\/title>\n<meta name=\"robots\" content=\"index, follow, max-snippet:-1, max-image-preview:large, max-video-preview:-1\" \/>\n<link rel=\"canonical\" href=\"https:\/\/mhc.org.mk\/sq\/rrjete-qe-marrim-pjese\/\" \/>\n<meta property=\"og:locale\" content=\"sq_AL\" \/>\n<meta property=\"og:type\" content=\"article\" \/>\n<meta property=\"og:title\" content=\"Rrjete q\u00eb marrim pjes\u00eb - Komitetit t\u00eb Helsinkit p\u00ebr t\u00eb Drejtat e Njeriut\" \/>\n<meta property=\"og:description\" content=\"Pjes\u00ebmarrja n\u00eb rrjete formale Rrjeti p\u00ebr Mbrojtje nga Diskriminimi Rrjeti Komb\u00ebtar kund\u00ebr Dhun\u00ebs ndaj Grave dhe Dhun\u00ebs n\u00eb Familje Platforma p\u00ebr Barazi Gjinore Rrjeti Komb\u00ebtar kund\u00ebr Homofobis\u00eb dhe Transfobis\u00eb Rrjeti p\u00ebr Mbrojtjen e t\u00eb Drejtave t\u00eb Rom\u00ebve Platforma Maqedonase kund\u00ebr Varf\u00ebris\u00eb ERA -LGBTI Shoq\u00ebria p\u00ebr t\u00eb Drejtat e Barabarta e Ballkanit Per\u00ebndimor dhe Turqis\u00eb PRIZNET [...]Read More... from Rrjete q\u00eb marrim pjes\u00eb\" \/>\n<meta property=\"og:url\" content=\"https:\/\/mhc.org.mk\/sq\/rrjete-qe-marrim-pjese\/\" \/>\n<meta property=\"og:site_name\" content=\"Komitetit t\u00eb Helsinkit p\u00ebr t\u00eb Drejtat e Njeriut\" \/>\n<meta property=\"article:publisher\" content=\"https:\/\/www.facebook.com\/MacedonianHelsinkiCommittee\/\" \/>\n<meta property=\"article:modified_time\" content=\"2024-11-13T21:13:05+00:00\" \/>\n<meta property=\"og:image\" content=\"https:\/\/mhc.org.mk\/wp-content\/uploads\/2024\/12\/mhc-mk-default.webp\" \/>\n\t<meta property=\"og:image:width\" content=\"640\" \/>\n\t<meta property=\"og:image:height\" content=\"418\" \/>\n\t<meta property=\"og:image:type\" content=\"image\/webp\" \/>\n<meta name=\"twitter:card\" content=\"summary_large_image\" \/>\n<meta name=\"twitter:site\" content=\"@Helsinshki\" \/>\n<meta name=\"twitter:label1\" content=\"Est. reading time\" \/>\n\t<meta name=\"twitter:data1\" content=\"2 minutes\" \/>\n<script type=\"application\/ld+json\" class=\"yoast-schema-graph\">{\"@context\":\"https:\\\/\\\/schema.org\",\"@graph\":[{\"@type\":\"WebPage\",\"@id\":\"https:\\\/\\\/mhc.org.mk\\\/sq\\\/rrjete-qe-marrim-pjese\\\/\",\"url\":\"https:\\\/\\\/mhc.org.mk\\\/sq\\\/rrjete-qe-marrim-pjese\\\/\",\"name\":\"Rrjete q\u00eb marrim pjes\u00eb - Komitetit t\u00eb Helsinkit p\u00ebr t\u00eb Drejtat e Njeriut\",\"isPartOf\":{\"@id\":\"https:\\\/\\\/mhc.org.mk\\\/sq\\\/#website\"},\"datePublished\":\"2019-06-30T09:54:25+00:00\",\"dateModified\":\"2024-11-13T21:13:05+00:00\",\"breadcrumb\":{\"@id\":\"https:\\\/\\\/mhc.org.mk\\\/sq\\\/rrjete-qe-marrim-pjese\\\/#breadcrumb\"},\"inLanguage\":\"sq-AL\",\"potentialAction\":[{\"@type\":\"ReadAction\",\"target\":[\"https:\\\/\\\/mhc.org.mk\\\/sq\\\/rrjete-qe-marrim-pjese\\\/\"]}]},{\"@type\":\"BreadcrumbList\",\"@id\":\"https:\\\/\\\/mhc.org.mk\\\/sq\\\/rrjete-qe-marrim-pjese\\\/#breadcrumb\",\"itemListElement\":[{\"@type\":\"ListItem\",\"position\":1,\"name\":\"Home\",\"item\":\"https:\\\/\\\/mhc.org.mk\\\/sq\\\/\"},{\"@type\":\"ListItem\",\"position\":2,\"name\":\"Rrjete q\u00eb marrim pjes\u00eb\"}]},{\"@type\":\"WebSite\",\"@id\":\"https:\\\/\\\/mhc.org.mk\\\/sq\\\/#website\",\"url\":\"https:\\\/\\\/mhc.org.mk\\\/sq\\\/\",\"name\":\"\u0425\u0435\u043b\u0441\u0438\u043d\u0448\u043a\u0438 \u043a\u043e\u043c\u0438\u0442\u0435\u0442 \u0437\u0430 \u0447\u043e\u0432\u0435\u043a\u043e\u0432\u0438 \u043f\u0440\u0430\u0432\u0430\",\"description\":\"Vizioni i Komitetit t\u00eb Helsinkit p\u00ebr t\u00eb Drejtat e Njeriut \u00ebsht\u00eb shoq\u00ebri n\u00eb t\u00eb cil\u00ebn t\u00eb gjith\u00eb njer\u00ebzit i g\u00ebzojn\u00eb dhe praktikojn\u00eb t\u00eb drejtat dhe lirit\u00eb e tyre themelore dhe kan\u00eb mbrojtje n\u00eb rast t\u00eb shkeljes ose kufizimit t\u00eb tyre.\",\"publisher\":{\"@id\":\"https:\\\/\\\/mhc.org.mk\\\/sq\\\/#organization\"},\"alternateName\":\"The Helsinki Committee for Human Rights\",\"potentialAction\":[{\"@type\":\"SearchAction\",\"target\":{\"@type\":\"EntryPoint\",\"urlTemplate\":\"https:\\\/\\\/mhc.org.mk\\\/sq\\\/?s={search_term_string}\"},\"query-input\":{\"@type\":\"PropertyValueSpecification\",\"valueRequired\":true,\"valueName\":\"search_term_string\"}}],\"inLanguage\":\"sq-AL\"},{\"@type\":\"Organization\",\"@id\":\"https:\\\/\\\/mhc.org.mk\\\/sq\\\/#organization\",\"name\":\"\u0425\u0435\u043b\u0441\u0438\u043d\u0448\u043a\u0438 \u043a\u043e\u043c\u0438\u0442\u0435\u0442 \u0437\u0430 \u0447\u043e\u0432\u0435\u043a\u043e\u0432\u0438 \u043f\u0440\u0430\u0432\u0430\",\"alternateName\":\"The Helsinki Committee for Human Rights\",\"url\":\"https:\\\/\\\/mhc.org.mk\\\/sq\\\/\",\"logo\":{\"@type\":\"ImageObject\",\"inLanguage\":\"sq-AL\",\"@id\":\"https:\\\/\\\/mhc.org.mk\\\/sq\\\/#\\\/schema\\\/logo\\\/image\\\/\",\"url\":\"https:\\\/\\\/mhc.org.mk\\\/wp-content\\\/uploads\\\/2024\\\/12\\\/mhc-mk-default.webp\",\"contentUrl\":\"https:\\\/\\\/mhc.org.mk\\\/wp-content\\\/uploads\\\/2024\\\/12\\\/mhc-mk-default.webp\",\"width\":640,\"height\":418,\"caption\":\"\u0425\u0435\u043b\u0441\u0438\u043d\u0448\u043a\u0438 \u043a\u043e\u043c\u0438\u0442\u0435\u0442 \u0437\u0430 \u0447\u043e\u0432\u0435\u043a\u043e\u0432\u0438 \u043f\u0440\u0430\u0432\u0430\"},\"image\":{\"@id\":\"https:\\\/\\\/mhc.org.mk\\\/sq\\\/#\\\/schema\\\/logo\\\/image\\\/\"},\"sameAs\":[\"https:\\\/\\\/www.facebook.com\\\/MacedonianHelsinkiCommittee\\\/\",\"https:\\\/\\\/x.com\\\/Helsinshki\",\"https:\\\/\\\/www.linkedin.com\\\/company\\\/helsinki-committee-for-human-rights-of-the-republic-of-macedonia\\\/\",\"https:\\\/\\\/www.youtube.com\\\/user\\\/Helkom1994\"]}]}<\/script>\n<!-- \/ Yoast SEO plugin. -->","yoast_head_json":{"title":"Rrjete q\u00eb marrim pjes\u00eb - Komitetit t\u00eb Helsinkit p\u00ebr t\u00eb Drejtat e Njeriut","robots":{"index":"index","follow":"follow","max-snippet":"max-snippet:-1","max-image-preview":"max-image-preview:large","max-video-preview":"max-video-preview:-1"},"canonical":"https:\/\/mhc.org.mk\/sq\/rrjete-qe-marrim-pjese\/","og_locale":"sq_AL","og_type":"article","og_title":"Rrjete q\u00eb marrim pjes\u00eb - Komitetit t\u00eb Helsinkit p\u00ebr t\u00eb Drejtat e Njeriut","og_description":"Pjes\u00ebmarrja n\u00eb rrjete formale Rrjeti p\u00ebr Mbrojtje nga Diskriminimi Rrjeti Komb\u00ebtar kund\u00ebr Dhun\u00ebs ndaj Grave dhe Dhun\u00ebs n\u00eb Familje Platforma p\u00ebr Barazi Gjinore Rrjeti Komb\u00ebtar kund\u00ebr Homofobis\u00eb dhe Transfobis\u00eb Rrjeti p\u00ebr Mbrojtjen e t\u00eb Drejtave t\u00eb Rom\u00ebve Platforma Maqedonase kund\u00ebr Varf\u00ebris\u00eb ERA -LGBTI Shoq\u00ebria p\u00ebr t\u00eb Drejtat e Barabarta e Ballkanit Per\u00ebndimor dhe Turqis\u00eb PRIZNET [...]Read More... from Rrjete q\u00eb marrim pjes\u00eb","og_url":"https:\/\/mhc.org.mk\/sq\/rrjete-qe-marrim-pjese\/","og_site_name":"Komitetit t\u00eb Helsinkit p\u00ebr t\u00eb Drejtat e Njeriut","article_publisher":"https:\/\/www.facebook.com\/MacedonianHelsinkiCommittee\/","article_modified_time":"2024-11-13T21:13:05+00:00","og_image":[{"width":640,"height":418,"url":"https:\/\/mhc.org.mk\/wp-content\/uploads\/2024\/12\/mhc-mk-default.webp","type":"image\/webp"}],"twitter_card":"summary_large_image","twitter_site":"@Helsinshki","twitter_misc":{"Est. reading time":"2 minutes"},"schema":{"@context":"https:\/\/schema.org","@graph":[{"@type":"WebPage","@id":"https:\/\/mhc.org.mk\/sq\/rrjete-qe-marrim-pjese\/","url":"https:\/\/mhc.org.mk\/sq\/rrjete-qe-marrim-pjese\/","name":"Rrjete q\u00eb marrim pjes\u00eb - Komitetit t\u00eb Helsinkit p\u00ebr t\u00eb Drejtat e Njeriut","isPartOf":{"@id":"https:\/\/mhc.org.mk\/sq\/#website"},"datePublished":"2019-06-30T09:54:25+00:00","dateModified":"2024-11-13T21:13:05+00:00","breadcrumb":{"@id":"https:\/\/mhc.org.mk\/sq\/rrjete-qe-marrim-pjese\/#breadcrumb"},"inLanguage":"sq-AL","potentialAction":[{"@type":"ReadAction","target":["https:\/\/mhc.org.mk\/sq\/rrjete-qe-marrim-pjese\/"]}]},{"@type":"BreadcrumbList","@id":"https:\/\/mhc.org.mk\/sq\/rrjete-qe-marrim-pjese\/#breadcrumb","itemListElement":[{"@type":"ListItem","position":1,"name":"Home","item":"https:\/\/mhc.org.mk\/sq\/"},{"@type":"ListItem","position":2,"name":"Rrjete q\u00eb marrim pjes\u00eb"}]},{"@type":"WebSite","@id":"https:\/\/mhc.org.mk\/sq\/#website","url":"https:\/\/mhc.org.mk\/sq\/","name":"\u0425\u0435\u043b\u0441\u0438\u043d\u0448\u043a\u0438 \u043a\u043e\u043c\u0438\u0442\u0435\u0442 \u0437\u0430 \u0447\u043e\u0432\u0435\u043a\u043e\u0432\u0438 \u043f\u0440\u0430\u0432\u0430","description":"Vizioni i Komitetit t\u00eb Helsinkit p\u00ebr t\u00eb Drejtat e Njeriut \u00ebsht\u00eb shoq\u00ebri n\u00eb t\u00eb cil\u00ebn t\u00eb gjith\u00eb njer\u00ebzit i g\u00ebzojn\u00eb dhe praktikojn\u00eb t\u00eb drejtat dhe lirit\u00eb e tyre themelore dhe kan\u00eb mbrojtje n\u00eb rast t\u00eb shkeljes ose kufizimit t\u00eb tyre.","publisher":{"@id":"https:\/\/mhc.org.mk\/sq\/#organization"},"alternateName":"The Helsinki Committee for Human Rights","potentialAction":[{"@type":"SearchAction","target":{"@type":"EntryPoint","urlTemplate":"https:\/\/mhc.org.mk\/sq\/?s={search_term_string}"},"query-input":{"@type":"PropertyValueSpecification","valueRequired":true,"valueName":"search_term_string"}}],"inLanguage":"sq-AL"},{"@type":"Organization","@id":"https:\/\/mhc.org.mk\/sq\/#organization","name":"\u0425\u0435\u043b\u0441\u0438\u043d\u0448\u043a\u0438 \u043a\u043e\u043c\u0438\u0442\u0435\u0442 \u0437\u0430 \u0447\u043e\u0432\u0435\u043a\u043e\u0432\u0438 \u043f\u0440\u0430\u0432\u0430","alternateName":"The Helsinki Committee for Human Rights","url":"https:\/\/mhc.org.mk\/sq\/","logo":{"@type":"ImageObject","inLanguage":"sq-AL","@id":"https:\/\/mhc.org.mk\/sq\/#\/schema\/logo\/image\/","url":"https:\/\/mhc.org.mk\/wp-content\/uploads\/2024\/12\/mhc-mk-default.webp","contentUrl":"https:\/\/mhc.org.mk\/wp-content\/uploads\/2024\/12\/mhc-mk-default.webp","width":640,"height":418,"caption":"\u0425\u0435\u043b\u0441\u0438\u043d\u0448\u043a\u0438 \u043a\u043e\u043c\u0438\u0442\u0435\u0442 \u0437\u0430 \u0447\u043e\u0432\u0435\u043a\u043e\u0432\u0438 \u043f\u0440\u0430\u0432\u0430"},"image":{"@id":"https:\/\/mhc.org.mk\/sq\/#\/schema\/logo\/image\/"},"sameAs":["https:\/\/www.facebook.com\/MacedonianHelsinkiCommittee\/","https:\/\/x.com\/Helsinshki","https:\/\/www.linkedin.com\/company\/helsinki-committee-for-human-rights-of-the-republic-of-macedonia\/","https:\/\/www.youtube.com\/user\/Helkom1994"]}]}},"_links":{"self":[{"href":"https:\/\/mhc.org.mk\/sq\/wp-json\/wp\/v2\/pages\/2878","targetHints":{"allow":["GET"]}}],"collection":[{"href":"https:\/\/mhc.org.mk\/sq\/wp-json\/wp\/v2\/pages"}],"about":[{"href":"https:\/\/mhc.org.mk\/sq\/wp-json\/wp\/v2\/types\/page"}],"author":[{"embeddable":true,"href":"https:\/\/mhc.org.mk\/sq\/wp-json\/wp\/v2\/users\/1"}],"replies":[{"embeddable":true,"href":"https:\/\/mhc.org.mk\/sq\/wp-json\/wp\/v2\/comments?post=2878"}],"version-history":[{"count":0,"href":"https:\/\/mhc.org.mk\/sq\/wp-json\/wp\/v2\/pages\/2878\/revisions"}],"wp:attachment":[{"href":"https:\/\/mhc.org.mk\/sq\/wp-json\/wp\/v2\/media?parent=2878"}],"curies":[{"name":"wp","href":"https:\/\/api.w.org\/{rel}","templated":true}]}}