{"id":2412,"date":"2019-05-09T22:39:44","date_gmt":"2019-05-09T22:39:44","guid":{"rendered":"https:\/\/new.mhc.org.mk\/edukim\/"},"modified":"2024-11-10T16:53:42","modified_gmt":"2024-11-10T16:53:42","slug":"edukim","status":"publish","type":"page","link":"https:\/\/mhc.org.mk\/sq\/edukim\/","title":{"rendered":"Edukim"},"content":{"rendered":"<p>Komiteti i Helsinkit p\u00ebr t\u00eb Drejtat e Njeriut ka tradit\u00eb t\u00eb gjat\u00eb n\u00eb edukimin joformal t\u00eb t\u00eb rinjve, sidomos me organizimin e t\u00eb ashtuquajtur\u00ebs \u201cShkolla e t\u00eb Drejtave t\u00eb Njeriut\u201d. Shkolla \u00ebsht\u00eb mbajtur p\u00ebr 37 her\u00eb deri m\u00eb tani dhe \u00ebsht\u00eb menduar p\u00ebr nx\u00ebn\u00ebs t\u00eb shkollave t\u00eb mesme dhe\/ose student\u00eb nga Maqedonia e Veriut, me interes t\u00eb deklaruar p\u00ebr fush\u00ebn e pun\u00ebs s\u00eb Komitetit t\u00eb Helsinkit p\u00ebr t\u00eb Drejtat e Njeriut.<\/p>\n<p>Shkollat e t\u00eb Drejtave t\u00eb Njeriut kan\u00eb p\u00ebr q\u00ebllim zgjerimin e horizoneve t\u00eb t\u00eb rinjve dhe zhvillimin e nd\u00ebrgjegjes s\u00eb tyre p\u00ebr grupet e ndryshme t\u00eb pakicave n\u00eb shoq\u00ebri, si dhe p\u00ebr stereotipet, paragjykimet dhe diskriminimi. Gjat\u00eb ligjeratave, ushtrimeve dhe diskutimeve, pjes\u00ebmarr\u00ebsit n\u00eb shkollat inkurajohen t\u00eb mendojn\u00eb n\u00eb m\u00ebnyr\u00eb kritike dhe t\u00eb angazhohen aktivisht, me an\u00eb t\u00eb gjetjes s\u00eb zgjidhjeve konkrete dhe form\u00ebsimit t\u00eb q\u00ebndrimeve n\u00eb lidhje me temat q\u00eb po shqyrtohen.<\/p>\n<p>N\u00eb kuadrin e shkollave, pjes\u00ebmarr\u00ebsit kan\u00eb mund\u00ebsi t\u00eb punojn\u00eb n\u00eb raste t\u00eb v\u00ebrteta, ku jan\u00eb shfaqur shkelje t\u00eb t\u00eb drejtave t\u00eb njeriut. K\u00ebto shembuj jan\u00eb marr\u00eb nga puna e p\u00ebrditshme e Komitetit t\u00eb Helsinkit n\u00eb kuadrin e projekteve, duke p\u00ebrfshir\u00eb k\u00ebtu diskriminimin n\u00eb baza t\u00eb ndryshme, gjuh\u00ebn e urrejtjes dhe veprat e urrejtjes, stereotipet dhe paragjykimet, shkeljen e t\u00eb drejtave t\u00eb komunitetit LGBTI, aktivizmin rinor, e ngjash\u00ebm. Me an\u00eb t\u00eb k\u00ebtyre ushtrimeve praktike, pjes\u00ebmarr\u00ebsit po nxiten q\u00eb t\u00eb mendojn\u00eb n\u00eb m\u00ebnyr\u00eb aktive dhe t\u2019i identifikojn\u00eb shkeljet e t\u00eb drejtave t\u00eb njeriut n\u00eb baz\u00eb ditore. Me an\u00eb t\u00eb k\u00ebtij modeli konkret, si\u00e7 \u00ebsht\u00eb prezantuar n\u00eb t\u00eb kaluar\u00ebn, t\u00eb rinjt\u00eb krijojn\u00eb lidhje t\u00eb fuqishme dhe m\u00ebsojn\u00eb p\u00ebr toleranc\u00ebn, pranimin dhe mir\u00ebkuptimin e nd\u00ebrsjell\u00eb.<\/p>\n<p>Me an\u00eb t\u00eb Shkollave t\u00eb t\u00eb Drejtave t\u00eb Njeriut, Komiteti i Helsinkit p\u00ebr t\u00eb Drejtat e Njeriut i Republik\u00ebs s\u00eb Maqedonis\u00eb po realizon lidhje afatgjate me t\u00eb rinjt\u00eb q\u00eb jan\u00eb t\u00eb interesuar n\u00eb fushat e pun\u00ebs s\u00eb Komitetit dhe kan\u00eb mund\u00ebsin\u00eb ta vazhdojn\u00eb m\u00ebsuarjen e vet, duke u inkuadruar n\u00eb Grupin Rinor t\u00eb Komitetit t\u00eb Helsinkit. Grupi Rinor \u00ebsht\u00eb nj\u00eb grup joformal i t\u00eb rinjve, n\u00eb mosh\u00eb nga 16 deri 26 vje\u00e7, t\u00eb cil\u00ebt kan\u00eb mund\u00ebsi t\u00eb inkuadrohen n\u00eb disa nga aktivitetet aktuale t\u00eb Komitetit t\u00eb Helsinkit p\u00ebr t\u00eb Drejtat e Njeriut. Grupi Rinor num\u00ebron rreth 50 an\u00ebtar\u00eb, dhe gjith\u00eb t\u00eb rinjt\u00eb e interesuar mund t\u00eb marrin m\u00eb tep\u00ebr informacione n\u00eb: <a href=\"mailto:mladinskagrupa@mhc.org.mk\">mladinskagrupa@mhc.org.mk<\/a>.<\/p>\n","protected":false},"excerpt":{"rendered":"<p>Komiteti i Helsinkit p\u00ebr t\u00eb Drejtat e Njeriut ka tradit\u00eb t\u00eb gjat\u00eb n\u00eb edukimin joformal t\u00eb t\u00eb rinjve, sidomos me organizimin e t\u00eb ashtuquajtur\u00ebs \u201cShkolla e t\u00eb Drejtave t\u00eb Njeriut\u201d. Shkolla \u00ebsht\u00eb mbajtur p\u00ebr 37 her\u00eb deri m\u00eb tani dhe \u00ebsht\u00eb menduar p\u00ebr nx\u00ebn\u00ebs t\u00eb shkollave t\u00eb mesme dhe\/ose student\u00eb nga Maqedonia e Veriut, me [&#8230;]<\/p>\n<p><a class=\"btn btn-secondary understrap-read-more-link\" href=\"https:\/\/mhc.org.mk\/sq\/edukim\/\">Read More&#8230;<span class=\"screen-reader-text\"> from Edukim<\/span><\/a><\/p>\n","protected":false},"author":1,"featured_media":1371,"parent":0,"menu_order":0,"comment_status":"closed","ping_status":"closed","template":"","meta":{"_acf_changed":false,"footnotes":""},"class_list":["post-2412","page","type-page","status-publish","has-post-thumbnail","hentry"],"acf":[],"yoast_head":"<!-- This site is optimized with the Yoast SEO plugin v27.3 - https:\/\/yoast.com\/product\/yoast-seo-wordpress\/ -->\n<title>Edukim - Komitetit t\u00eb Helsinkit p\u00ebr t\u00eb Drejtat e Njeriut<\/title>\n<meta name=\"robots\" content=\"index, follow, max-snippet:-1, max-image-preview:large, max-video-preview:-1\" \/>\n<link rel=\"canonical\" href=\"https:\/\/mhc.org.mk\/sq\/edukim\/\" \/>\n<meta property=\"og:locale\" content=\"sq_AL\" \/>\n<meta property=\"og:type\" content=\"article\" \/>\n<meta property=\"og:title\" content=\"Edukim - Komitetit t\u00eb Helsinkit p\u00ebr t\u00eb Drejtat e Njeriut\" \/>\n<meta property=\"og:description\" content=\"Komiteti i Helsinkit p\u00ebr t\u00eb Drejtat e Njeriut ka tradit\u00eb t\u00eb gjat\u00eb n\u00eb edukimin joformal t\u00eb t\u00eb rinjve, sidomos me organizimin e t\u00eb ashtuquajtur\u00ebs \u201cShkolla e t\u00eb Drejtave t\u00eb Njeriut\u201d. Shkolla \u00ebsht\u00eb mbajtur p\u00ebr 37 her\u00eb deri m\u00eb tani dhe \u00ebsht\u00eb menduar p\u00ebr nx\u00ebn\u00ebs t\u00eb shkollave t\u00eb mesme dhe\/ose student\u00eb nga Maqedonia e Veriut, me [...]Read More... from Edukim\" \/>\n<meta property=\"og:url\" content=\"https:\/\/mhc.org.mk\/sq\/edukim\/\" \/>\n<meta property=\"og:site_name\" content=\"Komitetit t\u00eb Helsinkit p\u00ebr t\u00eb Drejtat e Njeriut\" \/>\n<meta property=\"article:publisher\" content=\"https:\/\/www.facebook.com\/MacedonianHelsinkiCommittee\/\" \/>\n<meta property=\"article:modified_time\" content=\"2024-11-10T16:53:42+00:00\" \/>\n<meta property=\"og:image\" content=\"https:\/\/mhc.org.mk\/wp-content\/uploads\/2019\/06\/edukacija.jpg\" \/>\n\t<meta property=\"og:image:width\" content=\"640\" \/>\n\t<meta property=\"og:image:height\" content=\"418\" \/>\n\t<meta property=\"og:image:type\" content=\"image\/jpeg\" \/>\n<meta name=\"twitter:card\" content=\"summary_large_image\" \/>\n<meta name=\"twitter:site\" content=\"@Helsinshki\" \/>\n<meta name=\"twitter:label1\" content=\"Est. reading time\" \/>\n\t<meta name=\"twitter:data1\" content=\"2 minutes\" \/>\n<script type=\"application\/ld+json\" class=\"yoast-schema-graph\">{\"@context\":\"https:\\\/\\\/schema.org\",\"@graph\":[{\"@type\":\"WebPage\",\"@id\":\"https:\\\/\\\/mhc.org.mk\\\/sq\\\/edukim\\\/\",\"url\":\"https:\\\/\\\/mhc.org.mk\\\/sq\\\/edukim\\\/\",\"name\":\"Edukim - Komitetit t\u00eb Helsinkit p\u00ebr t\u00eb Drejtat e Njeriut\",\"isPartOf\":{\"@id\":\"https:\\\/\\\/mhc.org.mk\\\/sq\\\/#website\"},\"primaryImageOfPage\":{\"@id\":\"https:\\\/\\\/mhc.org.mk\\\/sq\\\/edukim\\\/#primaryimage\"},\"image\":{\"@id\":\"https:\\\/\\\/mhc.org.mk\\\/sq\\\/edukim\\\/#primaryimage\"},\"thumbnailUrl\":\"https:\\\/\\\/mhc.org.mk\\\/wp-content\\\/uploads\\\/2019\\\/06\\\/edukacija.jpg\",\"datePublished\":\"2019-05-09T22:39:44+00:00\",\"dateModified\":\"2024-11-10T16:53:42+00:00\",\"breadcrumb\":{\"@id\":\"https:\\\/\\\/mhc.org.mk\\\/sq\\\/edukim\\\/#breadcrumb\"},\"inLanguage\":\"sq-AL\",\"potentialAction\":[{\"@type\":\"ReadAction\",\"target\":[\"https:\\\/\\\/mhc.org.mk\\\/sq\\\/edukim\\\/\"]}]},{\"@type\":\"ImageObject\",\"inLanguage\":\"sq-AL\",\"@id\":\"https:\\\/\\\/mhc.org.mk\\\/sq\\\/edukim\\\/#primaryimage\",\"url\":\"https:\\\/\\\/mhc.org.mk\\\/wp-content\\\/uploads\\\/2019\\\/06\\\/edukacija.jpg\",\"contentUrl\":\"https:\\\/\\\/mhc.org.mk\\\/wp-content\\\/uploads\\\/2019\\\/06\\\/edukacija.jpg\",\"width\":640,\"height\":418},{\"@type\":\"BreadcrumbList\",\"@id\":\"https:\\\/\\\/mhc.org.mk\\\/sq\\\/edukim\\\/#breadcrumb\",\"itemListElement\":[{\"@type\":\"ListItem\",\"position\":1,\"name\":\"Home\",\"item\":\"https:\\\/\\\/mhc.org.mk\\\/sq\\\/\"},{\"@type\":\"ListItem\",\"position\":2,\"name\":\"Edukim\"}]},{\"@type\":\"WebSite\",\"@id\":\"https:\\\/\\\/mhc.org.mk\\\/sq\\\/#website\",\"url\":\"https:\\\/\\\/mhc.org.mk\\\/sq\\\/\",\"name\":\"\u0425\u0435\u043b\u0441\u0438\u043d\u0448\u043a\u0438 \u043a\u043e\u043c\u0438\u0442\u0435\u0442 \u0437\u0430 \u0447\u043e\u0432\u0435\u043a\u043e\u0432\u0438 \u043f\u0440\u0430\u0432\u0430\",\"description\":\"Vizioni i Komitetit t\u00eb Helsinkit p\u00ebr t\u00eb Drejtat e Njeriut \u00ebsht\u00eb shoq\u00ebri n\u00eb t\u00eb cil\u00ebn t\u00eb gjith\u00eb njer\u00ebzit i g\u00ebzojn\u00eb dhe praktikojn\u00eb t\u00eb drejtat dhe lirit\u00eb e tyre themelore dhe kan\u00eb mbrojtje n\u00eb rast t\u00eb shkeljes ose kufizimit t\u00eb tyre.\",\"publisher\":{\"@id\":\"https:\\\/\\\/mhc.org.mk\\\/sq\\\/#organization\"},\"alternateName\":\"The Helsinki Committee for Human Rights\",\"potentialAction\":[{\"@type\":\"SearchAction\",\"target\":{\"@type\":\"EntryPoint\",\"urlTemplate\":\"https:\\\/\\\/mhc.org.mk\\\/sq\\\/?s={search_term_string}\"},\"query-input\":{\"@type\":\"PropertyValueSpecification\",\"valueRequired\":true,\"valueName\":\"search_term_string\"}}],\"inLanguage\":\"sq-AL\"},{\"@type\":\"Organization\",\"@id\":\"https:\\\/\\\/mhc.org.mk\\\/sq\\\/#organization\",\"name\":\"\u0425\u0435\u043b\u0441\u0438\u043d\u0448\u043a\u0438 \u043a\u043e\u043c\u0438\u0442\u0435\u0442 \u0437\u0430 \u0447\u043e\u0432\u0435\u043a\u043e\u0432\u0438 \u043f\u0440\u0430\u0432\u0430\",\"alternateName\":\"The Helsinki Committee for Human Rights\",\"url\":\"https:\\\/\\\/mhc.org.mk\\\/sq\\\/\",\"logo\":{\"@type\":\"ImageObject\",\"inLanguage\":\"sq-AL\",\"@id\":\"https:\\\/\\\/mhc.org.mk\\\/sq\\\/#\\\/schema\\\/logo\\\/image\\\/\",\"url\":\"https:\\\/\\\/mhc.org.mk\\\/wp-content\\\/uploads\\\/2024\\\/12\\\/mhc-mk-default.webp\",\"contentUrl\":\"https:\\\/\\\/mhc.org.mk\\\/wp-content\\\/uploads\\\/2024\\\/12\\\/mhc-mk-default.webp\",\"width\":640,\"height\":418,\"caption\":\"\u0425\u0435\u043b\u0441\u0438\u043d\u0448\u043a\u0438 \u043a\u043e\u043c\u0438\u0442\u0435\u0442 \u0437\u0430 \u0447\u043e\u0432\u0435\u043a\u043e\u0432\u0438 \u043f\u0440\u0430\u0432\u0430\"},\"image\":{\"@id\":\"https:\\\/\\\/mhc.org.mk\\\/sq\\\/#\\\/schema\\\/logo\\\/image\\\/\"},\"sameAs\":[\"https:\\\/\\\/www.facebook.com\\\/MacedonianHelsinkiCommittee\\\/\",\"https:\\\/\\\/x.com\\\/Helsinshki\",\"https:\\\/\\\/www.linkedin.com\\\/company\\\/helsinki-committee-for-human-rights-of-the-republic-of-macedonia\\\/\",\"https:\\\/\\\/www.youtube.com\\\/user\\\/Helkom1994\"]}]}<\/script>\n<!-- \/ Yoast SEO plugin. -->","yoast_head_json":{"title":"Edukim - Komitetit t\u00eb Helsinkit p\u00ebr t\u00eb Drejtat e Njeriut","robots":{"index":"index","follow":"follow","max-snippet":"max-snippet:-1","max-image-preview":"max-image-preview:large","max-video-preview":"max-video-preview:-1"},"canonical":"https:\/\/mhc.org.mk\/sq\/edukim\/","og_locale":"sq_AL","og_type":"article","og_title":"Edukim - Komitetit t\u00eb Helsinkit p\u00ebr t\u00eb Drejtat e Njeriut","og_description":"Komiteti i Helsinkit p\u00ebr t\u00eb Drejtat e Njeriut ka tradit\u00eb t\u00eb gjat\u00eb n\u00eb edukimin joformal t\u00eb t\u00eb rinjve, sidomos me organizimin e t\u00eb ashtuquajtur\u00ebs \u201cShkolla e t\u00eb Drejtave t\u00eb Njeriut\u201d. Shkolla \u00ebsht\u00eb mbajtur p\u00ebr 37 her\u00eb deri m\u00eb tani dhe \u00ebsht\u00eb menduar p\u00ebr nx\u00ebn\u00ebs t\u00eb shkollave t\u00eb mesme dhe\/ose student\u00eb nga Maqedonia e Veriut, me [...]Read More... from Edukim","og_url":"https:\/\/mhc.org.mk\/sq\/edukim\/","og_site_name":"Komitetit t\u00eb Helsinkit p\u00ebr t\u00eb Drejtat e Njeriut","article_publisher":"https:\/\/www.facebook.com\/MacedonianHelsinkiCommittee\/","article_modified_time":"2024-11-10T16:53:42+00:00","og_image":[{"width":640,"height":418,"url":"https:\/\/mhc.org.mk\/wp-content\/uploads\/2019\/06\/edukacija.jpg","type":"image\/jpeg"}],"twitter_card":"summary_large_image","twitter_site":"@Helsinshki","twitter_misc":{"Est. reading time":"2 minutes"},"schema":{"@context":"https:\/\/schema.org","@graph":[{"@type":"WebPage","@id":"https:\/\/mhc.org.mk\/sq\/edukim\/","url":"https:\/\/mhc.org.mk\/sq\/edukim\/","name":"Edukim - Komitetit t\u00eb Helsinkit p\u00ebr t\u00eb Drejtat e Njeriut","isPartOf":{"@id":"https:\/\/mhc.org.mk\/sq\/#website"},"primaryImageOfPage":{"@id":"https:\/\/mhc.org.mk\/sq\/edukim\/#primaryimage"},"image":{"@id":"https:\/\/mhc.org.mk\/sq\/edukim\/#primaryimage"},"thumbnailUrl":"https:\/\/mhc.org.mk\/wp-content\/uploads\/2019\/06\/edukacija.jpg","datePublished":"2019-05-09T22:39:44+00:00","dateModified":"2024-11-10T16:53:42+00:00","breadcrumb":{"@id":"https:\/\/mhc.org.mk\/sq\/edukim\/#breadcrumb"},"inLanguage":"sq-AL","potentialAction":[{"@type":"ReadAction","target":["https:\/\/mhc.org.mk\/sq\/edukim\/"]}]},{"@type":"ImageObject","inLanguage":"sq-AL","@id":"https:\/\/mhc.org.mk\/sq\/edukim\/#primaryimage","url":"https:\/\/mhc.org.mk\/wp-content\/uploads\/2019\/06\/edukacija.jpg","contentUrl":"https:\/\/mhc.org.mk\/wp-content\/uploads\/2019\/06\/edukacija.jpg","width":640,"height":418},{"@type":"BreadcrumbList","@id":"https:\/\/mhc.org.mk\/sq\/edukim\/#breadcrumb","itemListElement":[{"@type":"ListItem","position":1,"name":"Home","item":"https:\/\/mhc.org.mk\/sq\/"},{"@type":"ListItem","position":2,"name":"Edukim"}]},{"@type":"WebSite","@id":"https:\/\/mhc.org.mk\/sq\/#website","url":"https:\/\/mhc.org.mk\/sq\/","name":"\u0425\u0435\u043b\u0441\u0438\u043d\u0448\u043a\u0438 \u043a\u043e\u043c\u0438\u0442\u0435\u0442 \u0437\u0430 \u0447\u043e\u0432\u0435\u043a\u043e\u0432\u0438 \u043f\u0440\u0430\u0432\u0430","description":"Vizioni i Komitetit t\u00eb Helsinkit p\u00ebr t\u00eb Drejtat e Njeriut \u00ebsht\u00eb shoq\u00ebri n\u00eb t\u00eb cil\u00ebn t\u00eb gjith\u00eb njer\u00ebzit i g\u00ebzojn\u00eb dhe praktikojn\u00eb t\u00eb drejtat dhe lirit\u00eb e tyre themelore dhe kan\u00eb mbrojtje n\u00eb rast t\u00eb shkeljes ose kufizimit t\u00eb tyre.","publisher":{"@id":"https:\/\/mhc.org.mk\/sq\/#organization"},"alternateName":"The Helsinki Committee for Human Rights","potentialAction":[{"@type":"SearchAction","target":{"@type":"EntryPoint","urlTemplate":"https:\/\/mhc.org.mk\/sq\/?s={search_term_string}"},"query-input":{"@type":"PropertyValueSpecification","valueRequired":true,"valueName":"search_term_string"}}],"inLanguage":"sq-AL"},{"@type":"Organization","@id":"https:\/\/mhc.org.mk\/sq\/#organization","name":"\u0425\u0435\u043b\u0441\u0438\u043d\u0448\u043a\u0438 \u043a\u043e\u043c\u0438\u0442\u0435\u0442 \u0437\u0430 \u0447\u043e\u0432\u0435\u043a\u043e\u0432\u0438 \u043f\u0440\u0430\u0432\u0430","alternateName":"The Helsinki Committee for Human Rights","url":"https:\/\/mhc.org.mk\/sq\/","logo":{"@type":"ImageObject","inLanguage":"sq-AL","@id":"https:\/\/mhc.org.mk\/sq\/#\/schema\/logo\/image\/","url":"https:\/\/mhc.org.mk\/wp-content\/uploads\/2024\/12\/mhc-mk-default.webp","contentUrl":"https:\/\/mhc.org.mk\/wp-content\/uploads\/2024\/12\/mhc-mk-default.webp","width":640,"height":418,"caption":"\u0425\u0435\u043b\u0441\u0438\u043d\u0448\u043a\u0438 \u043a\u043e\u043c\u0438\u0442\u0435\u0442 \u0437\u0430 \u0447\u043e\u0432\u0435\u043a\u043e\u0432\u0438 \u043f\u0440\u0430\u0432\u0430"},"image":{"@id":"https:\/\/mhc.org.mk\/sq\/#\/schema\/logo\/image\/"},"sameAs":["https:\/\/www.facebook.com\/MacedonianHelsinkiCommittee\/","https:\/\/x.com\/Helsinshki","https:\/\/www.linkedin.com\/company\/helsinki-committee-for-human-rights-of-the-republic-of-macedonia\/","https:\/\/www.youtube.com\/user\/Helkom1994"]}]}},"_links":{"self":[{"href":"https:\/\/mhc.org.mk\/sq\/wp-json\/wp\/v2\/pages\/2412","targetHints":{"allow":["GET"]}}],"collection":[{"href":"https:\/\/mhc.org.mk\/sq\/wp-json\/wp\/v2\/pages"}],"about":[{"href":"https:\/\/mhc.org.mk\/sq\/wp-json\/wp\/v2\/types\/page"}],"author":[{"embeddable":true,"href":"https:\/\/mhc.org.mk\/sq\/wp-json\/wp\/v2\/users\/1"}],"replies":[{"embeddable":true,"href":"https:\/\/mhc.org.mk\/sq\/wp-json\/wp\/v2\/comments?post=2412"}],"version-history":[{"count":0,"href":"https:\/\/mhc.org.mk\/sq\/wp-json\/wp\/v2\/pages\/2412\/revisions"}],"wp:featuredmedia":[{"embeddable":true,"href":"https:\/\/mhc.org.mk\/sq\/wp-json\/wp\/v2\/media\/1371"}],"wp:attachment":[{"href":"https:\/\/mhc.org.mk\/sq\/wp-json\/wp\/v2\/media?parent=2412"}],"curies":[{"name":"wp","href":"https:\/\/api.w.org\/{rel}","templated":true}]}}