{"id":2411,"date":"2019-05-08T22:41:38","date_gmt":"2019-05-08T22:41:38","guid":{"rendered":"https:\/\/new.mhc.org.mk\/barazia-gjinore\/"},"modified":"2024-11-10T15:15:26","modified_gmt":"2024-11-10T15:15:26","slug":"barazia-gjinore","status":"publish","type":"page","link":"https:\/\/mhc.org.mk\/sq\/barazia-gjinore\/","title":{"rendered":"Barazia gjinore"},"content":{"rendered":"<p>Komiteti i Helsinkit p\u00ebr t\u00eb Drejtat e Njeriut i Republik\u00ebs s\u00eb Maqedonis\u00eb ka nj\u00eb p\u00ebrvoj\u00eb afatgjate t\u00eb pun\u00ebs n\u00eb fush\u00ebn e avancimit t\u00eb t\u00eb drejtave t\u00eb gruas dhe luftimin e diskriminimit n\u00eb baz\u00eb t\u00eb seksit dhe gjinis\u00eb. Veprimi i Komitetit t\u00eb Helsinkit po zhvillohet me an\u00eb t\u00eb intervenimeve n\u00eb disa nivele, e sidomos n\u00ebp\u00ebrmjet t\u00eb:<\/p>\n<ul>\n<li>P\u00ebrfaq\u00ebsimit;<\/li>\n<li>Mb\u00ebshtetjes s\u00eb drejtp\u00ebrdrejt\u00eb juridike t\u00eb viktimave;<\/li>\n<li>Bashk\u00ebpunimit me institucionet (trajnime, pun\u00ebtori dhe pjes\u00ebmarrje n\u00eb grupe pune);<\/li>\n<li>Sigurimit t\u00eb hap\u00ebsir\u00ebs s\u00eb sigurt digjitale p\u00ebr shprehjen e z\u00ebrit, teorive dhe edukimit feminist.<\/li>\n<\/ul>\n<p>Komiteti i Helsinkit v\u00eb nj\u00eb fokus t\u00eb posa\u00e7\u00ebm n\u00eb pun\u00ebn e vet mbi kategorit\u00eb e cenueshme t\u00eb grave viktima t\u00eb dhun\u00ebs n\u00eb baz\u00eb t\u00eb gjinis\u00eb ose dhun\u00ebs n\u00eb familje, me sigurimin e drejtp\u00ebrdrejt\u00eb t\u00eb ndihm\u00ebs juridike falas, shoq\u00ebrimit n\u00eb institucionet dhe p\u00ebrfaq\u00ebsimit juridik n\u00eb gjykat\u00eb (p\u00ebrfaq\u00ebsimi kryhet vet\u00ebm n\u00eb raste t\u00eb caktuara strategjike, ku jan\u00eb regjistruar shkelje serioze t\u00eb t\u00eb drejtave t\u00eb gruas).<\/p>\n<p>K\u00ebshtu, Komiteti i Helsinkit bashk\u00ebpunon drejtp\u00ebrs\u00ebdrejti me institucionet e edukimit dhe sensibilizimit t\u00eb stafit profesionist n\u00eb lidhje me standardet q\u00eb dalin nga instrumentet juridike nd\u00ebrkomb\u00ebtare, t\u00eb cilat p\u00ebrfshijn\u00eb t\u00eb drejtat e gruas, mbrojn\u00eb nga diskriminimi ose jan\u00eb orientuar drejt eliminimit t\u00eb dhun\u00ebs n\u00eb baz\u00eb t\u00eb gjinis\u00eb dhe\/ose dhun\u00ebs n\u00eb familje. Ve\u00e7 k\u00ebsaj, Komiteti zbaton dhe hulumtime n\u00eb k\u00ebt\u00eb fush\u00eb, me q\u00ebllim rezulatet dhe gjetjet t\u00eb shfryt\u00ebzohen si baz\u00eb p\u00ebr krijimin e politikave. Si organizat\u00eb, ne b\u00ebjm\u00eb dhe p\u00ebrfaq\u00ebsim dhe lobim, p\u00ebrmes pjes\u00ebmarrjes n\u00eb grupe pune dhe rrjete formale dhe joformale t\u00eb organizatave, aktivitete p\u00ebr nd\u00ebrgjegj\u00ebsimin rreth gjendjes s\u00eb t\u00eb drejtave t\u00eb gruas dhe (jo)barazis\u00eb gjinore n\u00eb vend, me q\u00ebllim ngritja e statusit t\u00eb gruas n\u00eb shoq\u00ebri dhe arritja e barazis\u00eb gjinore.<\/p>\n","protected":false},"excerpt":{"rendered":"<p>Komiteti i Helsinkit p\u00ebr t\u00eb Drejtat e Njeriut i Republik\u00ebs s\u00eb Maqedonis\u00eb ka nj\u00eb p\u00ebrvoj\u00eb afatgjate t\u00eb pun\u00ebs n\u00eb fush\u00ebn e avancimit t\u00eb t\u00eb drejtave t\u00eb gruas dhe luftimin e diskriminimit n\u00eb baz\u00eb t\u00eb seksit dhe gjinis\u00eb. Veprimi i Komitetit t\u00eb Helsinkit po zhvillohet me an\u00eb t\u00eb intervenimeve n\u00eb disa nivele, e sidomos n\u00ebp\u00ebrmjet t\u00eb: [&#8230;]<\/p>\n<p><a class=\"btn btn-secondary understrap-read-more-link\" href=\"https:\/\/mhc.org.mk\/sq\/barazia-gjinore\/\">Read More&#8230;<span class=\"screen-reader-text\"> from Barazia gjinore<\/span><\/a><\/p>\n","protected":false},"author":1,"featured_media":2101,"parent":0,"menu_order":0,"comment_status":"closed","ping_status":"closed","template":"","meta":{"_acf_changed":false,"footnotes":""},"class_list":["post-2411","page","type-page","status-publish","has-post-thumbnail","hentry"],"acf":[],"yoast_head":"<!-- This site is optimized with the Yoast SEO plugin v27.3 - https:\/\/yoast.com\/product\/yoast-seo-wordpress\/ -->\n<title>Barazia gjinore - Komitetit t\u00eb Helsinkit p\u00ebr t\u00eb Drejtat e Njeriut<\/title>\n<meta name=\"robots\" content=\"index, follow, max-snippet:-1, max-image-preview:large, max-video-preview:-1\" \/>\n<link rel=\"canonical\" href=\"https:\/\/mhc.org.mk\/sq\/barazia-gjinore\/\" \/>\n<meta property=\"og:locale\" content=\"sq_AL\" \/>\n<meta property=\"og:type\" content=\"article\" \/>\n<meta property=\"og:title\" content=\"Barazia gjinore - Komitetit t\u00eb Helsinkit p\u00ebr t\u00eb Drejtat e Njeriut\" \/>\n<meta property=\"og:description\" content=\"Komiteti i Helsinkit p\u00ebr t\u00eb Drejtat e Njeriut i Republik\u00ebs s\u00eb Maqedonis\u00eb ka nj\u00eb p\u00ebrvoj\u00eb afatgjate t\u00eb pun\u00ebs n\u00eb fush\u00ebn e avancimit t\u00eb t\u00eb drejtave t\u00eb gruas dhe luftimin e diskriminimit n\u00eb baz\u00eb t\u00eb seksit dhe gjinis\u00eb. Veprimi i Komitetit t\u00eb Helsinkit po zhvillohet me an\u00eb t\u00eb intervenimeve n\u00eb disa nivele, e sidomos n\u00ebp\u00ebrmjet t\u00eb: [...]Read More... from Barazia gjinore\" \/>\n<meta property=\"og:url\" content=\"https:\/\/mhc.org.mk\/sq\/barazia-gjinore\/\" \/>\n<meta property=\"og:site_name\" content=\"Komitetit t\u00eb Helsinkit p\u00ebr t\u00eb Drejtat e Njeriut\" \/>\n<meta property=\"article:publisher\" content=\"https:\/\/www.facebook.com\/MacedonianHelsinkiCommittee\/\" \/>\n<meta property=\"article:modified_time\" content=\"2024-11-10T15:15:26+00:00\" \/>\n<meta property=\"og:image\" content=\"https:\/\/mhc.org.mk\/wp-content\/uploads\/2019\/05\/rodova.jpg\" \/>\n\t<meta property=\"og:image:width\" content=\"640\" \/>\n\t<meta property=\"og:image:height\" content=\"418\" \/>\n\t<meta property=\"og:image:type\" content=\"image\/jpeg\" \/>\n<meta name=\"twitter:card\" content=\"summary_large_image\" \/>\n<meta name=\"twitter:site\" content=\"@Helsinshki\" \/>\n<meta name=\"twitter:label1\" content=\"Est. reading time\" \/>\n\t<meta name=\"twitter:data1\" content=\"2 minutes\" \/>\n<script type=\"application\/ld+json\" class=\"yoast-schema-graph\">{\"@context\":\"https:\\\/\\\/schema.org\",\"@graph\":[{\"@type\":\"WebPage\",\"@id\":\"https:\\\/\\\/mhc.org.mk\\\/sq\\\/barazia-gjinore\\\/\",\"url\":\"https:\\\/\\\/mhc.org.mk\\\/sq\\\/barazia-gjinore\\\/\",\"name\":\"Barazia gjinore - Komitetit t\u00eb Helsinkit p\u00ebr t\u00eb Drejtat e Njeriut\",\"isPartOf\":{\"@id\":\"https:\\\/\\\/mhc.org.mk\\\/sq\\\/#website\"},\"primaryImageOfPage\":{\"@id\":\"https:\\\/\\\/mhc.org.mk\\\/sq\\\/barazia-gjinore\\\/#primaryimage\"},\"image\":{\"@id\":\"https:\\\/\\\/mhc.org.mk\\\/sq\\\/barazia-gjinore\\\/#primaryimage\"},\"thumbnailUrl\":\"https:\\\/\\\/mhc.org.mk\\\/wp-content\\\/uploads\\\/2019\\\/05\\\/rodova.jpg\",\"datePublished\":\"2019-05-08T22:41:38+00:00\",\"dateModified\":\"2024-11-10T15:15:26+00:00\",\"breadcrumb\":{\"@id\":\"https:\\\/\\\/mhc.org.mk\\\/sq\\\/barazia-gjinore\\\/#breadcrumb\"},\"inLanguage\":\"sq-AL\",\"potentialAction\":[{\"@type\":\"ReadAction\",\"target\":[\"https:\\\/\\\/mhc.org.mk\\\/sq\\\/barazia-gjinore\\\/\"]}]},{\"@type\":\"ImageObject\",\"inLanguage\":\"sq-AL\",\"@id\":\"https:\\\/\\\/mhc.org.mk\\\/sq\\\/barazia-gjinore\\\/#primaryimage\",\"url\":\"https:\\\/\\\/mhc.org.mk\\\/wp-content\\\/uploads\\\/2019\\\/05\\\/rodova.jpg\",\"contentUrl\":\"https:\\\/\\\/mhc.org.mk\\\/wp-content\\\/uploads\\\/2019\\\/05\\\/rodova.jpg\",\"width\":640,\"height\":418},{\"@type\":\"BreadcrumbList\",\"@id\":\"https:\\\/\\\/mhc.org.mk\\\/sq\\\/barazia-gjinore\\\/#breadcrumb\",\"itemListElement\":[{\"@type\":\"ListItem\",\"position\":1,\"name\":\"Home\",\"item\":\"https:\\\/\\\/mhc.org.mk\\\/sq\\\/\"},{\"@type\":\"ListItem\",\"position\":2,\"name\":\"Barazia gjinore\"}]},{\"@type\":\"WebSite\",\"@id\":\"https:\\\/\\\/mhc.org.mk\\\/sq\\\/#website\",\"url\":\"https:\\\/\\\/mhc.org.mk\\\/sq\\\/\",\"name\":\"\u0425\u0435\u043b\u0441\u0438\u043d\u0448\u043a\u0438 \u043a\u043e\u043c\u0438\u0442\u0435\u0442 \u0437\u0430 \u0447\u043e\u0432\u0435\u043a\u043e\u0432\u0438 \u043f\u0440\u0430\u0432\u0430\",\"description\":\"Vizioni i Komitetit t\u00eb Helsinkit p\u00ebr t\u00eb Drejtat e Njeriut \u00ebsht\u00eb shoq\u00ebri n\u00eb t\u00eb cil\u00ebn t\u00eb gjith\u00eb njer\u00ebzit i g\u00ebzojn\u00eb dhe praktikojn\u00eb t\u00eb drejtat dhe lirit\u00eb e tyre themelore dhe kan\u00eb mbrojtje n\u00eb rast t\u00eb shkeljes ose kufizimit t\u00eb tyre.\",\"publisher\":{\"@id\":\"https:\\\/\\\/mhc.org.mk\\\/sq\\\/#organization\"},\"alternateName\":\"The Helsinki Committee for Human Rights\",\"potentialAction\":[{\"@type\":\"SearchAction\",\"target\":{\"@type\":\"EntryPoint\",\"urlTemplate\":\"https:\\\/\\\/mhc.org.mk\\\/sq\\\/?s={search_term_string}\"},\"query-input\":{\"@type\":\"PropertyValueSpecification\",\"valueRequired\":true,\"valueName\":\"search_term_string\"}}],\"inLanguage\":\"sq-AL\"},{\"@type\":\"Organization\",\"@id\":\"https:\\\/\\\/mhc.org.mk\\\/sq\\\/#organization\",\"name\":\"\u0425\u0435\u043b\u0441\u0438\u043d\u0448\u043a\u0438 \u043a\u043e\u043c\u0438\u0442\u0435\u0442 \u0437\u0430 \u0447\u043e\u0432\u0435\u043a\u043e\u0432\u0438 \u043f\u0440\u0430\u0432\u0430\",\"alternateName\":\"The Helsinki Committee for Human Rights\",\"url\":\"https:\\\/\\\/mhc.org.mk\\\/sq\\\/\",\"logo\":{\"@type\":\"ImageObject\",\"inLanguage\":\"sq-AL\",\"@id\":\"https:\\\/\\\/mhc.org.mk\\\/sq\\\/#\\\/schema\\\/logo\\\/image\\\/\",\"url\":\"https:\\\/\\\/mhc.org.mk\\\/wp-content\\\/uploads\\\/2024\\\/12\\\/mhc-mk-default.webp\",\"contentUrl\":\"https:\\\/\\\/mhc.org.mk\\\/wp-content\\\/uploads\\\/2024\\\/12\\\/mhc-mk-default.webp\",\"width\":640,\"height\":418,\"caption\":\"\u0425\u0435\u043b\u0441\u0438\u043d\u0448\u043a\u0438 \u043a\u043e\u043c\u0438\u0442\u0435\u0442 \u0437\u0430 \u0447\u043e\u0432\u0435\u043a\u043e\u0432\u0438 \u043f\u0440\u0430\u0432\u0430\"},\"image\":{\"@id\":\"https:\\\/\\\/mhc.org.mk\\\/sq\\\/#\\\/schema\\\/logo\\\/image\\\/\"},\"sameAs\":[\"https:\\\/\\\/www.facebook.com\\\/MacedonianHelsinkiCommittee\\\/\",\"https:\\\/\\\/x.com\\\/Helsinshki\",\"https:\\\/\\\/www.linkedin.com\\\/company\\\/helsinki-committee-for-human-rights-of-the-republic-of-macedonia\\\/\",\"https:\\\/\\\/www.youtube.com\\\/user\\\/Helkom1994\"]}]}<\/script>\n<!-- \/ Yoast SEO plugin. -->","yoast_head_json":{"title":"Barazia gjinore - Komitetit t\u00eb Helsinkit p\u00ebr t\u00eb Drejtat e Njeriut","robots":{"index":"index","follow":"follow","max-snippet":"max-snippet:-1","max-image-preview":"max-image-preview:large","max-video-preview":"max-video-preview:-1"},"canonical":"https:\/\/mhc.org.mk\/sq\/barazia-gjinore\/","og_locale":"sq_AL","og_type":"article","og_title":"Barazia gjinore - Komitetit t\u00eb Helsinkit p\u00ebr t\u00eb Drejtat e Njeriut","og_description":"Komiteti i Helsinkit p\u00ebr t\u00eb Drejtat e Njeriut i Republik\u00ebs s\u00eb Maqedonis\u00eb ka nj\u00eb p\u00ebrvoj\u00eb afatgjate t\u00eb pun\u00ebs n\u00eb fush\u00ebn e avancimit t\u00eb t\u00eb drejtave t\u00eb gruas dhe luftimin e diskriminimit n\u00eb baz\u00eb t\u00eb seksit dhe gjinis\u00eb. Veprimi i Komitetit t\u00eb Helsinkit po zhvillohet me an\u00eb t\u00eb intervenimeve n\u00eb disa nivele, e sidomos n\u00ebp\u00ebrmjet t\u00eb: [...]Read More... from Barazia gjinore","og_url":"https:\/\/mhc.org.mk\/sq\/barazia-gjinore\/","og_site_name":"Komitetit t\u00eb Helsinkit p\u00ebr t\u00eb Drejtat e Njeriut","article_publisher":"https:\/\/www.facebook.com\/MacedonianHelsinkiCommittee\/","article_modified_time":"2024-11-10T15:15:26+00:00","og_image":[{"width":640,"height":418,"url":"https:\/\/mhc.org.mk\/wp-content\/uploads\/2019\/05\/rodova.jpg","type":"image\/jpeg"}],"twitter_card":"summary_large_image","twitter_site":"@Helsinshki","twitter_misc":{"Est. reading time":"2 minutes"},"schema":{"@context":"https:\/\/schema.org","@graph":[{"@type":"WebPage","@id":"https:\/\/mhc.org.mk\/sq\/barazia-gjinore\/","url":"https:\/\/mhc.org.mk\/sq\/barazia-gjinore\/","name":"Barazia gjinore - Komitetit t\u00eb Helsinkit p\u00ebr t\u00eb Drejtat e Njeriut","isPartOf":{"@id":"https:\/\/mhc.org.mk\/sq\/#website"},"primaryImageOfPage":{"@id":"https:\/\/mhc.org.mk\/sq\/barazia-gjinore\/#primaryimage"},"image":{"@id":"https:\/\/mhc.org.mk\/sq\/barazia-gjinore\/#primaryimage"},"thumbnailUrl":"https:\/\/mhc.org.mk\/wp-content\/uploads\/2019\/05\/rodova.jpg","datePublished":"2019-05-08T22:41:38+00:00","dateModified":"2024-11-10T15:15:26+00:00","breadcrumb":{"@id":"https:\/\/mhc.org.mk\/sq\/barazia-gjinore\/#breadcrumb"},"inLanguage":"sq-AL","potentialAction":[{"@type":"ReadAction","target":["https:\/\/mhc.org.mk\/sq\/barazia-gjinore\/"]}]},{"@type":"ImageObject","inLanguage":"sq-AL","@id":"https:\/\/mhc.org.mk\/sq\/barazia-gjinore\/#primaryimage","url":"https:\/\/mhc.org.mk\/wp-content\/uploads\/2019\/05\/rodova.jpg","contentUrl":"https:\/\/mhc.org.mk\/wp-content\/uploads\/2019\/05\/rodova.jpg","width":640,"height":418},{"@type":"BreadcrumbList","@id":"https:\/\/mhc.org.mk\/sq\/barazia-gjinore\/#breadcrumb","itemListElement":[{"@type":"ListItem","position":1,"name":"Home","item":"https:\/\/mhc.org.mk\/sq\/"},{"@type":"ListItem","position":2,"name":"Barazia gjinore"}]},{"@type":"WebSite","@id":"https:\/\/mhc.org.mk\/sq\/#website","url":"https:\/\/mhc.org.mk\/sq\/","name":"\u0425\u0435\u043b\u0441\u0438\u043d\u0448\u043a\u0438 \u043a\u043e\u043c\u0438\u0442\u0435\u0442 \u0437\u0430 \u0447\u043e\u0432\u0435\u043a\u043e\u0432\u0438 \u043f\u0440\u0430\u0432\u0430","description":"Vizioni i Komitetit t\u00eb Helsinkit p\u00ebr t\u00eb Drejtat e Njeriut \u00ebsht\u00eb shoq\u00ebri n\u00eb t\u00eb cil\u00ebn t\u00eb gjith\u00eb njer\u00ebzit i g\u00ebzojn\u00eb dhe praktikojn\u00eb t\u00eb drejtat dhe lirit\u00eb e tyre themelore dhe kan\u00eb mbrojtje n\u00eb rast t\u00eb shkeljes ose kufizimit t\u00eb tyre.","publisher":{"@id":"https:\/\/mhc.org.mk\/sq\/#organization"},"alternateName":"The Helsinki Committee for Human Rights","potentialAction":[{"@type":"SearchAction","target":{"@type":"EntryPoint","urlTemplate":"https:\/\/mhc.org.mk\/sq\/?s={search_term_string}"},"query-input":{"@type":"PropertyValueSpecification","valueRequired":true,"valueName":"search_term_string"}}],"inLanguage":"sq-AL"},{"@type":"Organization","@id":"https:\/\/mhc.org.mk\/sq\/#organization","name":"\u0425\u0435\u043b\u0441\u0438\u043d\u0448\u043a\u0438 \u043a\u043e\u043c\u0438\u0442\u0435\u0442 \u0437\u0430 \u0447\u043e\u0432\u0435\u043a\u043e\u0432\u0438 \u043f\u0440\u0430\u0432\u0430","alternateName":"The Helsinki Committee for Human Rights","url":"https:\/\/mhc.org.mk\/sq\/","logo":{"@type":"ImageObject","inLanguage":"sq-AL","@id":"https:\/\/mhc.org.mk\/sq\/#\/schema\/logo\/image\/","url":"https:\/\/mhc.org.mk\/wp-content\/uploads\/2024\/12\/mhc-mk-default.webp","contentUrl":"https:\/\/mhc.org.mk\/wp-content\/uploads\/2024\/12\/mhc-mk-default.webp","width":640,"height":418,"caption":"\u0425\u0435\u043b\u0441\u0438\u043d\u0448\u043a\u0438 \u043a\u043e\u043c\u0438\u0442\u0435\u0442 \u0437\u0430 \u0447\u043e\u0432\u0435\u043a\u043e\u0432\u0438 \u043f\u0440\u0430\u0432\u0430"},"image":{"@id":"https:\/\/mhc.org.mk\/sq\/#\/schema\/logo\/image\/"},"sameAs":["https:\/\/www.facebook.com\/MacedonianHelsinkiCommittee\/","https:\/\/x.com\/Helsinshki","https:\/\/www.linkedin.com\/company\/helsinki-committee-for-human-rights-of-the-republic-of-macedonia\/","https:\/\/www.youtube.com\/user\/Helkom1994"]}]}},"_links":{"self":[{"href":"https:\/\/mhc.org.mk\/sq\/wp-json\/wp\/v2\/pages\/2411","targetHints":{"allow":["GET"]}}],"collection":[{"href":"https:\/\/mhc.org.mk\/sq\/wp-json\/wp\/v2\/pages"}],"about":[{"href":"https:\/\/mhc.org.mk\/sq\/wp-json\/wp\/v2\/types\/page"}],"author":[{"embeddable":true,"href":"https:\/\/mhc.org.mk\/sq\/wp-json\/wp\/v2\/users\/1"}],"replies":[{"embeddable":true,"href":"https:\/\/mhc.org.mk\/sq\/wp-json\/wp\/v2\/comments?post=2411"}],"version-history":[{"count":0,"href":"https:\/\/mhc.org.mk\/sq\/wp-json\/wp\/v2\/pages\/2411\/revisions"}],"wp:featuredmedia":[{"embeddable":true,"href":"https:\/\/mhc.org.mk\/sq\/wp-json\/wp\/v2\/media\/2101"}],"wp:attachment":[{"href":"https:\/\/mhc.org.mk\/sq\/wp-json\/wp\/v2\/media?parent=2411"}],"curies":[{"name":"wp","href":"https:\/\/api.w.org\/{rel}","templated":true}]}}