{"id":2407,"date":"2019-05-09T22:22:04","date_gmt":"2019-05-09T22:22:04","guid":{"rendered":"https:\/\/new.mhc.org.mk\/mundesite-e-barabarta\/"},"modified":"2024-11-10T15:56:36","modified_gmt":"2024-11-10T15:56:36","slug":"mundesite-e-barabarta","status":"publish","type":"page","link":"https:\/\/mhc.org.mk\/sq\/mundesite-e-barabarta\/","title":{"rendered":"Mund\u00ebsit\u00eb e barabarta"},"content":{"rendered":"<p>T\u00eb gjith\u00eb qytetar\u00ebt n\u00eb vend kan\u00eb t\u00eb drejt\u00ebn q\u00eb barabart\u00ebsisht t\u00eb marrin pjes\u00eb n\u00eb jet\u00ebn shoq\u00ebrore, sociale dhe ekonomike. P\u00ebr ta realizuar k\u00ebt\u00eb, nevojitet krijimi i kushteve ku t\u00eb gjith\u00eb do t\u00eb jen\u00eb t\u00eb barabart\u00eb dhe do t\u2019i g\u00ebzojn\u00eb t\u00eb drejtat e veta. Komiteti i Helsinkit po punon n\u00eb m\u00ebnyr\u00eb aktive n\u00eb krijimin e nj\u00eb shoq\u00ebrie ku mund\u00ebsit\u00eb e pun\u00ebsimit, arsimimit, serviseve sociale dhe aksesit n\u00eb drejt\u00ebsi jan\u00eb t\u00eb disponueshme p\u00ebr t\u00eb gjitha grupet e margjinalizuara t\u00eb qytetar\u00ebve, si\u00e7 jan\u00eb personat LGBTI, punonj\u00ebset e tekstilit, grat\u00eb viktima t\u00eb dhun\u00ebs n\u00eb baz\u00eb t\u00eb gjinis\u00eb dhe Rom\u00ebt.<\/p>\n<p>Komiteti i Helsinkit p\u00ebr t\u00eb Drejtat e Njeriut niset nga parimi i mund\u00ebsive t\u00eb barabarta dhe mosdiskriminimit t\u00eb t\u00eb gjitha grupeve t\u00eb qytetar\u00ebve, e sidomos t\u00eb grupeve t\u00eb margjinalizuara, t\u00eb cilat po p\u00ebrballen me pengesa dhe v\u00ebshtir\u00ebsi n\u00eb realizimin e t\u00eb drejtave t\u00eb veta. Me nj\u00eb qasje gjith\u00ebp\u00ebrfshir\u00ebse, ne ofrojm\u00eb:<\/p>\n<p>&#8211; sigurimin e ndihm\u00ebs juridike falas;<\/p>\n<p>&#8211; servise p\u00ebr qytetar\u00ebt (p\u00ebrfshir\u00eb dhe Sht\u00ebpin\u00eb e Sigurt p\u00ebr personat LGBTI), dhe<\/p>\n<p>&#8211; sensibilizimin dhe trajnimin e sh\u00ebrbimeve profesionale brenda institucioneve.<\/p>\n<p>Me an\u00eb t\u00eb t\u00eb lartp\u00ebrmendurave, Komiteti i Helsinkit vepron n\u00eb drejtim t\u00eb objektivit t\u00eb vet p\u00ebr krijimin e nj\u00eb shoq\u00ebrie ku do t\u00eb respektohen t\u00eb drejtat baz\u00eb t\u00eb njeriut, dinjiteti i njeriut, demokracia dhe sundimi i ligjit.<\/p>\n","protected":false},"excerpt":{"rendered":"<p>T\u00eb gjith\u00eb qytetar\u00ebt n\u00eb vend kan\u00eb t\u00eb drejt\u00ebn q\u00eb barabart\u00ebsisht t\u00eb marrin pjes\u00eb n\u00eb jet\u00ebn shoq\u00ebrore, sociale dhe ekonomike. P\u00ebr ta realizuar k\u00ebt\u00eb, nevojitet krijimi i kushteve ku t\u00eb gjith\u00eb do t\u00eb jen\u00eb t\u00eb barabart\u00eb dhe do t\u2019i g\u00ebzojn\u00eb t\u00eb drejtat e veta. Komiteti i Helsinkit po punon n\u00eb m\u00ebnyr\u00eb aktive n\u00eb krijimin e nj\u00eb [&#8230;]<\/p>\n<p><a class=\"btn btn-secondary understrap-read-more-link\" href=\"https:\/\/mhc.org.mk\/sq\/mundesite-e-barabarta\/\">Read More&#8230;<span class=\"screen-reader-text\"> from Mund\u00ebsit\u00eb e barabarta<\/span><\/a><\/p>\n","protected":false},"author":1,"featured_media":2099,"parent":0,"menu_order":0,"comment_status":"closed","ping_status":"closed","template":"","meta":{"_acf_changed":false,"footnotes":""},"class_list":["post-2407","page","type-page","status-publish","has-post-thumbnail","hentry"],"acf":[],"yoast_head":"<!-- This site is optimized with the Yoast SEO plugin v27.3 - https:\/\/yoast.com\/product\/yoast-seo-wordpress\/ -->\n<title>Mund\u00ebsit\u00eb e barabarta - Komitetit t\u00eb Helsinkit p\u00ebr t\u00eb Drejtat e Njeriut<\/title>\n<meta name=\"robots\" content=\"index, follow, max-snippet:-1, max-image-preview:large, max-video-preview:-1\" \/>\n<link rel=\"canonical\" href=\"https:\/\/mhc.org.mk\/sq\/mundesite-e-barabarta\/\" \/>\n<meta property=\"og:locale\" content=\"sq_AL\" \/>\n<meta property=\"og:type\" content=\"article\" \/>\n<meta property=\"og:title\" content=\"Mund\u00ebsit\u00eb e barabarta - Komitetit t\u00eb Helsinkit p\u00ebr t\u00eb Drejtat e Njeriut\" \/>\n<meta property=\"og:description\" content=\"T\u00eb gjith\u00eb qytetar\u00ebt n\u00eb vend kan\u00eb t\u00eb drejt\u00ebn q\u00eb barabart\u00ebsisht t\u00eb marrin pjes\u00eb n\u00eb jet\u00ebn shoq\u00ebrore, sociale dhe ekonomike. P\u00ebr ta realizuar k\u00ebt\u00eb, nevojitet krijimi i kushteve ku t\u00eb gjith\u00eb do t\u00eb jen\u00eb t\u00eb barabart\u00eb dhe do t\u2019i g\u00ebzojn\u00eb t\u00eb drejtat e veta. Komiteti i Helsinkit po punon n\u00eb m\u00ebnyr\u00eb aktive n\u00eb krijimin e nj\u00eb [...]Read More... from Mund\u00ebsit\u00eb e barabarta\" \/>\n<meta property=\"og:url\" content=\"https:\/\/mhc.org.mk\/sq\/mundesite-e-barabarta\/\" \/>\n<meta property=\"og:site_name\" content=\"Komitetit t\u00eb Helsinkit p\u00ebr t\u00eb Drejtat e Njeriut\" \/>\n<meta property=\"article:publisher\" content=\"https:\/\/www.facebook.com\/MacedonianHelsinkiCommittee\/\" \/>\n<meta property=\"article:modified_time\" content=\"2024-11-10T15:56:36+00:00\" \/>\n<meta property=\"og:image\" content=\"https:\/\/mhc.org.mk\/wp-content\/uploads\/2019\/05\/equalrights.jpg\" \/>\n\t<meta property=\"og:image:width\" content=\"640\" \/>\n\t<meta property=\"og:image:height\" content=\"418\" \/>\n\t<meta property=\"og:image:type\" content=\"image\/jpeg\" \/>\n<meta name=\"twitter:card\" content=\"summary_large_image\" \/>\n<meta name=\"twitter:site\" content=\"@Helsinshki\" \/>\n<meta name=\"twitter:label1\" content=\"Est. reading time\" \/>\n\t<meta name=\"twitter:data1\" content=\"1 minute\" \/>\n<script type=\"application\/ld+json\" class=\"yoast-schema-graph\">{\"@context\":\"https:\\\/\\\/schema.org\",\"@graph\":[{\"@type\":\"WebPage\",\"@id\":\"https:\\\/\\\/mhc.org.mk\\\/sq\\\/mundesite-e-barabarta\\\/\",\"url\":\"https:\\\/\\\/mhc.org.mk\\\/sq\\\/mundesite-e-barabarta\\\/\",\"name\":\"Mund\u00ebsit\u00eb e barabarta - Komitetit t\u00eb Helsinkit p\u00ebr t\u00eb Drejtat e Njeriut\",\"isPartOf\":{\"@id\":\"https:\\\/\\\/mhc.org.mk\\\/sq\\\/#website\"},\"primaryImageOfPage\":{\"@id\":\"https:\\\/\\\/mhc.org.mk\\\/sq\\\/mundesite-e-barabarta\\\/#primaryimage\"},\"image\":{\"@id\":\"https:\\\/\\\/mhc.org.mk\\\/sq\\\/mundesite-e-barabarta\\\/#primaryimage\"},\"thumbnailUrl\":\"https:\\\/\\\/mhc.org.mk\\\/wp-content\\\/uploads\\\/2019\\\/05\\\/equalrights.jpg\",\"datePublished\":\"2019-05-09T22:22:04+00:00\",\"dateModified\":\"2024-11-10T15:56:36+00:00\",\"breadcrumb\":{\"@id\":\"https:\\\/\\\/mhc.org.mk\\\/sq\\\/mundesite-e-barabarta\\\/#breadcrumb\"},\"inLanguage\":\"sq-AL\",\"potentialAction\":[{\"@type\":\"ReadAction\",\"target\":[\"https:\\\/\\\/mhc.org.mk\\\/sq\\\/mundesite-e-barabarta\\\/\"]}]},{\"@type\":\"ImageObject\",\"inLanguage\":\"sq-AL\",\"@id\":\"https:\\\/\\\/mhc.org.mk\\\/sq\\\/mundesite-e-barabarta\\\/#primaryimage\",\"url\":\"https:\\\/\\\/mhc.org.mk\\\/wp-content\\\/uploads\\\/2019\\\/05\\\/equalrights.jpg\",\"contentUrl\":\"https:\\\/\\\/mhc.org.mk\\\/wp-content\\\/uploads\\\/2019\\\/05\\\/equalrights.jpg\",\"width\":640,\"height\":418},{\"@type\":\"BreadcrumbList\",\"@id\":\"https:\\\/\\\/mhc.org.mk\\\/sq\\\/mundesite-e-barabarta\\\/#breadcrumb\",\"itemListElement\":[{\"@type\":\"ListItem\",\"position\":1,\"name\":\"Home\",\"item\":\"https:\\\/\\\/mhc.org.mk\\\/sq\\\/\"},{\"@type\":\"ListItem\",\"position\":2,\"name\":\"Mund\u00ebsit\u00eb e barabarta\"}]},{\"@type\":\"WebSite\",\"@id\":\"https:\\\/\\\/mhc.org.mk\\\/sq\\\/#website\",\"url\":\"https:\\\/\\\/mhc.org.mk\\\/sq\\\/\",\"name\":\"\u0425\u0435\u043b\u0441\u0438\u043d\u0448\u043a\u0438 \u043a\u043e\u043c\u0438\u0442\u0435\u0442 \u0437\u0430 \u0447\u043e\u0432\u0435\u043a\u043e\u0432\u0438 \u043f\u0440\u0430\u0432\u0430\",\"description\":\"Vizioni i Komitetit t\u00eb Helsinkit p\u00ebr t\u00eb Drejtat e Njeriut \u00ebsht\u00eb shoq\u00ebri n\u00eb t\u00eb cil\u00ebn t\u00eb gjith\u00eb njer\u00ebzit i g\u00ebzojn\u00eb dhe praktikojn\u00eb t\u00eb drejtat dhe lirit\u00eb e tyre themelore dhe kan\u00eb mbrojtje n\u00eb rast t\u00eb shkeljes ose kufizimit t\u00eb tyre.\",\"publisher\":{\"@id\":\"https:\\\/\\\/mhc.org.mk\\\/sq\\\/#organization\"},\"alternateName\":\"The Helsinki Committee for Human Rights\",\"potentialAction\":[{\"@type\":\"SearchAction\",\"target\":{\"@type\":\"EntryPoint\",\"urlTemplate\":\"https:\\\/\\\/mhc.org.mk\\\/sq\\\/?s={search_term_string}\"},\"query-input\":{\"@type\":\"PropertyValueSpecification\",\"valueRequired\":true,\"valueName\":\"search_term_string\"}}],\"inLanguage\":\"sq-AL\"},{\"@type\":\"Organization\",\"@id\":\"https:\\\/\\\/mhc.org.mk\\\/sq\\\/#organization\",\"name\":\"\u0425\u0435\u043b\u0441\u0438\u043d\u0448\u043a\u0438 \u043a\u043e\u043c\u0438\u0442\u0435\u0442 \u0437\u0430 \u0447\u043e\u0432\u0435\u043a\u043e\u0432\u0438 \u043f\u0440\u0430\u0432\u0430\",\"alternateName\":\"The Helsinki Committee for Human Rights\",\"url\":\"https:\\\/\\\/mhc.org.mk\\\/sq\\\/\",\"logo\":{\"@type\":\"ImageObject\",\"inLanguage\":\"sq-AL\",\"@id\":\"https:\\\/\\\/mhc.org.mk\\\/sq\\\/#\\\/schema\\\/logo\\\/image\\\/\",\"url\":\"https:\\\/\\\/mhc.org.mk\\\/wp-content\\\/uploads\\\/2024\\\/12\\\/mhc-mk-default.webp\",\"contentUrl\":\"https:\\\/\\\/mhc.org.mk\\\/wp-content\\\/uploads\\\/2024\\\/12\\\/mhc-mk-default.webp\",\"width\":640,\"height\":418,\"caption\":\"\u0425\u0435\u043b\u0441\u0438\u043d\u0448\u043a\u0438 \u043a\u043e\u043c\u0438\u0442\u0435\u0442 \u0437\u0430 \u0447\u043e\u0432\u0435\u043a\u043e\u0432\u0438 \u043f\u0440\u0430\u0432\u0430\"},\"image\":{\"@id\":\"https:\\\/\\\/mhc.org.mk\\\/sq\\\/#\\\/schema\\\/logo\\\/image\\\/\"},\"sameAs\":[\"https:\\\/\\\/www.facebook.com\\\/MacedonianHelsinkiCommittee\\\/\",\"https:\\\/\\\/x.com\\\/Helsinshki\",\"https:\\\/\\\/www.linkedin.com\\\/company\\\/helsinki-committee-for-human-rights-of-the-republic-of-macedonia\\\/\",\"https:\\\/\\\/www.youtube.com\\\/user\\\/Helkom1994\"]}]}<\/script>\n<!-- \/ Yoast SEO plugin. -->","yoast_head_json":{"title":"Mund\u00ebsit\u00eb e barabarta - Komitetit t\u00eb Helsinkit p\u00ebr t\u00eb Drejtat e Njeriut","robots":{"index":"index","follow":"follow","max-snippet":"max-snippet:-1","max-image-preview":"max-image-preview:large","max-video-preview":"max-video-preview:-1"},"canonical":"https:\/\/mhc.org.mk\/sq\/mundesite-e-barabarta\/","og_locale":"sq_AL","og_type":"article","og_title":"Mund\u00ebsit\u00eb e barabarta - Komitetit t\u00eb Helsinkit p\u00ebr t\u00eb Drejtat e Njeriut","og_description":"T\u00eb gjith\u00eb qytetar\u00ebt n\u00eb vend kan\u00eb t\u00eb drejt\u00ebn q\u00eb barabart\u00ebsisht t\u00eb marrin pjes\u00eb n\u00eb jet\u00ebn shoq\u00ebrore, sociale dhe ekonomike. P\u00ebr ta realizuar k\u00ebt\u00eb, nevojitet krijimi i kushteve ku t\u00eb gjith\u00eb do t\u00eb jen\u00eb t\u00eb barabart\u00eb dhe do t\u2019i g\u00ebzojn\u00eb t\u00eb drejtat e veta. Komiteti i Helsinkit po punon n\u00eb m\u00ebnyr\u00eb aktive n\u00eb krijimin e nj\u00eb [...]Read More... from Mund\u00ebsit\u00eb e barabarta","og_url":"https:\/\/mhc.org.mk\/sq\/mundesite-e-barabarta\/","og_site_name":"Komitetit t\u00eb Helsinkit p\u00ebr t\u00eb Drejtat e Njeriut","article_publisher":"https:\/\/www.facebook.com\/MacedonianHelsinkiCommittee\/","article_modified_time":"2024-11-10T15:56:36+00:00","og_image":[{"width":640,"height":418,"url":"https:\/\/mhc.org.mk\/wp-content\/uploads\/2019\/05\/equalrights.jpg","type":"image\/jpeg"}],"twitter_card":"summary_large_image","twitter_site":"@Helsinshki","twitter_misc":{"Est. reading time":"1 minute"},"schema":{"@context":"https:\/\/schema.org","@graph":[{"@type":"WebPage","@id":"https:\/\/mhc.org.mk\/sq\/mundesite-e-barabarta\/","url":"https:\/\/mhc.org.mk\/sq\/mundesite-e-barabarta\/","name":"Mund\u00ebsit\u00eb e barabarta - Komitetit t\u00eb Helsinkit p\u00ebr t\u00eb Drejtat e Njeriut","isPartOf":{"@id":"https:\/\/mhc.org.mk\/sq\/#website"},"primaryImageOfPage":{"@id":"https:\/\/mhc.org.mk\/sq\/mundesite-e-barabarta\/#primaryimage"},"image":{"@id":"https:\/\/mhc.org.mk\/sq\/mundesite-e-barabarta\/#primaryimage"},"thumbnailUrl":"https:\/\/mhc.org.mk\/wp-content\/uploads\/2019\/05\/equalrights.jpg","datePublished":"2019-05-09T22:22:04+00:00","dateModified":"2024-11-10T15:56:36+00:00","breadcrumb":{"@id":"https:\/\/mhc.org.mk\/sq\/mundesite-e-barabarta\/#breadcrumb"},"inLanguage":"sq-AL","potentialAction":[{"@type":"ReadAction","target":["https:\/\/mhc.org.mk\/sq\/mundesite-e-barabarta\/"]}]},{"@type":"ImageObject","inLanguage":"sq-AL","@id":"https:\/\/mhc.org.mk\/sq\/mundesite-e-barabarta\/#primaryimage","url":"https:\/\/mhc.org.mk\/wp-content\/uploads\/2019\/05\/equalrights.jpg","contentUrl":"https:\/\/mhc.org.mk\/wp-content\/uploads\/2019\/05\/equalrights.jpg","width":640,"height":418},{"@type":"BreadcrumbList","@id":"https:\/\/mhc.org.mk\/sq\/mundesite-e-barabarta\/#breadcrumb","itemListElement":[{"@type":"ListItem","position":1,"name":"Home","item":"https:\/\/mhc.org.mk\/sq\/"},{"@type":"ListItem","position":2,"name":"Mund\u00ebsit\u00eb e barabarta"}]},{"@type":"WebSite","@id":"https:\/\/mhc.org.mk\/sq\/#website","url":"https:\/\/mhc.org.mk\/sq\/","name":"\u0425\u0435\u043b\u0441\u0438\u043d\u0448\u043a\u0438 \u043a\u043e\u043c\u0438\u0442\u0435\u0442 \u0437\u0430 \u0447\u043e\u0432\u0435\u043a\u043e\u0432\u0438 \u043f\u0440\u0430\u0432\u0430","description":"Vizioni i Komitetit t\u00eb Helsinkit p\u00ebr t\u00eb Drejtat e Njeriut \u00ebsht\u00eb shoq\u00ebri n\u00eb t\u00eb cil\u00ebn t\u00eb gjith\u00eb njer\u00ebzit i g\u00ebzojn\u00eb dhe praktikojn\u00eb t\u00eb drejtat dhe lirit\u00eb e tyre themelore dhe kan\u00eb mbrojtje n\u00eb rast t\u00eb shkeljes ose kufizimit t\u00eb tyre.","publisher":{"@id":"https:\/\/mhc.org.mk\/sq\/#organization"},"alternateName":"The Helsinki Committee for Human Rights","potentialAction":[{"@type":"SearchAction","target":{"@type":"EntryPoint","urlTemplate":"https:\/\/mhc.org.mk\/sq\/?s={search_term_string}"},"query-input":{"@type":"PropertyValueSpecification","valueRequired":true,"valueName":"search_term_string"}}],"inLanguage":"sq-AL"},{"@type":"Organization","@id":"https:\/\/mhc.org.mk\/sq\/#organization","name":"\u0425\u0435\u043b\u0441\u0438\u043d\u0448\u043a\u0438 \u043a\u043e\u043c\u0438\u0442\u0435\u0442 \u0437\u0430 \u0447\u043e\u0432\u0435\u043a\u043e\u0432\u0438 \u043f\u0440\u0430\u0432\u0430","alternateName":"The Helsinki Committee for Human Rights","url":"https:\/\/mhc.org.mk\/sq\/","logo":{"@type":"ImageObject","inLanguage":"sq-AL","@id":"https:\/\/mhc.org.mk\/sq\/#\/schema\/logo\/image\/","url":"https:\/\/mhc.org.mk\/wp-content\/uploads\/2024\/12\/mhc-mk-default.webp","contentUrl":"https:\/\/mhc.org.mk\/wp-content\/uploads\/2024\/12\/mhc-mk-default.webp","width":640,"height":418,"caption":"\u0425\u0435\u043b\u0441\u0438\u043d\u0448\u043a\u0438 \u043a\u043e\u043c\u0438\u0442\u0435\u0442 \u0437\u0430 \u0447\u043e\u0432\u0435\u043a\u043e\u0432\u0438 \u043f\u0440\u0430\u0432\u0430"},"image":{"@id":"https:\/\/mhc.org.mk\/sq\/#\/schema\/logo\/image\/"},"sameAs":["https:\/\/www.facebook.com\/MacedonianHelsinkiCommittee\/","https:\/\/x.com\/Helsinshki","https:\/\/www.linkedin.com\/company\/helsinki-committee-for-human-rights-of-the-republic-of-macedonia\/","https:\/\/www.youtube.com\/user\/Helkom1994"]}]}},"_links":{"self":[{"href":"https:\/\/mhc.org.mk\/sq\/wp-json\/wp\/v2\/pages\/2407","targetHints":{"allow":["GET"]}}],"collection":[{"href":"https:\/\/mhc.org.mk\/sq\/wp-json\/wp\/v2\/pages"}],"about":[{"href":"https:\/\/mhc.org.mk\/sq\/wp-json\/wp\/v2\/types\/page"}],"author":[{"embeddable":true,"href":"https:\/\/mhc.org.mk\/sq\/wp-json\/wp\/v2\/users\/1"}],"replies":[{"embeddable":true,"href":"https:\/\/mhc.org.mk\/sq\/wp-json\/wp\/v2\/comments?post=2407"}],"version-history":[{"count":0,"href":"https:\/\/mhc.org.mk\/sq\/wp-json\/wp\/v2\/pages\/2407\/revisions"}],"wp:featuredmedia":[{"embeddable":true,"href":"https:\/\/mhc.org.mk\/sq\/wp-json\/wp\/v2\/media\/2099"}],"wp:attachment":[{"href":"https:\/\/mhc.org.mk\/sq\/wp-json\/wp\/v2\/media?parent=2407"}],"curies":[{"name":"wp","href":"https:\/\/api.w.org\/{rel}","templated":true}]}}