{"id":1407,"date":"2019-06-09T19:54:55","date_gmt":"2019-06-09T19:54:55","guid":{"rendered":"https:\/\/new.mhc.org.mk\/forma-per-ndihme-juridike-falas\/"},"modified":"2024-11-13T21:14:18","modified_gmt":"2024-11-13T21:14:18","slug":"forma-per-ndihme-juridike-falas","status":"publish","type":"page","link":"https:\/\/mhc.org.mk\/sq\/forma-per-ndihme-juridike-falas\/","title":{"rendered":"Forma p\u00ebr ndihm\u00eb juridike falas"},"content":{"rendered":"\n<div class=\"wpcf7 no-js\" id=\"wpcf7-f2516-o1\" lang=\"sq-AL\" dir=\"ltr\" data-wpcf7-id=\"2516\">\n<div class=\"screen-reader-response\"><p role=\"status\" aria-live=\"polite\" aria-atomic=\"true\"><\/p> <ul><\/ul><\/div>\n<form action=\"\/sq\/wp-json\/wp\/v2\/pages\/1407#wpcf7-f2516-o1\" method=\"post\" class=\"wpcf7-form init\" aria-label=\"Contact form\" enctype=\"multipart\/form-data\" novalidate=\"novalidate\" data-status=\"init\">\n<fieldset class=\"hidden-fields-container\"><input type=\"hidden\" name=\"_wpcf7\" value=\"2516\" \/><input type=\"hidden\" name=\"_wpcf7_version\" value=\"6.1.5\" \/><input type=\"hidden\" name=\"_wpcf7_locale\" value=\"sq_AL\" \/><input type=\"hidden\" name=\"_wpcf7_unit_tag\" value=\"wpcf7-f2516-o1\" \/><input type=\"hidden\" name=\"_wpcf7_container_post\" value=\"0\" \/><input type=\"hidden\" name=\"_wpcf7_posted_data_hash\" value=\"\" \/><input type=\"hidden\" name=\"redirect_nonce\" value=\"0c6a1eab96\" \/><input type=\"hidden\" name=\"wpcf7cfpdf_hidden_name\" value=\"Formular-za-BPP-your-name-your-surname-april102026\" \/><input type=\"hidden\" name=\"wpcf7cfpdf_hidden_reference\" value=\"6fcc7821\" \/><input type=\"hidden\" name=\"wpcf7cfpdf_hidden_date\" value=\"April10,2026\" \/><input type=\"hidden\" name=\"_wpcf7_recaptcha_response\" value=\"\" \/>\n<\/fieldset>\n<div class=\"row form-custom\">\n\t<div class=\"col-xl-6 col-sm-12 col-12 form-boot-wrap form-group\">\n\t\t<p><label> Emri dhe mbiemri (*)<br \/>\n<span class=\"wpcf7-form-control-wrap\" data-name=\"your-name\"><input size=\"40\" maxlength=\"400\" class=\"wpcf7-form-control wpcf7-text wpcf7-validates-as-required form-control\" aria-required=\"true\" aria-invalid=\"false\" value=\"\" type=\"text\" name=\"your-name\" \/><\/span> <\/label>\n\t\t<\/p>\n\t<\/div>\n\t<div class=\"col-xl-6 col-sm-12 col-12 form-boot-wrap form-group\">\n\t\t<p><label> Telefoni p\u00ebr kontakt (*)<br \/>\n<span class=\"wpcf7-form-control-wrap\" data-name=\"your-phone\"><input size=\"40\" maxlength=\"400\" class=\"wpcf7-form-control wpcf7-text wpcf7-validates-as-required form-control\" aria-required=\"true\" aria-invalid=\"false\" value=\"\" type=\"text\" name=\"your-phone\" \/><\/span> <\/label>\n\t\t<\/p>\n\t<\/div>\n\t<div class=\"col-xl-6 col-sm-12 col-12 form-boot-wrap form-group\">\n\t\t<p><label> \u0415- mail (*)<br \/>\n<span class=\"wpcf7-form-control-wrap\" data-name=\"your-email\"><input size=\"40\" maxlength=\"400\" class=\"wpcf7-form-control wpcf7-email wpcf7-validates-as-required wpcf7-text wpcf7-validates-as-email form-control\" aria-required=\"true\" aria-invalid=\"false\" value=\"\" type=\"email\" name=\"your-email\" \/><\/span> <\/label>\n\t\t<\/p>\n\t<\/div>\n\t<div class=\"col-xl-6 col-sm-12 col-12 form-boot-wrap form-group\">\n\t\t<p><label> Numri am\u00eb (*)<br \/>\n<span class=\"wpcf7-form-control-wrap\" data-name=\"id-number\"><input size=\"40\" maxlength=\"400\" class=\"wpcf7-form-control wpcf7-text wpcf7-validates-as-required form-control\" aria-required=\"true\" aria-invalid=\"false\" value=\"\" type=\"text\" name=\"id-number\" \/><\/span> <\/label>\n\t\t<\/p>\n\t<\/div>\n\t<div class=\"col-xl-6 col-sm-12 col-12 form-boot-wrap form-group\">\n\t\t<p><label> Vendbanimi (komuna) (*)<br \/>\n<span class=\"wpcf7-form-control-wrap\" data-name=\"your-town\"><input size=\"40\" maxlength=\"400\" class=\"wpcf7-form-control wpcf7-text wpcf7-validates-as-required form-control\" aria-required=\"true\" aria-invalid=\"false\" value=\"\" type=\"text\" name=\"your-town\" \/><\/span> <\/label>\n\t\t<\/p>\n\t<\/div>\n\t<div class=\"col-xl-6 col-sm-12 col-12 form-boot-wrap form-group\">\n\t\t<p><label> Adresa e banimit (*)<br \/>\n<span class=\"wpcf7-form-control-wrap\" data-name=\"your-address\"><input size=\"40\" maxlength=\"400\" class=\"wpcf7-form-control wpcf7-text wpcf7-validates-as-required form-control\" aria-required=\"true\" aria-invalid=\"false\" value=\"\" type=\"text\" name=\"your-address\" \/><\/span> <\/label>\n\t\t<\/p>\n\t<\/div>\n\t<div class=\"col-xl-12 col-sm-12 col-12 form-boot-wrap form-group\">\n\t\t<p><label>Mosha (*)<\/label><br \/>\n<span class=\"wpcf7-form-control-wrap\" data-name=\"radio-500\"><span class=\"wpcf7-form-control wpcf7-radio form-check\"><span class=\"wpcf7-list-item first\"><input type=\"radio\" name=\"radio-500\" value=\"(-18)\" checked=\"checked\" \/><span class=\"wpcf7-list-item-label\">(-18)<\/span><\/span><span class=\"wpcf7-list-item\"><input type=\"radio\" name=\"radio-500\" value=\"(18-25)\" \/><span class=\"wpcf7-list-item-label\">(18-25)<\/span><\/span><span class=\"wpcf7-list-item\"><input type=\"radio\" name=\"radio-500\" value=\"(25-50)\" \/><span class=\"wpcf7-list-item-label\">(25-50)<\/span><\/span><span class=\"wpcf7-list-item last\"><input type=\"radio\" name=\"radio-500\" value=\"(50+)\" \/><span class=\"wpcf7-list-item-label\">(50+)<\/span><\/span><\/span><\/span>\n\t\t<\/p>\n\t<\/div>\n\t<div class=\"col-xl-12 col-sm-12 col-12 form-boot-wrap form-group\">\n\t\t<p><label>P\u00ebrkat\u00ebsia etnike (*)<\/label><br \/>\n<span class=\"wpcf7-form-control-wrap\" data-name=\"radio-550\"><span class=\"wpcf7-form-control wpcf7-radio form-check\"><span class=\"wpcf7-list-item first\"><input type=\"radio\" name=\"radio-550\" value=\"Maqedonas\/e\" checked=\"checked\" \/><span class=\"wpcf7-list-item-label\">Maqedonas\/e<\/span><\/span><span class=\"wpcf7-list-item\"><input type=\"radio\" name=\"radio-550\" value=\"Shqiptar\/e\" \/><span class=\"wpcf7-list-item-label\">Shqiptar\/e<\/span><\/span><span class=\"wpcf7-list-item\"><input type=\"radio\" name=\"radio-550\" value=\"Rom\/e\" \/><span class=\"wpcf7-list-item-label\">Rom\/e<\/span><\/span><span class=\"wpcf7-list-item\"><input type=\"radio\" name=\"radio-550\" value=\"Turk\/e\" \/><span class=\"wpcf7-list-item-label\">Turk\/e<\/span><\/span><span class=\"wpcf7-list-item\"><input type=\"radio\" name=\"radio-550\" value=\"Serb\/e\" \/><span class=\"wpcf7-list-item-label\">Serb\/e<\/span><\/span><span class=\"wpcf7-list-item\"><input type=\"radio\" name=\"radio-550\" value=\"Boshnjak\/e\" \/><span class=\"wpcf7-list-item-label\">Boshnjak\/e<\/span><\/span><span class=\"wpcf7-list-item\"><input type=\"radio\" name=\"radio-550\" value=\"Vllah\/Vllahe\" \/><span class=\"wpcf7-list-item-label\">Vllah\/Vllahe<\/span><\/span><span class=\"wpcf7-list-item last\"><input type=\"radio\" name=\"radio-550\" value=\"tjet\u00ebr\" \/><span class=\"wpcf7-list-item-label\">tjet\u00ebr<\/span><\/span><\/span><\/span>\n\t\t<\/p>\n\t<\/div>\n\t<div class=\"col-xl-6 col-sm-12 col-12 form-boot-wrap form-group\">\n\t\t<p><label> Gjuha amtare<br \/>\n<span class=\"wpcf7-form-control-wrap\" data-name=\"majcin-jazik\"><input size=\"40\" maxlength=\"400\" class=\"wpcf7-form-control wpcf7-text form-control\" aria-invalid=\"false\" value=\"\" type=\"text\" name=\"majcin-jazik\" \/><\/span> <\/label>\n\t\t<\/p>\n\t<\/div>\n\t<div class=\"col-xl-6 col-sm-12 col-12 form-boot-wrap form-group\">\n\t\t<p><label> Arsimimi<br \/>\n<span class=\"wpcf7-form-control-wrap\" data-name=\"obrazovanie\"><input size=\"40\" maxlength=\"400\" class=\"wpcf7-form-control wpcf7-text form-control\" aria-invalid=\"false\" value=\"\" type=\"text\" name=\"obrazovanie\" \/><\/span> <\/label>\n\t\t<\/p>\n\t<\/div>\n\t<div class=\"col-xl-6 col-sm-12 col-12 form-boot-wrap form-group\">\n\t\t<p><label> Religjioni<br \/>\n<span class=\"wpcf7-form-control-wrap\" data-name=\"religija\"><input size=\"40\" maxlength=\"400\" class=\"wpcf7-form-control wpcf7-text form-control\" aria-invalid=\"false\" value=\"\" type=\"text\" name=\"religija\" \/><\/span> <\/label>\n\t\t<\/p>\n\t<\/div>\n\t<div class=\"col-xl-6 col-sm-12 col-12 form-boot-wrap form-group\">\n\t\t<p><label> Gjendja sh\u00ebndet\u00ebsore<br \/>\n<span class=\"wpcf7-form-control-wrap\" data-name=\"zdravstvena-sostojba\"><input size=\"40\" maxlength=\"400\" class=\"wpcf7-form-control wpcf7-text form-control\" aria-invalid=\"false\" value=\"\" type=\"text\" name=\"zdravstvena-sostojba\" \/><\/span> <\/label>\n\t\t<\/p>\n\t<\/div>\n\t<div class=\"col-xl-6 col-sm-12 col-12 form-boot-wrap form-group\">\n\t\t<p><label> Orientimi seksual<br \/>\n<span class=\"wpcf7-form-control-wrap\" data-name=\"sex-orientacija\"><input size=\"40\" maxlength=\"400\" class=\"wpcf7-form-control wpcf7-text form-control\" aria-invalid=\"false\" value=\"\" type=\"text\" name=\"sex-orientacija\" \/><\/span> <\/label>\n\t\t<\/p>\n\t<\/div>\n\t<div class=\"col-xl-6 col-sm-12 col-12 form-boot-wrap form-group\">\n\t\t<p><label> Identiteti gjinor<br \/>\n<span class=\"wpcf7-form-control-wrap\" data-name=\"rodov-identitet\"><input size=\"40\" maxlength=\"400\" class=\"wpcf7-form-control wpcf7-text form-control\" aria-invalid=\"false\" value=\"\" type=\"text\" name=\"rodov-identitet\" \/><\/span> <\/label>\n\t\t<\/p>\n\t<\/div>\n\t<div class=\"col-xl-6 col-sm-12 col-12 form-boot-wrap form-group\">\n\t\t<p><label> P\u00ebrkat\u00ebsia politike<br \/>\n<span class=\"wpcf7-form-control-wrap\" data-name=\"politicka-pripadnost\"><input size=\"40\" maxlength=\"400\" class=\"wpcf7-form-control wpcf7-text form-control\" aria-invalid=\"false\" value=\"\" type=\"text\" name=\"politicka-pripadnost\" \/><\/span> <\/label>\n\t\t<\/p>\n\t<\/div>\n\t<div class=\"col-xl-6 col-sm-12 col-12 form-boot-wrap form-group\">\n\t\t<p><label> Statusi social<br \/>\n<span class=\"wpcf7-form-control-wrap\" data-name=\"socijalen\"><input size=\"40\" maxlength=\"400\" class=\"wpcf7-form-control wpcf7-text form-control\" aria-invalid=\"false\" value=\"\" type=\"text\" name=\"socijalen\" \/><\/span> <\/label>\n\t\t<\/p>\n\t<\/div>\n\t<div class=\"col-xl-12 col-sm-12 col-12 form-boot-wrap form-group\">\n\t\t<h3>Problemi juridik\n\t\t<\/h3>\n\t\t<p><label> Shpjegoni rastin tuaj duke sqaruar m\u00eb holl\u00ebsisht mbi arsyet e parashtrimit t\u00eb k\u00ebsaj k\u00ebrkese. Me k\u00ebt\u00eb k\u00ebrkes\u00eb bashk\u00ebngjitni edhe kopjet e dokumenteve t\u00eb r\u00ebnd\u00ebsishme p\u00ebr rastin. N\u00ebse nuk mund t\u00eb siguroni kopje, Ju lutemi t\u00eb d\u00ebrgoni dokumentet origjinale (t\u00eb nj\u00ebjtat do t\u2019ju kthehen).<br \/>\n<span class=\"wpcf7-form-control-wrap\" data-name=\"textarea-448\"><textarea cols=\"40\" rows=\"10\" maxlength=\"2000\" class=\"wpcf7-form-control wpcf7-textarea form-control\" aria-invalid=\"false\" name=\"textarea-448\"><\/textarea><\/span><br \/>\n<\/label>\n\t\t<\/p>\n\t<\/div>\n\t<div class=\"col-xl-12 col-sm-12 col-12 form-boot-wrap form-group file-attachments\">\n\t\t<h3>Ngarko dokumentet\n\t\t<\/h3>\n\t\t<p><label><strong>Dokument 1<\/strong><small>(filetipe t\u00eb lejuara: PDF, Microsoft Word, foto : jpg, png, webp)<\/small><br \/>\n<span class=\"wpcf7-form-control-wrap\" data-name=\"attach-file-1\"><input size=\"40\" class=\"wpcf7-form-control wpcf7-file\" accept=\".jpg,.jpeg,.png,.webp,.pdf,.doc,.docx\" aria-invalid=\"false\" type=\"file\" name=\"attach-file-1\" \/><\/span> <\/label><br \/>\n<label><strong>Dokument 2<\/strong><small>(filetipe t\u00eb lejuara: PDF, Microsoft Word, foto : jpg, png, webp)<\/small><br \/>\n<span class=\"wpcf7-form-control-wrap\" data-name=\"attach-file-2\"><input size=\"40\" class=\"wpcf7-form-control wpcf7-file\" accept=\".jpg,.jpeg,.png,.webp,.pdf,.doc,.docx\" aria-invalid=\"false\" type=\"file\" name=\"attach-file-2\" \/><\/span> <\/label><br \/>\n<label><strong>Dokument 3<\/strong><small>(filetipe t\u00eb lejuara: PDF, Microsoft Word, foto : jpg, png, webp)<\/small><br \/>\n<span class=\"wpcf7-form-control-wrap\" data-name=\"attach-file-3\"><input size=\"40\" class=\"wpcf7-form-control wpcf7-file\" accept=\".jpg,.jpeg,.png,.webp,.pdf,.doc,.docx\" aria-invalid=\"false\" type=\"file\" name=\"attach-file-3\" \/><\/span> <\/label><br \/>\n<label><strong>Dokument 4<\/strong><small>(filetipe t\u00eb lejuara: PDF, Microsoft Word, foto : jpg, png, webp)<\/small><br \/>\n<span class=\"wpcf7-form-control-wrap\" data-name=\"attach-file-4\"><input size=\"40\" class=\"wpcf7-form-control wpcf7-file\" accept=\".jpg,.jpeg,.png,.webp,.pdf,.doc,.docx\" aria-invalid=\"false\" type=\"file\" name=\"attach-file-4\" \/><\/span> <\/label><br \/>\n<label><strong>Dokument 5<\/strong><small>(filetipe t\u00eb lejuara: PDF, Microsoft Word, foto : jpg, png, webp)<\/small><br \/>\n<span class=\"wpcf7-form-control-wrap\" data-name=\"attach-file-5\"><input size=\"40\" class=\"wpcf7-form-control wpcf7-file\" accept=\".jpg,.jpeg,.png,.webp,.pdf,.doc,.docx\" aria-invalid=\"false\" type=\"file\" name=\"attach-file-5\" \/><\/span> <\/label>\n\t\t<\/p>\n\t<\/div>\n\t<div class=\"col-xl-12 col-sm-12 col-12 form-boot-wrap form-group\">\n\t\t<p><span class=\"wpcf7-form-control-wrap\" data-name=\"accept-this-1\"><span class=\"wpcf7-form-control wpcf7-acceptance\"><span class=\"wpcf7-list-item\"><label><input type=\"checkbox\" name=\"accept-this-1\" value=\"1\" aria-invalid=\"false\" \/><span class=\"wpcf7-list-item-label\">\u201eBie dakord q\u00eb t\u00eb dh\u00ebnat e mia personale t\u00eb p\u00ebrpunohen dhe p\u00ebrdoren n\u00eb p\u00ebrputhje me Ligjin p\u00ebr mbrojtjen e t\u00eb dh\u00ebnave personale nga ana e shoqat\u00ebs s\u00eb autorizuar p\u00ebr dh\u00ebnien e ndihm\u00ebs paraprake juridike \u2013 KOMITETI I HELSINKIT P\u00cbR T\u00cb DREJTAT E NJERIUT\u201c.<\/span><\/label><\/span><\/span><\/span>\n\t\t<\/p>\n\t\t<p style=\"margin-top:10px;\"><br \/>\n<strong>T\u00eb dh\u00ebnat tuaja do t\u00eb p\u00ebrdoren vet\u00ebm p\u00ebr procesimin e rastit dhe p\u00ebrpunohen p\u00ebr menaxhimin e regjistrimeve t\u00eb brendshme statistikore.<\/strong>\n\t\t<\/p>\n\t<\/div>\n\t<p><span id=\"wpcf7-69d8bba116063-wrapper\" class=\"wpcf7-form-control-wrap honeypot-658-wrap\" style=\"display:none !important; visibility:hidden !important;\"><label for=\"wpcf7-69d8bba116063-field\" class=\"hp-message\">Please leave this field empty.<\/label><input id=\"wpcf7-69d8bba116063-field\"  class=\"wpcf7-form-control wpcf7-text\" type=\"text\" name=\"honeypot-658\" value=\"\" size=\"40\" tabindex=\"-1\" autocomplete=\"new-password\" \/><\/span>\n\t<\/p>\n<span class=\"wpcf7-form-control-wrap recaptcha\" data-name=\"recaptcha\"><span data-sitekey=\"6Lev_aUUAAAAAAy2Hwlbkb8KxJv_CwpA3vUPFEer\" class=\"wpcf7-form-control wpcf7-recaptcha g-recaptcha\"><\/span>\r\n<noscript>\r\n\t<div class=\"grecaptcha-noscript\">\r\n\t\t<iframe loading=\"lazy\" src=\"https:\/\/www.google.com\/recaptcha\/api\/fallback?k=6Lev_aUUAAAAAAy2Hwlbkb8KxJv_CwpA3vUPFEer\" frameborder=\"0\" scrolling=\"no\" width=\"310\" height=\"430\">\r\n\t\t<\/iframe>\r\n\t\t<textarea name=\"g-recaptcha-response\" rows=\"3\" cols=\"40\" placeholder=\"reCaptcha Response Here\">\r\n\t\t<\/textarea>\r\n\t<\/div>\r\n<\/noscript>\r\n<\/span>\n\t<div class=\"col-xl-12 col-sm-12 col-12 form-boot-wrap form-group text-right\">\n\t\t<p><input class=\"wpcf7-form-control wpcf7-submit has-spinner\" type=\"submit\" value=\"D\u00cbRGO\" \/>\n\t\t<\/p>\n\t<\/div>\n<\/div><p style=\"display: none !important;\" class=\"akismet-fields-container\" data-prefix=\"_wpcf7_ak_\"><label>&#916;<textarea name=\"_wpcf7_ak_hp_textarea\" cols=\"45\" rows=\"8\" maxlength=\"100\"><\/textarea><\/label><input type=\"hidden\" id=\"ak_js_1\" name=\"_wpcf7_ak_js\" value=\"65\"\/><script>document.getElementById( \"ak_js_1\" ).setAttribute( \"value\", ( new Date() ).getTime() );<\/script><\/p><div class=\"wpcf7-response-output\" aria-hidden=\"true\"><\/div>\n<\/form>\n<\/div>\n\n","protected":false},"excerpt":{"rendered":"<p> [&#8230;]<\/p>\n<p><a class=\"btn btn-secondary understrap-read-more-link\" href=\"https:\/\/mhc.org.mk\/sq\/forma-per-ndihme-juridike-falas\/\">Read More&#8230;<span class=\"screen-reader-text\"> from Forma p\u00ebr ndihm\u00eb juridike falas<\/span><\/a><\/p>\n","protected":false},"author":1,"featured_media":0,"parent":0,"menu_order":0,"comment_status":"closed","ping_status":"closed","template":"","meta":{"_acf_changed":false,"footnotes":""},"class_list":["post-1407","page","type-page","status-publish","hentry"],"acf":[],"yoast_head":"<!-- This site is optimized with the Yoast SEO plugin v27.3 - https:\/\/yoast.com\/product\/yoast-seo-wordpress\/ -->\n<title>Forma p\u00ebr ndihm\u00eb juridike falas - Komitetit t\u00eb Helsinkit p\u00ebr t\u00eb Drejtat e Njeriut<\/title>\n<meta name=\"robots\" content=\"index, follow, max-snippet:-1, max-image-preview:large, max-video-preview:-1\" \/>\n<link rel=\"canonical\" href=\"https:\/\/mhc.org.mk\/sq\/forma-per-ndihme-juridike-falas\/\" \/>\n<meta property=\"og:locale\" content=\"sq_AL\" \/>\n<meta property=\"og:type\" content=\"article\" \/>\n<meta property=\"og:title\" content=\"Forma p\u00ebr ndihm\u00eb juridike falas - Komitetit t\u00eb Helsinkit p\u00ebr t\u00eb Drejtat e Njeriut\" \/>\n<meta property=\"og:description\" content=\"[...]Read More... from Forma p\u00ebr ndihm\u00eb juridike falas\" \/>\n<meta property=\"og:url\" content=\"https:\/\/mhc.org.mk\/sq\/forma-per-ndihme-juridike-falas\/\" \/>\n<meta property=\"og:site_name\" content=\"Komitetit t\u00eb Helsinkit p\u00ebr t\u00eb Drejtat e Njeriut\" \/>\n<meta property=\"article:publisher\" content=\"https:\/\/www.facebook.com\/MacedonianHelsinkiCommittee\/\" \/>\n<meta property=\"article:modified_time\" content=\"2024-11-13T21:14:18+00:00\" \/>\n<meta property=\"og:image\" content=\"https:\/\/mhc.org.mk\/wp-content\/uploads\/2024\/12\/mhc-mk-default.webp\" \/>\n\t<meta property=\"og:image:width\" content=\"640\" \/>\n\t<meta property=\"og:image:height\" content=\"418\" \/>\n\t<meta property=\"og:image:type\" content=\"image\/webp\" \/>\n<meta name=\"twitter:card\" content=\"summary_large_image\" \/>\n<meta name=\"twitter:site\" content=\"@Helsinshki\" \/>\n<script type=\"application\/ld+json\" class=\"yoast-schema-graph\">{\"@context\":\"https:\\\/\\\/schema.org\",\"@graph\":[{\"@type\":\"WebPage\",\"@id\":\"https:\\\/\\\/mhc.org.mk\\\/sq\\\/forma-per-ndihme-juridike-falas\\\/\",\"url\":\"https:\\\/\\\/mhc.org.mk\\\/sq\\\/forma-per-ndihme-juridike-falas\\\/\",\"name\":\"Forma p\u00ebr ndihm\u00eb juridike falas - Komitetit t\u00eb Helsinkit p\u00ebr t\u00eb Drejtat e Njeriut\",\"isPartOf\":{\"@id\":\"https:\\\/\\\/mhc.org.mk\\\/sq\\\/#website\"},\"datePublished\":\"2019-06-09T19:54:55+00:00\",\"dateModified\":\"2024-11-13T21:14:18+00:00\",\"breadcrumb\":{\"@id\":\"https:\\\/\\\/mhc.org.mk\\\/sq\\\/forma-per-ndihme-juridike-falas\\\/#breadcrumb\"},\"inLanguage\":\"sq-AL\",\"potentialAction\":[{\"@type\":\"ReadAction\",\"target\":[\"https:\\\/\\\/mhc.org.mk\\\/sq\\\/forma-per-ndihme-juridike-falas\\\/\"]}]},{\"@type\":\"BreadcrumbList\",\"@id\":\"https:\\\/\\\/mhc.org.mk\\\/sq\\\/forma-per-ndihme-juridike-falas\\\/#breadcrumb\",\"itemListElement\":[{\"@type\":\"ListItem\",\"position\":1,\"name\":\"Home\",\"item\":\"https:\\\/\\\/mhc.org.mk\\\/sq\\\/\"},{\"@type\":\"ListItem\",\"position\":2,\"name\":\"Forma p\u00ebr ndihm\u00eb juridike falas\"}]},{\"@type\":\"WebSite\",\"@id\":\"https:\\\/\\\/mhc.org.mk\\\/sq\\\/#website\",\"url\":\"https:\\\/\\\/mhc.org.mk\\\/sq\\\/\",\"name\":\"\u0425\u0435\u043b\u0441\u0438\u043d\u0448\u043a\u0438 \u043a\u043e\u043c\u0438\u0442\u0435\u0442 \u0437\u0430 \u0447\u043e\u0432\u0435\u043a\u043e\u0432\u0438 \u043f\u0440\u0430\u0432\u0430\",\"description\":\"Vizioni i Komitetit t\u00eb Helsinkit p\u00ebr t\u00eb Drejtat e Njeriut \u00ebsht\u00eb shoq\u00ebri n\u00eb t\u00eb cil\u00ebn t\u00eb gjith\u00eb njer\u00ebzit i g\u00ebzojn\u00eb dhe praktikojn\u00eb t\u00eb drejtat dhe lirit\u00eb e tyre themelore dhe kan\u00eb mbrojtje n\u00eb rast t\u00eb shkeljes ose kufizimit t\u00eb tyre.\",\"publisher\":{\"@id\":\"https:\\\/\\\/mhc.org.mk\\\/sq\\\/#organization\"},\"alternateName\":\"The Helsinki Committee for Human Rights\",\"potentialAction\":[{\"@type\":\"SearchAction\",\"target\":{\"@type\":\"EntryPoint\",\"urlTemplate\":\"https:\\\/\\\/mhc.org.mk\\\/sq\\\/?s={search_term_string}\"},\"query-input\":{\"@type\":\"PropertyValueSpecification\",\"valueRequired\":true,\"valueName\":\"search_term_string\"}}],\"inLanguage\":\"sq-AL\"},{\"@type\":\"Organization\",\"@id\":\"https:\\\/\\\/mhc.org.mk\\\/sq\\\/#organization\",\"name\":\"\u0425\u0435\u043b\u0441\u0438\u043d\u0448\u043a\u0438 \u043a\u043e\u043c\u0438\u0442\u0435\u0442 \u0437\u0430 \u0447\u043e\u0432\u0435\u043a\u043e\u0432\u0438 \u043f\u0440\u0430\u0432\u0430\",\"alternateName\":\"The Helsinki Committee for Human Rights\",\"url\":\"https:\\\/\\\/mhc.org.mk\\\/sq\\\/\",\"logo\":{\"@type\":\"ImageObject\",\"inLanguage\":\"sq-AL\",\"@id\":\"https:\\\/\\\/mhc.org.mk\\\/sq\\\/#\\\/schema\\\/logo\\\/image\\\/\",\"url\":\"https:\\\/\\\/mhc.org.mk\\\/wp-content\\\/uploads\\\/2024\\\/12\\\/mhc-mk-default.webp\",\"contentUrl\":\"https:\\\/\\\/mhc.org.mk\\\/wp-content\\\/uploads\\\/2024\\\/12\\\/mhc-mk-default.webp\",\"width\":640,\"height\":418,\"caption\":\"\u0425\u0435\u043b\u0441\u0438\u043d\u0448\u043a\u0438 \u043a\u043e\u043c\u0438\u0442\u0435\u0442 \u0437\u0430 \u0447\u043e\u0432\u0435\u043a\u043e\u0432\u0438 \u043f\u0440\u0430\u0432\u0430\"},\"image\":{\"@id\":\"https:\\\/\\\/mhc.org.mk\\\/sq\\\/#\\\/schema\\\/logo\\\/image\\\/\"},\"sameAs\":[\"https:\\\/\\\/www.facebook.com\\\/MacedonianHelsinkiCommittee\\\/\",\"https:\\\/\\\/x.com\\\/Helsinshki\",\"https:\\\/\\\/www.linkedin.com\\\/company\\\/helsinki-committee-for-human-rights-of-the-republic-of-macedonia\\\/\",\"https:\\\/\\\/www.youtube.com\\\/user\\\/Helkom1994\"]}]}<\/script>\n<!-- \/ Yoast SEO plugin. -->","yoast_head_json":{"title":"Forma p\u00ebr ndihm\u00eb juridike falas - Komitetit t\u00eb Helsinkit p\u00ebr t\u00eb Drejtat e Njeriut","robots":{"index":"index","follow":"follow","max-snippet":"max-snippet:-1","max-image-preview":"max-image-preview:large","max-video-preview":"max-video-preview:-1"},"canonical":"https:\/\/mhc.org.mk\/sq\/forma-per-ndihme-juridike-falas\/","og_locale":"sq_AL","og_type":"article","og_title":"Forma p\u00ebr ndihm\u00eb juridike falas - Komitetit t\u00eb Helsinkit p\u00ebr t\u00eb Drejtat e Njeriut","og_description":"[...]Read More... from Forma p\u00ebr ndihm\u00eb juridike falas","og_url":"https:\/\/mhc.org.mk\/sq\/forma-per-ndihme-juridike-falas\/","og_site_name":"Komitetit t\u00eb Helsinkit p\u00ebr t\u00eb Drejtat e Njeriut","article_publisher":"https:\/\/www.facebook.com\/MacedonianHelsinkiCommittee\/","article_modified_time":"2024-11-13T21:14:18+00:00","og_image":[{"width":640,"height":418,"url":"https:\/\/mhc.org.mk\/wp-content\/uploads\/2024\/12\/mhc-mk-default.webp","type":"image\/webp"}],"twitter_card":"summary_large_image","twitter_site":"@Helsinshki","schema":{"@context":"https:\/\/schema.org","@graph":[{"@type":"WebPage","@id":"https:\/\/mhc.org.mk\/sq\/forma-per-ndihme-juridike-falas\/","url":"https:\/\/mhc.org.mk\/sq\/forma-per-ndihme-juridike-falas\/","name":"Forma p\u00ebr ndihm\u00eb juridike falas - Komitetit t\u00eb Helsinkit p\u00ebr t\u00eb Drejtat e Njeriut","isPartOf":{"@id":"https:\/\/mhc.org.mk\/sq\/#website"},"datePublished":"2019-06-09T19:54:55+00:00","dateModified":"2024-11-13T21:14:18+00:00","breadcrumb":{"@id":"https:\/\/mhc.org.mk\/sq\/forma-per-ndihme-juridike-falas\/#breadcrumb"},"inLanguage":"sq-AL","potentialAction":[{"@type":"ReadAction","target":["https:\/\/mhc.org.mk\/sq\/forma-per-ndihme-juridike-falas\/"]}]},{"@type":"BreadcrumbList","@id":"https:\/\/mhc.org.mk\/sq\/forma-per-ndihme-juridike-falas\/#breadcrumb","itemListElement":[{"@type":"ListItem","position":1,"name":"Home","item":"https:\/\/mhc.org.mk\/sq\/"},{"@type":"ListItem","position":2,"name":"Forma p\u00ebr ndihm\u00eb juridike falas"}]},{"@type":"WebSite","@id":"https:\/\/mhc.org.mk\/sq\/#website","url":"https:\/\/mhc.org.mk\/sq\/","name":"\u0425\u0435\u043b\u0441\u0438\u043d\u0448\u043a\u0438 \u043a\u043e\u043c\u0438\u0442\u0435\u0442 \u0437\u0430 \u0447\u043e\u0432\u0435\u043a\u043e\u0432\u0438 \u043f\u0440\u0430\u0432\u0430","description":"Vizioni i Komitetit t\u00eb Helsinkit p\u00ebr t\u00eb Drejtat e Njeriut \u00ebsht\u00eb shoq\u00ebri n\u00eb t\u00eb cil\u00ebn t\u00eb gjith\u00eb njer\u00ebzit i g\u00ebzojn\u00eb dhe praktikojn\u00eb t\u00eb drejtat dhe lirit\u00eb e tyre themelore dhe kan\u00eb mbrojtje n\u00eb rast t\u00eb shkeljes ose kufizimit t\u00eb tyre.","publisher":{"@id":"https:\/\/mhc.org.mk\/sq\/#organization"},"alternateName":"The Helsinki Committee for Human Rights","potentialAction":[{"@type":"SearchAction","target":{"@type":"EntryPoint","urlTemplate":"https:\/\/mhc.org.mk\/sq\/?s={search_term_string}"},"query-input":{"@type":"PropertyValueSpecification","valueRequired":true,"valueName":"search_term_string"}}],"inLanguage":"sq-AL"},{"@type":"Organization","@id":"https:\/\/mhc.org.mk\/sq\/#organization","name":"\u0425\u0435\u043b\u0441\u0438\u043d\u0448\u043a\u0438 \u043a\u043e\u043c\u0438\u0442\u0435\u0442 \u0437\u0430 \u0447\u043e\u0432\u0435\u043a\u043e\u0432\u0438 \u043f\u0440\u0430\u0432\u0430","alternateName":"The Helsinki Committee for Human Rights","url":"https:\/\/mhc.org.mk\/sq\/","logo":{"@type":"ImageObject","inLanguage":"sq-AL","@id":"https:\/\/mhc.org.mk\/sq\/#\/schema\/logo\/image\/","url":"https:\/\/mhc.org.mk\/wp-content\/uploads\/2024\/12\/mhc-mk-default.webp","contentUrl":"https:\/\/mhc.org.mk\/wp-content\/uploads\/2024\/12\/mhc-mk-default.webp","width":640,"height":418,"caption":"\u0425\u0435\u043b\u0441\u0438\u043d\u0448\u043a\u0438 \u043a\u043e\u043c\u0438\u0442\u0435\u0442 \u0437\u0430 \u0447\u043e\u0432\u0435\u043a\u043e\u0432\u0438 \u043f\u0440\u0430\u0432\u0430"},"image":{"@id":"https:\/\/mhc.org.mk\/sq\/#\/schema\/logo\/image\/"},"sameAs":["https:\/\/www.facebook.com\/MacedonianHelsinkiCommittee\/","https:\/\/x.com\/Helsinshki","https:\/\/www.linkedin.com\/company\/helsinki-committee-for-human-rights-of-the-republic-of-macedonia\/","https:\/\/www.youtube.com\/user\/Helkom1994"]}]}},"_links":{"self":[{"href":"https:\/\/mhc.org.mk\/sq\/wp-json\/wp\/v2\/pages\/1407","targetHints":{"allow":["GET"]}}],"collection":[{"href":"https:\/\/mhc.org.mk\/sq\/wp-json\/wp\/v2\/pages"}],"about":[{"href":"https:\/\/mhc.org.mk\/sq\/wp-json\/wp\/v2\/types\/page"}],"author":[{"embeddable":true,"href":"https:\/\/mhc.org.mk\/sq\/wp-json\/wp\/v2\/users\/1"}],"replies":[{"embeddable":true,"href":"https:\/\/mhc.org.mk\/sq\/wp-json\/wp\/v2\/comments?post=1407"}],"version-history":[{"count":0,"href":"https:\/\/mhc.org.mk\/sq\/wp-json\/wp\/v2\/pages\/1407\/revisions"}],"wp:attachment":[{"href":"https:\/\/mhc.org.mk\/sq\/wp-json\/wp\/v2\/media?parent=1407"}],"curies":[{"name":"wp","href":"https:\/\/api.w.org\/{rel}","templated":true}]}}