{"id":1403,"date":"2019-03-02T18:43:15","date_gmt":"2019-03-02T18:43:15","guid":{"rendered":"https:\/\/new.mhc.org.mk\/torture-dhe-veprim-jo-human\/"},"modified":"2024-11-10T16:46:28","modified_gmt":"2024-11-10T16:46:28","slug":"torture-dhe-veprim-jo-human","status":"publish","type":"page","link":"https:\/\/mhc.org.mk\/sq\/torture-dhe-veprim-jo-human\/","title":{"rendered":"Tortur\u00eb dhe veprim jo human"},"content":{"rendered":"<p><strong>Veprimi i policis\u00eb \u00a0<\/strong><\/p>\n<p>Komiteti i Helsinkit e mbik\u00ebqyr veprimin policor dhe siguron ndihm\u00eb juridike n\u00eb raste individuale t\u00eb tejkalimit t\u00eb autorizimeve policore dhe mbrojtjen e viktimave nga brutaliteti policor. \u00a0Komiteti do t\u00eb vazhdoj\u00eb t\u00eb angazhohet p\u00ebr profesionalizimin e sh\u00ebrbimeve t\u00eb siguris\u00eb, mbik\u00ebqyrje t\u00eb forcuar mbi pun\u00ebn e tyre dhe sensibilizim gjat\u00eb veprimit me grupet vunerabile t\u00eb qytetar\u00ebve.<\/p>\n<p><strong>Institucione t\u00eb mbyllura dhe tortur\u00eb, veprim dhe d\u00ebnim jo human dhe degradues \u00a0<\/strong><\/p>\n<p>Komiteti i Helsinkit e mbik\u00ebqyr gjendjen n\u00eb institucionet e mbyllura dhe vende t\u00eb tjera n\u00eb t\u00eb cilat kufizohet ose hiqet liria e l\u00ebvizjes, ku qytetar\u00ebt jan\u00eb v\u00ebn\u00eb n\u00eb pozit\u00eb m\u00eb t\u00eb cenueshme dhe rrezik p\u00ebr shkeljen e t\u00eb drejtave t\u00eb tyre n\u00eb pajtim me standardet nacionale dhe nd\u00ebrkomb\u00ebtare p\u00ebr t\u00eb drejtat e njeriut. \u00a0Komiteti vepron n\u00eb lidhje me t\u00eb gjitha parashtresat t\u00eb cilat kan\u00eb t\u00eb b\u00ebjn\u00eb me kushtet, trajtimin, mbrojtjen sh\u00ebndet\u00ebsore, ri socializmin dhe realizimin e t\u00eb gjitha t\u00eb drejtave t\u00eb tjera n\u00eb institucionet e tipit t\u00eb mbyllur, n\u00eb pajtim me standardet dhe parimet nd\u00ebrkomb\u00ebtare.<\/p>\n","protected":false},"excerpt":{"rendered":"<p>Veprimi i policis\u00eb \u00a0 Komiteti i Helsinkit e mbik\u00ebqyr veprimin policor dhe siguron ndihm\u00eb juridike n\u00eb raste individuale t\u00eb tejkalimit t\u00eb autorizimeve policore dhe mbrojtjen e viktimave nga brutaliteti policor. \u00a0Komiteti do t\u00eb vazhdoj\u00eb t\u00eb angazhohet p\u00ebr profesionalizimin e sh\u00ebrbimeve t\u00eb siguris\u00eb, mbik\u00ebqyrje t\u00eb forcuar mbi pun\u00ebn e tyre dhe sensibilizim gjat\u00eb veprimit me grupet [&#8230;]<\/p>\n<p><a class=\"btn btn-secondary understrap-read-more-link\" href=\"https:\/\/mhc.org.mk\/sq\/torture-dhe-veprim-jo-human\/\">Read More&#8230;<span class=\"screen-reader-text\"> from Tortur\u00eb dhe veprim jo human<\/span><\/a><\/p>\n","protected":false},"author":1,"featured_media":1591,"parent":0,"menu_order":0,"comment_status":"closed","ping_status":"closed","template":"","meta":{"_acf_changed":false,"footnotes":""},"class_list":["post-1403","page","type-page","status-publish","has-post-thumbnail","hentry"],"acf":[],"yoast_head":"<!-- This site is optimized with the Yoast SEO plugin v27.3 - https:\/\/yoast.com\/product\/yoast-seo-wordpress\/ -->\n<title>Tortur\u00eb dhe veprim jo human - Komitetit t\u00eb Helsinkit p\u00ebr t\u00eb Drejtat e Njeriut<\/title>\n<meta name=\"robots\" content=\"index, follow, max-snippet:-1, max-image-preview:large, max-video-preview:-1\" \/>\n<link rel=\"canonical\" href=\"https:\/\/mhc.org.mk\/sq\/torture-dhe-veprim-jo-human\/\" \/>\n<meta property=\"og:locale\" content=\"sq_AL\" \/>\n<meta property=\"og:type\" content=\"article\" \/>\n<meta property=\"og:title\" content=\"Tortur\u00eb dhe veprim jo human - Komitetit t\u00eb Helsinkit p\u00ebr t\u00eb Drejtat e Njeriut\" \/>\n<meta property=\"og:description\" content=\"Veprimi i policis\u00eb \u00a0 Komiteti i Helsinkit e mbik\u00ebqyr veprimin policor dhe siguron ndihm\u00eb juridike n\u00eb raste individuale t\u00eb tejkalimit t\u00eb autorizimeve policore dhe mbrojtjen e viktimave nga brutaliteti policor. \u00a0Komiteti do t\u00eb vazhdoj\u00eb t\u00eb angazhohet p\u00ebr profesionalizimin e sh\u00ebrbimeve t\u00eb siguris\u00eb, mbik\u00ebqyrje t\u00eb forcuar mbi pun\u00ebn e tyre dhe sensibilizim gjat\u00eb veprimit me grupet [...]Read More... from Tortur\u00eb dhe veprim jo human\" \/>\n<meta property=\"og:url\" content=\"https:\/\/mhc.org.mk\/sq\/torture-dhe-veprim-jo-human\/\" \/>\n<meta property=\"og:site_name\" content=\"Komitetit t\u00eb Helsinkit p\u00ebr t\u00eb Drejtat e Njeriut\" \/>\n<meta property=\"article:publisher\" content=\"https:\/\/www.facebook.com\/MacedonianHelsinkiCommittee\/\" \/>\n<meta property=\"article:modified_time\" content=\"2024-11-10T16:46:28+00:00\" \/>\n<meta property=\"og:image\" content=\"https:\/\/mhc.org.mk\/wp-content\/uploads\/2019\/03\/tortura.jpg\" \/>\n\t<meta property=\"og:image:width\" content=\"640\" \/>\n\t<meta property=\"og:image:height\" content=\"418\" \/>\n\t<meta property=\"og:image:type\" content=\"image\/jpeg\" \/>\n<meta name=\"twitter:card\" content=\"summary_large_image\" \/>\n<meta name=\"twitter:site\" content=\"@Helsinshki\" \/>\n<meta name=\"twitter:label1\" content=\"Est. reading time\" \/>\n\t<meta name=\"twitter:data1\" content=\"1 minute\" \/>\n<script type=\"application\/ld+json\" class=\"yoast-schema-graph\">{\"@context\":\"https:\\\/\\\/schema.org\",\"@graph\":[{\"@type\":\"WebPage\",\"@id\":\"https:\\\/\\\/mhc.org.mk\\\/sq\\\/torture-dhe-veprim-jo-human\\\/\",\"url\":\"https:\\\/\\\/mhc.org.mk\\\/sq\\\/torture-dhe-veprim-jo-human\\\/\",\"name\":\"Tortur\u00eb dhe veprim jo human - Komitetit t\u00eb Helsinkit p\u00ebr t\u00eb Drejtat e Njeriut\",\"isPartOf\":{\"@id\":\"https:\\\/\\\/mhc.org.mk\\\/sq\\\/#website\"},\"primaryImageOfPage\":{\"@id\":\"https:\\\/\\\/mhc.org.mk\\\/sq\\\/torture-dhe-veprim-jo-human\\\/#primaryimage\"},\"image\":{\"@id\":\"https:\\\/\\\/mhc.org.mk\\\/sq\\\/torture-dhe-veprim-jo-human\\\/#primaryimage\"},\"thumbnailUrl\":\"https:\\\/\\\/mhc.org.mk\\\/wp-content\\\/uploads\\\/2019\\\/03\\\/tortura.jpg\",\"datePublished\":\"2019-03-02T18:43:15+00:00\",\"dateModified\":\"2024-11-10T16:46:28+00:00\",\"breadcrumb\":{\"@id\":\"https:\\\/\\\/mhc.org.mk\\\/sq\\\/torture-dhe-veprim-jo-human\\\/#breadcrumb\"},\"inLanguage\":\"sq-AL\",\"potentialAction\":[{\"@type\":\"ReadAction\",\"target\":[\"https:\\\/\\\/mhc.org.mk\\\/sq\\\/torture-dhe-veprim-jo-human\\\/\"]}]},{\"@type\":\"ImageObject\",\"inLanguage\":\"sq-AL\",\"@id\":\"https:\\\/\\\/mhc.org.mk\\\/sq\\\/torture-dhe-veprim-jo-human\\\/#primaryimage\",\"url\":\"https:\\\/\\\/mhc.org.mk\\\/wp-content\\\/uploads\\\/2019\\\/03\\\/tortura.jpg\",\"contentUrl\":\"https:\\\/\\\/mhc.org.mk\\\/wp-content\\\/uploads\\\/2019\\\/03\\\/tortura.jpg\",\"width\":640,\"height\":418},{\"@type\":\"BreadcrumbList\",\"@id\":\"https:\\\/\\\/mhc.org.mk\\\/sq\\\/torture-dhe-veprim-jo-human\\\/#breadcrumb\",\"itemListElement\":[{\"@type\":\"ListItem\",\"position\":1,\"name\":\"Home\",\"item\":\"https:\\\/\\\/mhc.org.mk\\\/sq\\\/\"},{\"@type\":\"ListItem\",\"position\":2,\"name\":\"Tortur\u00eb dhe veprim jo human\"}]},{\"@type\":\"WebSite\",\"@id\":\"https:\\\/\\\/mhc.org.mk\\\/sq\\\/#website\",\"url\":\"https:\\\/\\\/mhc.org.mk\\\/sq\\\/\",\"name\":\"\u0425\u0435\u043b\u0441\u0438\u043d\u0448\u043a\u0438 \u043a\u043e\u043c\u0438\u0442\u0435\u0442 \u0437\u0430 \u0447\u043e\u0432\u0435\u043a\u043e\u0432\u0438 \u043f\u0440\u0430\u0432\u0430\",\"description\":\"Vizioni i Komitetit t\u00eb Helsinkit p\u00ebr t\u00eb Drejtat e Njeriut \u00ebsht\u00eb shoq\u00ebri n\u00eb t\u00eb cil\u00ebn t\u00eb gjith\u00eb njer\u00ebzit i g\u00ebzojn\u00eb dhe praktikojn\u00eb t\u00eb drejtat dhe lirit\u00eb e tyre themelore dhe kan\u00eb mbrojtje n\u00eb rast t\u00eb shkeljes ose kufizimit t\u00eb tyre.\",\"publisher\":{\"@id\":\"https:\\\/\\\/mhc.org.mk\\\/sq\\\/#organization\"},\"alternateName\":\"The Helsinki Committee for Human Rights\",\"potentialAction\":[{\"@type\":\"SearchAction\",\"target\":{\"@type\":\"EntryPoint\",\"urlTemplate\":\"https:\\\/\\\/mhc.org.mk\\\/sq\\\/?s={search_term_string}\"},\"query-input\":{\"@type\":\"PropertyValueSpecification\",\"valueRequired\":true,\"valueName\":\"search_term_string\"}}],\"inLanguage\":\"sq-AL\"},{\"@type\":\"Organization\",\"@id\":\"https:\\\/\\\/mhc.org.mk\\\/sq\\\/#organization\",\"name\":\"\u0425\u0435\u043b\u0441\u0438\u043d\u0448\u043a\u0438 \u043a\u043e\u043c\u0438\u0442\u0435\u0442 \u0437\u0430 \u0447\u043e\u0432\u0435\u043a\u043e\u0432\u0438 \u043f\u0440\u0430\u0432\u0430\",\"alternateName\":\"The Helsinki Committee for Human Rights\",\"url\":\"https:\\\/\\\/mhc.org.mk\\\/sq\\\/\",\"logo\":{\"@type\":\"ImageObject\",\"inLanguage\":\"sq-AL\",\"@id\":\"https:\\\/\\\/mhc.org.mk\\\/sq\\\/#\\\/schema\\\/logo\\\/image\\\/\",\"url\":\"https:\\\/\\\/mhc.org.mk\\\/wp-content\\\/uploads\\\/2024\\\/12\\\/mhc-mk-default.webp\",\"contentUrl\":\"https:\\\/\\\/mhc.org.mk\\\/wp-content\\\/uploads\\\/2024\\\/12\\\/mhc-mk-default.webp\",\"width\":640,\"height\":418,\"caption\":\"\u0425\u0435\u043b\u0441\u0438\u043d\u0448\u043a\u0438 \u043a\u043e\u043c\u0438\u0442\u0435\u0442 \u0437\u0430 \u0447\u043e\u0432\u0435\u043a\u043e\u0432\u0438 \u043f\u0440\u0430\u0432\u0430\"},\"image\":{\"@id\":\"https:\\\/\\\/mhc.org.mk\\\/sq\\\/#\\\/schema\\\/logo\\\/image\\\/\"},\"sameAs\":[\"https:\\\/\\\/www.facebook.com\\\/MacedonianHelsinkiCommittee\\\/\",\"https:\\\/\\\/x.com\\\/Helsinshki\",\"https:\\\/\\\/www.linkedin.com\\\/company\\\/helsinki-committee-for-human-rights-of-the-republic-of-macedonia\\\/\",\"https:\\\/\\\/www.youtube.com\\\/user\\\/Helkom1994\"]}]}<\/script>\n<!-- \/ Yoast SEO plugin. -->","yoast_head_json":{"title":"Tortur\u00eb dhe veprim jo human - Komitetit t\u00eb Helsinkit p\u00ebr t\u00eb Drejtat e Njeriut","robots":{"index":"index","follow":"follow","max-snippet":"max-snippet:-1","max-image-preview":"max-image-preview:large","max-video-preview":"max-video-preview:-1"},"canonical":"https:\/\/mhc.org.mk\/sq\/torture-dhe-veprim-jo-human\/","og_locale":"sq_AL","og_type":"article","og_title":"Tortur\u00eb dhe veprim jo human - Komitetit t\u00eb Helsinkit p\u00ebr t\u00eb Drejtat e Njeriut","og_description":"Veprimi i policis\u00eb \u00a0 Komiteti i Helsinkit e mbik\u00ebqyr veprimin policor dhe siguron ndihm\u00eb juridike n\u00eb raste individuale t\u00eb tejkalimit t\u00eb autorizimeve policore dhe mbrojtjen e viktimave nga brutaliteti policor. \u00a0Komiteti do t\u00eb vazhdoj\u00eb t\u00eb angazhohet p\u00ebr profesionalizimin e sh\u00ebrbimeve t\u00eb siguris\u00eb, mbik\u00ebqyrje t\u00eb forcuar mbi pun\u00ebn e tyre dhe sensibilizim gjat\u00eb veprimit me grupet [...]Read More... from Tortur\u00eb dhe veprim jo human","og_url":"https:\/\/mhc.org.mk\/sq\/torture-dhe-veprim-jo-human\/","og_site_name":"Komitetit t\u00eb Helsinkit p\u00ebr t\u00eb Drejtat e Njeriut","article_publisher":"https:\/\/www.facebook.com\/MacedonianHelsinkiCommittee\/","article_modified_time":"2024-11-10T16:46:28+00:00","og_image":[{"width":640,"height":418,"url":"https:\/\/mhc.org.mk\/wp-content\/uploads\/2019\/03\/tortura.jpg","type":"image\/jpeg"}],"twitter_card":"summary_large_image","twitter_site":"@Helsinshki","twitter_misc":{"Est. reading time":"1 minute"},"schema":{"@context":"https:\/\/schema.org","@graph":[{"@type":"WebPage","@id":"https:\/\/mhc.org.mk\/sq\/torture-dhe-veprim-jo-human\/","url":"https:\/\/mhc.org.mk\/sq\/torture-dhe-veprim-jo-human\/","name":"Tortur\u00eb dhe veprim jo human - Komitetit t\u00eb Helsinkit p\u00ebr t\u00eb Drejtat e Njeriut","isPartOf":{"@id":"https:\/\/mhc.org.mk\/sq\/#website"},"primaryImageOfPage":{"@id":"https:\/\/mhc.org.mk\/sq\/torture-dhe-veprim-jo-human\/#primaryimage"},"image":{"@id":"https:\/\/mhc.org.mk\/sq\/torture-dhe-veprim-jo-human\/#primaryimage"},"thumbnailUrl":"https:\/\/mhc.org.mk\/wp-content\/uploads\/2019\/03\/tortura.jpg","datePublished":"2019-03-02T18:43:15+00:00","dateModified":"2024-11-10T16:46:28+00:00","breadcrumb":{"@id":"https:\/\/mhc.org.mk\/sq\/torture-dhe-veprim-jo-human\/#breadcrumb"},"inLanguage":"sq-AL","potentialAction":[{"@type":"ReadAction","target":["https:\/\/mhc.org.mk\/sq\/torture-dhe-veprim-jo-human\/"]}]},{"@type":"ImageObject","inLanguage":"sq-AL","@id":"https:\/\/mhc.org.mk\/sq\/torture-dhe-veprim-jo-human\/#primaryimage","url":"https:\/\/mhc.org.mk\/wp-content\/uploads\/2019\/03\/tortura.jpg","contentUrl":"https:\/\/mhc.org.mk\/wp-content\/uploads\/2019\/03\/tortura.jpg","width":640,"height":418},{"@type":"BreadcrumbList","@id":"https:\/\/mhc.org.mk\/sq\/torture-dhe-veprim-jo-human\/#breadcrumb","itemListElement":[{"@type":"ListItem","position":1,"name":"Home","item":"https:\/\/mhc.org.mk\/sq\/"},{"@type":"ListItem","position":2,"name":"Tortur\u00eb dhe veprim jo human"}]},{"@type":"WebSite","@id":"https:\/\/mhc.org.mk\/sq\/#website","url":"https:\/\/mhc.org.mk\/sq\/","name":"\u0425\u0435\u043b\u0441\u0438\u043d\u0448\u043a\u0438 \u043a\u043e\u043c\u0438\u0442\u0435\u0442 \u0437\u0430 \u0447\u043e\u0432\u0435\u043a\u043e\u0432\u0438 \u043f\u0440\u0430\u0432\u0430","description":"Vizioni i Komitetit t\u00eb Helsinkit p\u00ebr t\u00eb Drejtat e Njeriut \u00ebsht\u00eb shoq\u00ebri n\u00eb t\u00eb cil\u00ebn t\u00eb gjith\u00eb njer\u00ebzit i g\u00ebzojn\u00eb dhe praktikojn\u00eb t\u00eb drejtat dhe lirit\u00eb e tyre themelore dhe kan\u00eb mbrojtje n\u00eb rast t\u00eb shkeljes ose kufizimit t\u00eb tyre.","publisher":{"@id":"https:\/\/mhc.org.mk\/sq\/#organization"},"alternateName":"The Helsinki Committee for Human Rights","potentialAction":[{"@type":"SearchAction","target":{"@type":"EntryPoint","urlTemplate":"https:\/\/mhc.org.mk\/sq\/?s={search_term_string}"},"query-input":{"@type":"PropertyValueSpecification","valueRequired":true,"valueName":"search_term_string"}}],"inLanguage":"sq-AL"},{"@type":"Organization","@id":"https:\/\/mhc.org.mk\/sq\/#organization","name":"\u0425\u0435\u043b\u0441\u0438\u043d\u0448\u043a\u0438 \u043a\u043e\u043c\u0438\u0442\u0435\u0442 \u0437\u0430 \u0447\u043e\u0432\u0435\u043a\u043e\u0432\u0438 \u043f\u0440\u0430\u0432\u0430","alternateName":"The Helsinki Committee for Human Rights","url":"https:\/\/mhc.org.mk\/sq\/","logo":{"@type":"ImageObject","inLanguage":"sq-AL","@id":"https:\/\/mhc.org.mk\/sq\/#\/schema\/logo\/image\/","url":"https:\/\/mhc.org.mk\/wp-content\/uploads\/2024\/12\/mhc-mk-default.webp","contentUrl":"https:\/\/mhc.org.mk\/wp-content\/uploads\/2024\/12\/mhc-mk-default.webp","width":640,"height":418,"caption":"\u0425\u0435\u043b\u0441\u0438\u043d\u0448\u043a\u0438 \u043a\u043e\u043c\u0438\u0442\u0435\u0442 \u0437\u0430 \u0447\u043e\u0432\u0435\u043a\u043e\u0432\u0438 \u043f\u0440\u0430\u0432\u0430"},"image":{"@id":"https:\/\/mhc.org.mk\/sq\/#\/schema\/logo\/image\/"},"sameAs":["https:\/\/www.facebook.com\/MacedonianHelsinkiCommittee\/","https:\/\/x.com\/Helsinshki","https:\/\/www.linkedin.com\/company\/helsinki-committee-for-human-rights-of-the-republic-of-macedonia\/","https:\/\/www.youtube.com\/user\/Helkom1994"]}]}},"_links":{"self":[{"href":"https:\/\/mhc.org.mk\/sq\/wp-json\/wp\/v2\/pages\/1403","targetHints":{"allow":["GET"]}}],"collection":[{"href":"https:\/\/mhc.org.mk\/sq\/wp-json\/wp\/v2\/pages"}],"about":[{"href":"https:\/\/mhc.org.mk\/sq\/wp-json\/wp\/v2\/types\/page"}],"author":[{"embeddable":true,"href":"https:\/\/mhc.org.mk\/sq\/wp-json\/wp\/v2\/users\/1"}],"replies":[{"embeddable":true,"href":"https:\/\/mhc.org.mk\/sq\/wp-json\/wp\/v2\/comments?post=1403"}],"version-history":[{"count":0,"href":"https:\/\/mhc.org.mk\/sq\/wp-json\/wp\/v2\/pages\/1403\/revisions"}],"wp:featuredmedia":[{"embeddable":true,"href":"https:\/\/mhc.org.mk\/sq\/wp-json\/wp\/v2\/media\/1591"}],"wp:attachment":[{"href":"https:\/\/mhc.org.mk\/sq\/wp-json\/wp\/v2\/media?parent=1403"}],"curies":[{"name":"wp","href":"https:\/\/api.w.org\/{rel}","templated":true}]}}