{"id":1395,"date":"2019-03-02T18:32:51","date_gmt":"2019-03-02T18:32:51","guid":{"rendered":"https:\/\/new.mhc.org.mk\/te-drejtat-e-punetoreve\/"},"modified":"2024-11-06T00:27:11","modified_gmt":"2024-11-06T00:27:11","slug":"te-drejtat-e-punetoreve","status":"publish","type":"page","link":"https:\/\/mhc.org.mk\/sq\/te-drejtat-e-punetoreve\/","title":{"rendered":"T\u00eb drejtat e pun\u00ebtor\u00ebve"},"content":{"rendered":"<p>Shkelja e t\u00eb drejtave t\u00eb pun\u00ebtor\u00ebve t\u00eb grupeve vunerabile e imponon nevoj\u00ebn p\u00ebr aktivitet t\u00eb zmadhuar t\u00eb Komitetit n\u00eb drejtim t\u00eb ofrimit t\u00eb ndihm\u00ebs juridike p\u00ebr mbrojtjen e t\u00eb drejt\u00ebs s\u00eb pun\u00ebs. \u00a0N\u00eb k\u00ebt\u00eb fush\u00eb Komiteti kryen mbik\u00ebqyrje t\u00eb politik\u00ebs p\u00ebr p\u00ebrmir\u00ebsimin e qasjes drejt pun\u00ebsmit p\u00ebr grupet vunerabile dhe efikasitetin e mekanizmave p\u00ebr mbrojtje kur t\u00eb drejtat e marr\u00ebdh\u00ebnies s\u00eb pun\u00ebs jan\u00eb shkelur ose cenuar. \u00a0Komiteti i Helsinkit n\u00eb m\u00ebnyr\u00eb m\u00eb aktive do t\u00eb punoj\u00eb me sindikatat dhe p\u00ebrfaq\u00ebsuesit e t\u00eb drejtave t\u00eb pun\u00ebtor\u00ebve n\u00eb komunitet p\u00ebr t\u2019i ekspozuar shkeljet e t\u00eb drejtave t\u00eb pun\u00ebtor\u00ebve dhe t\u00eb forcojn\u00eb kapacitetin lokal p\u00ebr p\u00ebrfaq\u00ebsimin e t\u00eb drejtave t\u00eb pun\u00ebtor\u00ebve t\u00eb organizojn\u00eb dhe t\u00eb negociojn\u00eb p\u00ebr kushte t\u00eb drejta dhe dinjitoze p\u00ebr pun\u00eb dhe p\u00ebr shfryt\u00ebzimin e pun\u00ebs, mundin e f\u00ebmij\u00ebve, pun\u00ebn e\u00a0 detyruar dhe diskriminimin. \u00a0Komiteti i Helsinkit n\u00eb ve\u00e7anti \u00ebsht\u00eb u p\u00ebrkushtuar p\u00ebr t\u00eb drejtat e pun\u00ebtoreve t\u00eb tekstilit n\u00eb mbar\u00eb vendin ton\u00eb, si nj\u00eb nga grupet m\u00eb vunerabile n\u00eb shoq\u00ebrin\u00eb ton\u00eb.<\/p>\n","protected":false},"excerpt":{"rendered":"<p>Shkelja e t\u00eb drejtave t\u00eb pun\u00ebtor\u00ebve t\u00eb grupeve vunerabile e imponon nevoj\u00ebn p\u00ebr aktivitet t\u00eb zmadhuar t\u00eb Komitetit n\u00eb drejtim t\u00eb ofrimit t\u00eb ndihm\u00ebs juridike p\u00ebr mbrojtjen e t\u00eb drejt\u00ebs s\u00eb pun\u00ebs. \u00a0N\u00eb k\u00ebt\u00eb fush\u00eb Komiteti kryen mbik\u00ebqyrje t\u00eb politik\u00ebs p\u00ebr p\u00ebrmir\u00ebsimin e qasjes drejt pun\u00ebsmit p\u00ebr grupet vunerabile dhe efikasitetin e mekanizmave p\u00ebr mbrojtje [&#8230;]<\/p>\n<p><a class=\"btn btn-secondary understrap-read-more-link\" href=\"https:\/\/mhc.org.mk\/sq\/te-drejtat-e-punetoreve\/\">Read More&#8230;<span class=\"screen-reader-text\"> from T\u00eb drejtat e pun\u00ebtor\u00ebve<\/span><\/a><\/p>\n","protected":false},"author":1,"featured_media":1587,"parent":0,"menu_order":0,"comment_status":"closed","ping_status":"closed","template":"","meta":{"_acf_changed":false,"footnotes":""},"class_list":["post-1395","page","type-page","status-publish","has-post-thumbnail","hentry"],"acf":[],"yoast_head":"<!-- This site is optimized with the Yoast SEO plugin v27.3 - https:\/\/yoast.com\/product\/yoast-seo-wordpress\/ -->\n<title>T\u00eb drejtat e pun\u00ebtor\u00ebve - Komitetit t\u00eb Helsinkit p\u00ebr t\u00eb Drejtat e Njeriut<\/title>\n<meta name=\"robots\" content=\"index, follow, max-snippet:-1, max-image-preview:large, max-video-preview:-1\" \/>\n<link rel=\"canonical\" href=\"https:\/\/mhc.org.mk\/sq\/te-drejtat-e-punetoreve\/\" \/>\n<meta property=\"og:locale\" content=\"sq_AL\" \/>\n<meta property=\"og:type\" content=\"article\" \/>\n<meta property=\"og:title\" content=\"T\u00eb drejtat e pun\u00ebtor\u00ebve - Komitetit t\u00eb Helsinkit p\u00ebr t\u00eb Drejtat e Njeriut\" \/>\n<meta property=\"og:description\" content=\"Shkelja e t\u00eb drejtave t\u00eb pun\u00ebtor\u00ebve t\u00eb grupeve vunerabile e imponon nevoj\u00ebn p\u00ebr aktivitet t\u00eb zmadhuar t\u00eb Komitetit n\u00eb drejtim t\u00eb ofrimit t\u00eb ndihm\u00ebs juridike p\u00ebr mbrojtjen e t\u00eb drejt\u00ebs s\u00eb pun\u00ebs. \u00a0N\u00eb k\u00ebt\u00eb fush\u00eb Komiteti kryen mbik\u00ebqyrje t\u00eb politik\u00ebs p\u00ebr p\u00ebrmir\u00ebsimin e qasjes drejt pun\u00ebsmit p\u00ebr grupet vunerabile dhe efikasitetin e mekanizmave p\u00ebr mbrojtje [...]Read More... from T\u00eb drejtat e pun\u00ebtor\u00ebve\" \/>\n<meta property=\"og:url\" content=\"https:\/\/mhc.org.mk\/sq\/te-drejtat-e-punetoreve\/\" \/>\n<meta property=\"og:site_name\" content=\"Komitetit t\u00eb Helsinkit p\u00ebr t\u00eb Drejtat e Njeriut\" \/>\n<meta property=\"article:publisher\" content=\"https:\/\/www.facebook.com\/MacedonianHelsinkiCommittee\/\" \/>\n<meta property=\"article:modified_time\" content=\"2024-11-06T00:27:11+00:00\" \/>\n<meta property=\"og:image\" content=\"https:\/\/mhc.org.mk\/wp-content\/uploads\/2019\/03\/rabotnicki.jpg\" \/>\n\t<meta property=\"og:image:width\" content=\"640\" \/>\n\t<meta property=\"og:image:height\" content=\"418\" \/>\n\t<meta property=\"og:image:type\" content=\"image\/jpeg\" \/>\n<meta name=\"twitter:card\" content=\"summary_large_image\" \/>\n<meta name=\"twitter:site\" content=\"@Helsinshki\" \/>\n<meta name=\"twitter:label1\" content=\"Est. reading time\" \/>\n\t<meta name=\"twitter:data1\" content=\"1 minute\" \/>\n<script type=\"application\/ld+json\" class=\"yoast-schema-graph\">{\"@context\":\"https:\\\/\\\/schema.org\",\"@graph\":[{\"@type\":\"WebPage\",\"@id\":\"https:\\\/\\\/mhc.org.mk\\\/sq\\\/te-drejtat-e-punetoreve\\\/\",\"url\":\"https:\\\/\\\/mhc.org.mk\\\/sq\\\/te-drejtat-e-punetoreve\\\/\",\"name\":\"T\u00eb drejtat e pun\u00ebtor\u00ebve - Komitetit t\u00eb Helsinkit p\u00ebr t\u00eb Drejtat e Njeriut\",\"isPartOf\":{\"@id\":\"https:\\\/\\\/mhc.org.mk\\\/sq\\\/#website\"},\"primaryImageOfPage\":{\"@id\":\"https:\\\/\\\/mhc.org.mk\\\/sq\\\/te-drejtat-e-punetoreve\\\/#primaryimage\"},\"image\":{\"@id\":\"https:\\\/\\\/mhc.org.mk\\\/sq\\\/te-drejtat-e-punetoreve\\\/#primaryimage\"},\"thumbnailUrl\":\"https:\\\/\\\/mhc.org.mk\\\/wp-content\\\/uploads\\\/2019\\\/03\\\/rabotnicki.jpg\",\"datePublished\":\"2019-03-02T18:32:51+00:00\",\"dateModified\":\"2024-11-06T00:27:11+00:00\",\"breadcrumb\":{\"@id\":\"https:\\\/\\\/mhc.org.mk\\\/sq\\\/te-drejtat-e-punetoreve\\\/#breadcrumb\"},\"inLanguage\":\"sq-AL\",\"potentialAction\":[{\"@type\":\"ReadAction\",\"target\":[\"https:\\\/\\\/mhc.org.mk\\\/sq\\\/te-drejtat-e-punetoreve\\\/\"]}]},{\"@type\":\"ImageObject\",\"inLanguage\":\"sq-AL\",\"@id\":\"https:\\\/\\\/mhc.org.mk\\\/sq\\\/te-drejtat-e-punetoreve\\\/#primaryimage\",\"url\":\"https:\\\/\\\/mhc.org.mk\\\/wp-content\\\/uploads\\\/2019\\\/03\\\/rabotnicki.jpg\",\"contentUrl\":\"https:\\\/\\\/mhc.org.mk\\\/wp-content\\\/uploads\\\/2019\\\/03\\\/rabotnicki.jpg\",\"width\":640,\"height\":418},{\"@type\":\"BreadcrumbList\",\"@id\":\"https:\\\/\\\/mhc.org.mk\\\/sq\\\/te-drejtat-e-punetoreve\\\/#breadcrumb\",\"itemListElement\":[{\"@type\":\"ListItem\",\"position\":1,\"name\":\"Home\",\"item\":\"https:\\\/\\\/mhc.org.mk\\\/sq\\\/\"},{\"@type\":\"ListItem\",\"position\":2,\"name\":\"T\u00eb drejtat e pun\u00ebtor\u00ebve\"}]},{\"@type\":\"WebSite\",\"@id\":\"https:\\\/\\\/mhc.org.mk\\\/sq\\\/#website\",\"url\":\"https:\\\/\\\/mhc.org.mk\\\/sq\\\/\",\"name\":\"\u0425\u0435\u043b\u0441\u0438\u043d\u0448\u043a\u0438 \u043a\u043e\u043c\u0438\u0442\u0435\u0442 \u0437\u0430 \u0447\u043e\u0432\u0435\u043a\u043e\u0432\u0438 \u043f\u0440\u0430\u0432\u0430\",\"description\":\"Vizioni i Komitetit t\u00eb Helsinkit p\u00ebr t\u00eb Drejtat e Njeriut \u00ebsht\u00eb shoq\u00ebri n\u00eb t\u00eb cil\u00ebn t\u00eb gjith\u00eb njer\u00ebzit i g\u00ebzojn\u00eb dhe praktikojn\u00eb t\u00eb drejtat dhe lirit\u00eb e tyre themelore dhe kan\u00eb mbrojtje n\u00eb rast t\u00eb shkeljes ose kufizimit t\u00eb tyre.\",\"publisher\":{\"@id\":\"https:\\\/\\\/mhc.org.mk\\\/sq\\\/#organization\"},\"alternateName\":\"The Helsinki Committee for Human Rights\",\"potentialAction\":[{\"@type\":\"SearchAction\",\"target\":{\"@type\":\"EntryPoint\",\"urlTemplate\":\"https:\\\/\\\/mhc.org.mk\\\/sq\\\/?s={search_term_string}\"},\"query-input\":{\"@type\":\"PropertyValueSpecification\",\"valueRequired\":true,\"valueName\":\"search_term_string\"}}],\"inLanguage\":\"sq-AL\"},{\"@type\":\"Organization\",\"@id\":\"https:\\\/\\\/mhc.org.mk\\\/sq\\\/#organization\",\"name\":\"\u0425\u0435\u043b\u0441\u0438\u043d\u0448\u043a\u0438 \u043a\u043e\u043c\u0438\u0442\u0435\u0442 \u0437\u0430 \u0447\u043e\u0432\u0435\u043a\u043e\u0432\u0438 \u043f\u0440\u0430\u0432\u0430\",\"alternateName\":\"The Helsinki Committee for Human Rights\",\"url\":\"https:\\\/\\\/mhc.org.mk\\\/sq\\\/\",\"logo\":{\"@type\":\"ImageObject\",\"inLanguage\":\"sq-AL\",\"@id\":\"https:\\\/\\\/mhc.org.mk\\\/sq\\\/#\\\/schema\\\/logo\\\/image\\\/\",\"url\":\"https:\\\/\\\/mhc.org.mk\\\/wp-content\\\/uploads\\\/2024\\\/12\\\/mhc-mk-default.webp\",\"contentUrl\":\"https:\\\/\\\/mhc.org.mk\\\/wp-content\\\/uploads\\\/2024\\\/12\\\/mhc-mk-default.webp\",\"width\":640,\"height\":418,\"caption\":\"\u0425\u0435\u043b\u0441\u0438\u043d\u0448\u043a\u0438 \u043a\u043e\u043c\u0438\u0442\u0435\u0442 \u0437\u0430 \u0447\u043e\u0432\u0435\u043a\u043e\u0432\u0438 \u043f\u0440\u0430\u0432\u0430\"},\"image\":{\"@id\":\"https:\\\/\\\/mhc.org.mk\\\/sq\\\/#\\\/schema\\\/logo\\\/image\\\/\"},\"sameAs\":[\"https:\\\/\\\/www.facebook.com\\\/MacedonianHelsinkiCommittee\\\/\",\"https:\\\/\\\/x.com\\\/Helsinshki\",\"https:\\\/\\\/www.linkedin.com\\\/company\\\/helsinki-committee-for-human-rights-of-the-republic-of-macedonia\\\/\",\"https:\\\/\\\/www.youtube.com\\\/user\\\/Helkom1994\"]}]}<\/script>\n<!-- \/ Yoast SEO plugin. -->","yoast_head_json":{"title":"T\u00eb drejtat e pun\u00ebtor\u00ebve - Komitetit t\u00eb Helsinkit p\u00ebr t\u00eb Drejtat e Njeriut","robots":{"index":"index","follow":"follow","max-snippet":"max-snippet:-1","max-image-preview":"max-image-preview:large","max-video-preview":"max-video-preview:-1"},"canonical":"https:\/\/mhc.org.mk\/sq\/te-drejtat-e-punetoreve\/","og_locale":"sq_AL","og_type":"article","og_title":"T\u00eb drejtat e pun\u00ebtor\u00ebve - Komitetit t\u00eb Helsinkit p\u00ebr t\u00eb Drejtat e Njeriut","og_description":"Shkelja e t\u00eb drejtave t\u00eb pun\u00ebtor\u00ebve t\u00eb grupeve vunerabile e imponon nevoj\u00ebn p\u00ebr aktivitet t\u00eb zmadhuar t\u00eb Komitetit n\u00eb drejtim t\u00eb ofrimit t\u00eb ndihm\u00ebs juridike p\u00ebr mbrojtjen e t\u00eb drejt\u00ebs s\u00eb pun\u00ebs. \u00a0N\u00eb k\u00ebt\u00eb fush\u00eb Komiteti kryen mbik\u00ebqyrje t\u00eb politik\u00ebs p\u00ebr p\u00ebrmir\u00ebsimin e qasjes drejt pun\u00ebsmit p\u00ebr grupet vunerabile dhe efikasitetin e mekanizmave p\u00ebr mbrojtje [...]Read More... from T\u00eb drejtat e pun\u00ebtor\u00ebve","og_url":"https:\/\/mhc.org.mk\/sq\/te-drejtat-e-punetoreve\/","og_site_name":"Komitetit t\u00eb Helsinkit p\u00ebr t\u00eb Drejtat e Njeriut","article_publisher":"https:\/\/www.facebook.com\/MacedonianHelsinkiCommittee\/","article_modified_time":"2024-11-06T00:27:11+00:00","og_image":[{"width":640,"height":418,"url":"https:\/\/mhc.org.mk\/wp-content\/uploads\/2019\/03\/rabotnicki.jpg","type":"image\/jpeg"}],"twitter_card":"summary_large_image","twitter_site":"@Helsinshki","twitter_misc":{"Est. reading time":"1 minute"},"schema":{"@context":"https:\/\/schema.org","@graph":[{"@type":"WebPage","@id":"https:\/\/mhc.org.mk\/sq\/te-drejtat-e-punetoreve\/","url":"https:\/\/mhc.org.mk\/sq\/te-drejtat-e-punetoreve\/","name":"T\u00eb drejtat e pun\u00ebtor\u00ebve - Komitetit t\u00eb Helsinkit p\u00ebr t\u00eb Drejtat e Njeriut","isPartOf":{"@id":"https:\/\/mhc.org.mk\/sq\/#website"},"primaryImageOfPage":{"@id":"https:\/\/mhc.org.mk\/sq\/te-drejtat-e-punetoreve\/#primaryimage"},"image":{"@id":"https:\/\/mhc.org.mk\/sq\/te-drejtat-e-punetoreve\/#primaryimage"},"thumbnailUrl":"https:\/\/mhc.org.mk\/wp-content\/uploads\/2019\/03\/rabotnicki.jpg","datePublished":"2019-03-02T18:32:51+00:00","dateModified":"2024-11-06T00:27:11+00:00","breadcrumb":{"@id":"https:\/\/mhc.org.mk\/sq\/te-drejtat-e-punetoreve\/#breadcrumb"},"inLanguage":"sq-AL","potentialAction":[{"@type":"ReadAction","target":["https:\/\/mhc.org.mk\/sq\/te-drejtat-e-punetoreve\/"]}]},{"@type":"ImageObject","inLanguage":"sq-AL","@id":"https:\/\/mhc.org.mk\/sq\/te-drejtat-e-punetoreve\/#primaryimage","url":"https:\/\/mhc.org.mk\/wp-content\/uploads\/2019\/03\/rabotnicki.jpg","contentUrl":"https:\/\/mhc.org.mk\/wp-content\/uploads\/2019\/03\/rabotnicki.jpg","width":640,"height":418},{"@type":"BreadcrumbList","@id":"https:\/\/mhc.org.mk\/sq\/te-drejtat-e-punetoreve\/#breadcrumb","itemListElement":[{"@type":"ListItem","position":1,"name":"Home","item":"https:\/\/mhc.org.mk\/sq\/"},{"@type":"ListItem","position":2,"name":"T\u00eb drejtat e pun\u00ebtor\u00ebve"}]},{"@type":"WebSite","@id":"https:\/\/mhc.org.mk\/sq\/#website","url":"https:\/\/mhc.org.mk\/sq\/","name":"\u0425\u0435\u043b\u0441\u0438\u043d\u0448\u043a\u0438 \u043a\u043e\u043c\u0438\u0442\u0435\u0442 \u0437\u0430 \u0447\u043e\u0432\u0435\u043a\u043e\u0432\u0438 \u043f\u0440\u0430\u0432\u0430","description":"Vizioni i Komitetit t\u00eb Helsinkit p\u00ebr t\u00eb Drejtat e Njeriut \u00ebsht\u00eb shoq\u00ebri n\u00eb t\u00eb cil\u00ebn t\u00eb gjith\u00eb njer\u00ebzit i g\u00ebzojn\u00eb dhe praktikojn\u00eb t\u00eb drejtat dhe lirit\u00eb e tyre themelore dhe kan\u00eb mbrojtje n\u00eb rast t\u00eb shkeljes ose kufizimit t\u00eb tyre.","publisher":{"@id":"https:\/\/mhc.org.mk\/sq\/#organization"},"alternateName":"The Helsinki Committee for Human Rights","potentialAction":[{"@type":"SearchAction","target":{"@type":"EntryPoint","urlTemplate":"https:\/\/mhc.org.mk\/sq\/?s={search_term_string}"},"query-input":{"@type":"PropertyValueSpecification","valueRequired":true,"valueName":"search_term_string"}}],"inLanguage":"sq-AL"},{"@type":"Organization","@id":"https:\/\/mhc.org.mk\/sq\/#organization","name":"\u0425\u0435\u043b\u0441\u0438\u043d\u0448\u043a\u0438 \u043a\u043e\u043c\u0438\u0442\u0435\u0442 \u0437\u0430 \u0447\u043e\u0432\u0435\u043a\u043e\u0432\u0438 \u043f\u0440\u0430\u0432\u0430","alternateName":"The Helsinki Committee for Human Rights","url":"https:\/\/mhc.org.mk\/sq\/","logo":{"@type":"ImageObject","inLanguage":"sq-AL","@id":"https:\/\/mhc.org.mk\/sq\/#\/schema\/logo\/image\/","url":"https:\/\/mhc.org.mk\/wp-content\/uploads\/2024\/12\/mhc-mk-default.webp","contentUrl":"https:\/\/mhc.org.mk\/wp-content\/uploads\/2024\/12\/mhc-mk-default.webp","width":640,"height":418,"caption":"\u0425\u0435\u043b\u0441\u0438\u043d\u0448\u043a\u0438 \u043a\u043e\u043c\u0438\u0442\u0435\u0442 \u0437\u0430 \u0447\u043e\u0432\u0435\u043a\u043e\u0432\u0438 \u043f\u0440\u0430\u0432\u0430"},"image":{"@id":"https:\/\/mhc.org.mk\/sq\/#\/schema\/logo\/image\/"},"sameAs":["https:\/\/www.facebook.com\/MacedonianHelsinkiCommittee\/","https:\/\/x.com\/Helsinshki","https:\/\/www.linkedin.com\/company\/helsinki-committee-for-human-rights-of-the-republic-of-macedonia\/","https:\/\/www.youtube.com\/user\/Helkom1994"]}]}},"_links":{"self":[{"href":"https:\/\/mhc.org.mk\/sq\/wp-json\/wp\/v2\/pages\/1395","targetHints":{"allow":["GET"]}}],"collection":[{"href":"https:\/\/mhc.org.mk\/sq\/wp-json\/wp\/v2\/pages"}],"about":[{"href":"https:\/\/mhc.org.mk\/sq\/wp-json\/wp\/v2\/types\/page"}],"author":[{"embeddable":true,"href":"https:\/\/mhc.org.mk\/sq\/wp-json\/wp\/v2\/users\/1"}],"replies":[{"embeddable":true,"href":"https:\/\/mhc.org.mk\/sq\/wp-json\/wp\/v2\/comments?post=1395"}],"version-history":[{"count":0,"href":"https:\/\/mhc.org.mk\/sq\/wp-json\/wp\/v2\/pages\/1395\/revisions"}],"wp:featuredmedia":[{"embeddable":true,"href":"https:\/\/mhc.org.mk\/sq\/wp-json\/wp\/v2\/media\/1587"}],"wp:attachment":[{"href":"https:\/\/mhc.org.mk\/sq\/wp-json\/wp\/v2\/media?parent=1395"}],"curies":[{"name":"wp","href":"https:\/\/api.w.org\/{rel}","templated":true}]}}