{"id":1381,"date":"2019-03-02T18:38:43","date_gmt":"2019-03-02T18:38:43","guid":{"rendered":"https:\/\/new.mhc.org.mk\/sundimi-i-se-drejtes\/"},"modified":"2024-11-09T19:14:05","modified_gmt":"2024-11-09T19:14:05","slug":"sundimi-i-se-drejtes","status":"publish","type":"page","link":"https:\/\/mhc.org.mk\/sq\/sundimi-i-se-drejtes\/","title":{"rendered":"Sundimi i s\u00eb drejt\u00ebs"},"content":{"rendered":"<p><strong>Jurisprudenc\u00eb \u00a0<\/strong><\/p>\n<p>Komiteti n\u00eb vazhdim\u00ebsi i mbik\u00ebqyr proceset gjyq\u00ebsore t\u00eb materies civile, penale dhe administrative, n\u00eb ve\u00e7anti ato t\u00eb cilat p\u00ebr shkak t\u00eb specifik\u00ebs s\u00eb tyre ose prapavij\u00ebs politike kan\u00eb efekt t\u00eb ve\u00e7ant\u00eb si mbi respektimin e t\u00eb drejtave t\u00eb njeriut t\u00eb personave t\u00eb caktuar, ashtu edhe mbi ngjarjet shoq\u00ebrore n\u00eb kuptimin m\u00eb t\u00eb gjer\u00eb. \u00a0Komiteti angazhohet p\u00ebr reforma n\u00eb sistemin e jurisprudenc\u00ebs, n\u00ebp\u00ebrmjet p\u00ebrfshirjes aktive n\u00eb t\u00eb gjitha proceset reformuese dhe iniciativa p\u00ebr ndryshime n\u00eb korniz\u00ebn juridike dhe institucionale t\u00eb jurisprudenc\u00ebs, gjat\u00eb k\u00ebsaj \u00e7do her\u00eb duke u mb\u00ebshtetur mbi parimet e sundimit t\u00eb s\u00eb drejt\u00ebs, qasjes drejt drejt\u00ebsis\u00eb dhe barazis\u00eb.<\/p>\n<p><strong>Lufta kund\u00ebr korrupsionit \u00a0<\/strong><\/p>\n<p>Komiteti \u00ebsht\u00eb i p\u00ebrkushtuar n\u00eb monitorimin e proceseve gjyq\u00ebsore p\u00ebr l\u00ebnd\u00ebt t\u00eb cilat involvojn\u00eb krimin e organizuar dhe korrupsionin, si dhe ofrimin e ndihm\u00ebs juridike p\u00ebrkat\u00ebse p\u00ebr personat &#8211; viktima t\u00eb veprimeve korruptive. Nj\u00ebkoh\u00ebsisht, n\u00ebp\u00ebrmjet lobimit n\u00eb drejtim t\u00eb p\u00ebrgjegj\u00ebsis\u00eb dhe transparenc\u00ebs m\u00eb t\u00eb madhe t\u00eb t\u00eb gjitha institucioneve, me theks t\u00eb ve\u00e7ant\u00eb n\u00eb ato juridike, Komiteti p\u00ebrpiqet t&#8217;i vihet fund mos nd\u00ebshkimit dhe t\u00eb mund\u00ebsohet p\u00ebrgjegj\u00ebsi penale p\u00ebr t\u00eb gjith\u00eb ata persona t\u00eb cil\u00ebt n\u00ebp\u00ebrmjet veprimeve korruptive ndikojn\u00eb mbi cenimin e lirive dhe t\u00eb drejtave individuale dhe mbi rr\u00ebnimin e plot\u00eb t\u00eb sistemit t\u00eb sundimit t\u00eb s\u00eb drejt\u00ebs n\u00eb shtet. \u00a0Komiteti krijoi platform\u00eb t\u00eb ve\u00e7ant\u00eb ku qytetar\u00ebt n\u00eb m\u00ebnyr\u00eb t\u00eb sigurt mund t\u00eb paraqesin korrupsionin dhe t\u00eb fitojn\u00eb ndihm\u00eb p\u00ebrkat\u00ebse p\u00ebr l\u00ebnd\u00eb me element korrupsioni: \u00a0prijavikorupcija.mk<\/p>\n","protected":false},"excerpt":{"rendered":"<p>Jurisprudenc\u00eb \u00a0 Komiteti n\u00eb vazhdim\u00ebsi i mbik\u00ebqyr proceset gjyq\u00ebsore t\u00eb materies civile, penale dhe administrative, n\u00eb ve\u00e7anti ato t\u00eb cilat p\u00ebr shkak t\u00eb specifik\u00ebs s\u00eb tyre ose prapavij\u00ebs politike kan\u00eb efekt t\u00eb ve\u00e7ant\u00eb si mbi respektimin e t\u00eb drejtave t\u00eb njeriut t\u00eb personave t\u00eb caktuar, ashtu edhe mbi ngjarjet shoq\u00ebrore n\u00eb kuptimin m\u00eb t\u00eb gjer\u00eb. [&#8230;]<\/p>\n<p><a class=\"btn btn-secondary understrap-read-more-link\" href=\"https:\/\/mhc.org.mk\/sq\/sundimi-i-se-drejtes\/\">Read More&#8230;<span class=\"screen-reader-text\"> from Sundimi i s\u00eb drejt\u00ebs<\/span><\/a><\/p>\n","protected":false},"author":1,"featured_media":1589,"parent":0,"menu_order":0,"comment_status":"closed","ping_status":"closed","template":"","meta":{"_acf_changed":false,"footnotes":""},"class_list":["post-1381","page","type-page","status-publish","has-post-thumbnail","hentry"],"acf":[],"yoast_head":"<!-- This site is optimized with the Yoast SEO plugin v27.4 - https:\/\/yoast.com\/product\/yoast-seo-wordpress\/ -->\n<title>Sundimi i s\u00eb drejt\u00ebs - Komitetit t\u00eb Helsinkit p\u00ebr t\u00eb Drejtat e Njeriut<\/title>\n<meta name=\"robots\" content=\"index, follow, max-snippet:-1, max-image-preview:large, max-video-preview:-1\" \/>\n<link rel=\"canonical\" href=\"https:\/\/mhc.org.mk\/sq\/sundimi-i-se-drejtes\/\" \/>\n<meta property=\"og:locale\" content=\"sq_AL\" \/>\n<meta property=\"og:type\" content=\"article\" \/>\n<meta property=\"og:title\" content=\"Sundimi i s\u00eb drejt\u00ebs - Komitetit t\u00eb Helsinkit p\u00ebr t\u00eb Drejtat e Njeriut\" \/>\n<meta property=\"og:description\" content=\"Jurisprudenc\u00eb \u00a0 Komiteti n\u00eb vazhdim\u00ebsi i mbik\u00ebqyr proceset gjyq\u00ebsore t\u00eb materies civile, penale dhe administrative, n\u00eb ve\u00e7anti ato t\u00eb cilat p\u00ebr shkak t\u00eb specifik\u00ebs s\u00eb tyre ose prapavij\u00ebs politike kan\u00eb efekt t\u00eb ve\u00e7ant\u00eb si mbi respektimin e t\u00eb drejtave t\u00eb njeriut t\u00eb personave t\u00eb caktuar, ashtu edhe mbi ngjarjet shoq\u00ebrore n\u00eb kuptimin m\u00eb t\u00eb gjer\u00eb. [...]Read More... from Sundimi i s\u00eb drejt\u00ebs\" \/>\n<meta property=\"og:url\" content=\"https:\/\/mhc.org.mk\/sq\/sundimi-i-se-drejtes\/\" \/>\n<meta property=\"og:site_name\" content=\"Komitetit t\u00eb Helsinkit p\u00ebr t\u00eb Drejtat e Njeriut\" \/>\n<meta property=\"article:publisher\" content=\"https:\/\/www.facebook.com\/MacedonianHelsinkiCommittee\/\" \/>\n<meta property=\"article:modified_time\" content=\"2024-11-09T19:14:05+00:00\" \/>\n<meta property=\"og:image\" content=\"https:\/\/mhc.org.mk\/wp-content\/uploads\/2019\/03\/vladenie-pravo.jpg\" \/>\n\t<meta property=\"og:image:width\" content=\"640\" \/>\n\t<meta property=\"og:image:height\" content=\"418\" \/>\n\t<meta property=\"og:image:type\" content=\"image\/jpeg\" \/>\n<meta name=\"twitter:card\" content=\"summary_large_image\" \/>\n<meta name=\"twitter:site\" content=\"@Helsinshki\" \/>\n<meta name=\"twitter:label1\" content=\"Est. reading time\" \/>\n\t<meta name=\"twitter:data1\" content=\"1 minute\" \/>\n<script type=\"application\/ld+json\" class=\"yoast-schema-graph\">{\"@context\":\"https:\\\/\\\/schema.org\",\"@graph\":[{\"@type\":\"WebPage\",\"@id\":\"https:\\\/\\\/mhc.org.mk\\\/sq\\\/sundimi-i-se-drejtes\\\/\",\"url\":\"https:\\\/\\\/mhc.org.mk\\\/sq\\\/sundimi-i-se-drejtes\\\/\",\"name\":\"Sundimi i s\u00eb drejt\u00ebs - Komitetit t\u00eb Helsinkit p\u00ebr t\u00eb Drejtat e Njeriut\",\"isPartOf\":{\"@id\":\"https:\\\/\\\/mhc.org.mk\\\/sq\\\/#website\"},\"primaryImageOfPage\":{\"@id\":\"https:\\\/\\\/mhc.org.mk\\\/sq\\\/sundimi-i-se-drejtes\\\/#primaryimage\"},\"image\":{\"@id\":\"https:\\\/\\\/mhc.org.mk\\\/sq\\\/sundimi-i-se-drejtes\\\/#primaryimage\"},\"thumbnailUrl\":\"https:\\\/\\\/mhc.org.mk\\\/wp-content\\\/uploads\\\/2019\\\/03\\\/vladenie-pravo.jpg\",\"datePublished\":\"2019-03-02T18:38:43+00:00\",\"dateModified\":\"2024-11-09T19:14:05+00:00\",\"breadcrumb\":{\"@id\":\"https:\\\/\\\/mhc.org.mk\\\/sq\\\/sundimi-i-se-drejtes\\\/#breadcrumb\"},\"inLanguage\":\"sq-AL\",\"potentialAction\":[{\"@type\":\"ReadAction\",\"target\":[\"https:\\\/\\\/mhc.org.mk\\\/sq\\\/sundimi-i-se-drejtes\\\/\"]}]},{\"@type\":\"ImageObject\",\"inLanguage\":\"sq-AL\",\"@id\":\"https:\\\/\\\/mhc.org.mk\\\/sq\\\/sundimi-i-se-drejtes\\\/#primaryimage\",\"url\":\"https:\\\/\\\/mhc.org.mk\\\/wp-content\\\/uploads\\\/2019\\\/03\\\/vladenie-pravo.jpg\",\"contentUrl\":\"https:\\\/\\\/mhc.org.mk\\\/wp-content\\\/uploads\\\/2019\\\/03\\\/vladenie-pravo.jpg\",\"width\":640,\"height\":418},{\"@type\":\"BreadcrumbList\",\"@id\":\"https:\\\/\\\/mhc.org.mk\\\/sq\\\/sundimi-i-se-drejtes\\\/#breadcrumb\",\"itemListElement\":[{\"@type\":\"ListItem\",\"position\":1,\"name\":\"Home\",\"item\":\"https:\\\/\\\/mhc.org.mk\\\/sq\\\/\"},{\"@type\":\"ListItem\",\"position\":2,\"name\":\"Sundimi i s\u00eb drejt\u00ebs\"}]},{\"@type\":\"WebSite\",\"@id\":\"https:\\\/\\\/mhc.org.mk\\\/sq\\\/#website\",\"url\":\"https:\\\/\\\/mhc.org.mk\\\/sq\\\/\",\"name\":\"\u0425\u0435\u043b\u0441\u0438\u043d\u0448\u043a\u0438 \u043a\u043e\u043c\u0438\u0442\u0435\u0442 \u0437\u0430 \u0447\u043e\u0432\u0435\u043a\u043e\u0432\u0438 \u043f\u0440\u0430\u0432\u0430\",\"description\":\"Vizioni i Komitetit t\u00eb Helsinkit p\u00ebr t\u00eb Drejtat e Njeriut \u00ebsht\u00eb shoq\u00ebri n\u00eb t\u00eb cil\u00ebn t\u00eb gjith\u00eb njer\u00ebzit i g\u00ebzojn\u00eb dhe praktikojn\u00eb t\u00eb drejtat dhe lirit\u00eb e tyre themelore dhe kan\u00eb mbrojtje n\u00eb rast t\u00eb shkeljes ose kufizimit t\u00eb tyre.\",\"publisher\":{\"@id\":\"https:\\\/\\\/mhc.org.mk\\\/sq\\\/#organization\"},\"alternateName\":\"The Helsinki Committee for Human Rights\",\"potentialAction\":[{\"@type\":\"SearchAction\",\"target\":{\"@type\":\"EntryPoint\",\"urlTemplate\":\"https:\\\/\\\/mhc.org.mk\\\/sq\\\/?s={search_term_string}\"},\"query-input\":{\"@type\":\"PropertyValueSpecification\",\"valueRequired\":true,\"valueName\":\"search_term_string\"}}],\"inLanguage\":\"sq-AL\"},{\"@type\":\"Organization\",\"@id\":\"https:\\\/\\\/mhc.org.mk\\\/sq\\\/#organization\",\"name\":\"\u0425\u0435\u043b\u0441\u0438\u043d\u0448\u043a\u0438 \u043a\u043e\u043c\u0438\u0442\u0435\u0442 \u0437\u0430 \u0447\u043e\u0432\u0435\u043a\u043e\u0432\u0438 \u043f\u0440\u0430\u0432\u0430\",\"alternateName\":\"The Helsinki Committee for Human Rights\",\"url\":\"https:\\\/\\\/mhc.org.mk\\\/sq\\\/\",\"logo\":{\"@type\":\"ImageObject\",\"inLanguage\":\"sq-AL\",\"@id\":\"https:\\\/\\\/mhc.org.mk\\\/sq\\\/#\\\/schema\\\/logo\\\/image\\\/\",\"url\":\"https:\\\/\\\/mhc.org.mk\\\/wp-content\\\/uploads\\\/2024\\\/12\\\/mhc-mk-default.webp\",\"contentUrl\":\"https:\\\/\\\/mhc.org.mk\\\/wp-content\\\/uploads\\\/2024\\\/12\\\/mhc-mk-default.webp\",\"width\":640,\"height\":418,\"caption\":\"\u0425\u0435\u043b\u0441\u0438\u043d\u0448\u043a\u0438 \u043a\u043e\u043c\u0438\u0442\u0435\u0442 \u0437\u0430 \u0447\u043e\u0432\u0435\u043a\u043e\u0432\u0438 \u043f\u0440\u0430\u0432\u0430\"},\"image\":{\"@id\":\"https:\\\/\\\/mhc.org.mk\\\/sq\\\/#\\\/schema\\\/logo\\\/image\\\/\"},\"sameAs\":[\"https:\\\/\\\/www.facebook.com\\\/MacedonianHelsinkiCommittee\\\/\",\"https:\\\/\\\/x.com\\\/Helsinshki\",\"https:\\\/\\\/www.linkedin.com\\\/company\\\/helsinki-committee-for-human-rights-of-the-republic-of-macedonia\\\/\",\"https:\\\/\\\/www.youtube.com\\\/user\\\/Helkom1994\"]}]}<\/script>\n<!-- \/ Yoast SEO plugin. -->","yoast_head_json":{"title":"Sundimi i s\u00eb drejt\u00ebs - Komitetit t\u00eb Helsinkit p\u00ebr t\u00eb Drejtat e Njeriut","robots":{"index":"index","follow":"follow","max-snippet":"max-snippet:-1","max-image-preview":"max-image-preview:large","max-video-preview":"max-video-preview:-1"},"canonical":"https:\/\/mhc.org.mk\/sq\/sundimi-i-se-drejtes\/","og_locale":"sq_AL","og_type":"article","og_title":"Sundimi i s\u00eb drejt\u00ebs - Komitetit t\u00eb Helsinkit p\u00ebr t\u00eb Drejtat e Njeriut","og_description":"Jurisprudenc\u00eb \u00a0 Komiteti n\u00eb vazhdim\u00ebsi i mbik\u00ebqyr proceset gjyq\u00ebsore t\u00eb materies civile, penale dhe administrative, n\u00eb ve\u00e7anti ato t\u00eb cilat p\u00ebr shkak t\u00eb specifik\u00ebs s\u00eb tyre ose prapavij\u00ebs politike kan\u00eb efekt t\u00eb ve\u00e7ant\u00eb si mbi respektimin e t\u00eb drejtave t\u00eb njeriut t\u00eb personave t\u00eb caktuar, ashtu edhe mbi ngjarjet shoq\u00ebrore n\u00eb kuptimin m\u00eb t\u00eb gjer\u00eb. [...]Read More... from Sundimi i s\u00eb drejt\u00ebs","og_url":"https:\/\/mhc.org.mk\/sq\/sundimi-i-se-drejtes\/","og_site_name":"Komitetit t\u00eb Helsinkit p\u00ebr t\u00eb Drejtat e Njeriut","article_publisher":"https:\/\/www.facebook.com\/MacedonianHelsinkiCommittee\/","article_modified_time":"2024-11-09T19:14:05+00:00","og_image":[{"width":640,"height":418,"url":"https:\/\/mhc.org.mk\/wp-content\/uploads\/2019\/03\/vladenie-pravo.jpg","type":"image\/jpeg"}],"twitter_card":"summary_large_image","twitter_site":"@Helsinshki","twitter_misc":{"Est. reading time":"1 minute"},"schema":{"@context":"https:\/\/schema.org","@graph":[{"@type":"WebPage","@id":"https:\/\/mhc.org.mk\/sq\/sundimi-i-se-drejtes\/","url":"https:\/\/mhc.org.mk\/sq\/sundimi-i-se-drejtes\/","name":"Sundimi i s\u00eb drejt\u00ebs - Komitetit t\u00eb Helsinkit p\u00ebr t\u00eb Drejtat e Njeriut","isPartOf":{"@id":"https:\/\/mhc.org.mk\/sq\/#website"},"primaryImageOfPage":{"@id":"https:\/\/mhc.org.mk\/sq\/sundimi-i-se-drejtes\/#primaryimage"},"image":{"@id":"https:\/\/mhc.org.mk\/sq\/sundimi-i-se-drejtes\/#primaryimage"},"thumbnailUrl":"https:\/\/mhc.org.mk\/wp-content\/uploads\/2019\/03\/vladenie-pravo.jpg","datePublished":"2019-03-02T18:38:43+00:00","dateModified":"2024-11-09T19:14:05+00:00","breadcrumb":{"@id":"https:\/\/mhc.org.mk\/sq\/sundimi-i-se-drejtes\/#breadcrumb"},"inLanguage":"sq-AL","potentialAction":[{"@type":"ReadAction","target":["https:\/\/mhc.org.mk\/sq\/sundimi-i-se-drejtes\/"]}]},{"@type":"ImageObject","inLanguage":"sq-AL","@id":"https:\/\/mhc.org.mk\/sq\/sundimi-i-se-drejtes\/#primaryimage","url":"https:\/\/mhc.org.mk\/wp-content\/uploads\/2019\/03\/vladenie-pravo.jpg","contentUrl":"https:\/\/mhc.org.mk\/wp-content\/uploads\/2019\/03\/vladenie-pravo.jpg","width":640,"height":418},{"@type":"BreadcrumbList","@id":"https:\/\/mhc.org.mk\/sq\/sundimi-i-se-drejtes\/#breadcrumb","itemListElement":[{"@type":"ListItem","position":1,"name":"Home","item":"https:\/\/mhc.org.mk\/sq\/"},{"@type":"ListItem","position":2,"name":"Sundimi i s\u00eb drejt\u00ebs"}]},{"@type":"WebSite","@id":"https:\/\/mhc.org.mk\/sq\/#website","url":"https:\/\/mhc.org.mk\/sq\/","name":"\u0425\u0435\u043b\u0441\u0438\u043d\u0448\u043a\u0438 \u043a\u043e\u043c\u0438\u0442\u0435\u0442 \u0437\u0430 \u0447\u043e\u0432\u0435\u043a\u043e\u0432\u0438 \u043f\u0440\u0430\u0432\u0430","description":"Vizioni i Komitetit t\u00eb Helsinkit p\u00ebr t\u00eb Drejtat e Njeriut \u00ebsht\u00eb shoq\u00ebri n\u00eb t\u00eb cil\u00ebn t\u00eb gjith\u00eb njer\u00ebzit i g\u00ebzojn\u00eb dhe praktikojn\u00eb t\u00eb drejtat dhe lirit\u00eb e tyre themelore dhe kan\u00eb mbrojtje n\u00eb rast t\u00eb shkeljes ose kufizimit t\u00eb tyre.","publisher":{"@id":"https:\/\/mhc.org.mk\/sq\/#organization"},"alternateName":"The Helsinki Committee for Human Rights","potentialAction":[{"@type":"SearchAction","target":{"@type":"EntryPoint","urlTemplate":"https:\/\/mhc.org.mk\/sq\/?s={search_term_string}"},"query-input":{"@type":"PropertyValueSpecification","valueRequired":true,"valueName":"search_term_string"}}],"inLanguage":"sq-AL"},{"@type":"Organization","@id":"https:\/\/mhc.org.mk\/sq\/#organization","name":"\u0425\u0435\u043b\u0441\u0438\u043d\u0448\u043a\u0438 \u043a\u043e\u043c\u0438\u0442\u0435\u0442 \u0437\u0430 \u0447\u043e\u0432\u0435\u043a\u043e\u0432\u0438 \u043f\u0440\u0430\u0432\u0430","alternateName":"The Helsinki Committee for Human Rights","url":"https:\/\/mhc.org.mk\/sq\/","logo":{"@type":"ImageObject","inLanguage":"sq-AL","@id":"https:\/\/mhc.org.mk\/sq\/#\/schema\/logo\/image\/","url":"https:\/\/mhc.org.mk\/wp-content\/uploads\/2024\/12\/mhc-mk-default.webp","contentUrl":"https:\/\/mhc.org.mk\/wp-content\/uploads\/2024\/12\/mhc-mk-default.webp","width":640,"height":418,"caption":"\u0425\u0435\u043b\u0441\u0438\u043d\u0448\u043a\u0438 \u043a\u043e\u043c\u0438\u0442\u0435\u0442 \u0437\u0430 \u0447\u043e\u0432\u0435\u043a\u043e\u0432\u0438 \u043f\u0440\u0430\u0432\u0430"},"image":{"@id":"https:\/\/mhc.org.mk\/sq\/#\/schema\/logo\/image\/"},"sameAs":["https:\/\/www.facebook.com\/MacedonianHelsinkiCommittee\/","https:\/\/x.com\/Helsinshki","https:\/\/www.linkedin.com\/company\/helsinki-committee-for-human-rights-of-the-republic-of-macedonia\/","https:\/\/www.youtube.com\/user\/Helkom1994"]}]}},"_links":{"self":[{"href":"https:\/\/mhc.org.mk\/sq\/wp-json\/wp\/v2\/pages\/1381","targetHints":{"allow":["GET"]}}],"collection":[{"href":"https:\/\/mhc.org.mk\/sq\/wp-json\/wp\/v2\/pages"}],"about":[{"href":"https:\/\/mhc.org.mk\/sq\/wp-json\/wp\/v2\/types\/page"}],"author":[{"embeddable":true,"href":"https:\/\/mhc.org.mk\/sq\/wp-json\/wp\/v2\/users\/1"}],"replies":[{"embeddable":true,"href":"https:\/\/mhc.org.mk\/sq\/wp-json\/wp\/v2\/comments?post=1381"}],"version-history":[{"count":0,"href":"https:\/\/mhc.org.mk\/sq\/wp-json\/wp\/v2\/pages\/1381\/revisions"}],"wp:featuredmedia":[{"embeddable":true,"href":"https:\/\/mhc.org.mk\/sq\/wp-json\/wp\/v2\/media\/1589"}],"wp:attachment":[{"href":"https:\/\/mhc.org.mk\/sq\/wp-json\/wp\/v2\/media?parent=1381"}],"curies":[{"name":"wp","href":"https:\/\/api.w.org\/{rel}","templated":true}]}}