{"id":1379,"date":"2019-03-02T17:51:04","date_gmt":"2019-03-02T17:51:04","guid":{"rendered":"https:\/\/new.mhc.org.mk\/ndihme-juridike-falas\/"},"modified":"2025-01-02T11:43:25","modified_gmt":"2025-01-02T11:43:25","slug":"ndihme-juridike-falas","status":"publish","type":"page","link":"https:\/\/mhc.org.mk\/sq\/ndihme-juridike-falas\/","title":{"rendered":"Ndihm\u00eb juridike falas"},"content":{"rendered":"<p>Komiteti i Helsinkit \u00ebsht\u00eb shoqat\u00eb e autorizuar p\u00ebr sigurimin e ndihm\u00ebs juridike, e regjistruar n\u00eb Regjistrin shtet\u00ebror p\u00ebr ofrues t\u00eb ndihm\u00ebs juridike falas.<\/p>\n<p>N\u00ebse keni nevoj\u00eb p\u00ebr ndihm\u00eb juridike falas, mund t\u00eb paraqiteni n\u00eb numrin e telefonit pa pages\u00eb <strong><a href=\"tel:023119073\">02 3119073<\/a><\/strong> dhe <strong><a href=\"tel:023290469\">02 3290 469<\/a><\/strong>. N\u00ebse pas bised\u00ebs Ju nevojitet ndihm\u00eb e m\u00ebtutjeshme, mund t\u00eb merrni dhe plot\u00ebsoni K\u00ebrkes\u00ebn p\u00ebr ndihm\u00eb juridike falas (likn p\u00ebr shkarkimin e k\u00ebrkes\u00ebs) si dhe n\u00eb zyr\u00ebn ton\u00eb. \u00a0S\u00eb bashku me k\u00ebrkes\u00ebn, parashtroni edhe kopje nga t\u00eb gjitha dokumentet n\u00eb lidhje me l\u00ebnd\u00ebn Tuaj. \u00a0N\u00ebse nuk keni mund\u00ebsi t\u00eb kopjoni, at\u00eb do ta b\u00ebjm\u00eb n\u00eb zyr\u00ebn ton\u00eb. Pas d\u00ebrges\u00ebs s\u00eb k\u00ebrkes\u00ebs me post\u00eb, post\u00eb elektronike ose parashtrimin e k\u00ebrkes\u00ebs n\u00eb zyr\u00ebn ton\u00eb, do T\u2019ju p\u00ebrcaktohet k\u00ebshilltar jurist i cili do t\u00eb punoj\u00eb me l\u00ebnd\u00ebn Tuaj.<\/p>\n<p>N\u00eb var\u00ebsi t\u00eb l\u00ebnd\u00ebs dhe n\u00ebse pajtoheni, Komiteti i Helsinkit mund t\u00eb siguroj\u00eb k\u00ebshillim, mb\u00ebshtetje dhe p\u00ebrfaq\u00ebsim n\u00eb organet shtet\u00ebrore dhe informimin e publikut gjat\u00eb shkeljeve m\u00eb t\u00eb r\u00ebnda t\u00eb t\u00eb drejtave.<\/p>\n<p><a class=\"btn btn-blue\" href=\"\/sq\/?page_id=1407\">Form\u00eb p\u00ebr Ndihm\u00eb juridike falas (online)<\/a><\/p>\n<p><strong>Komiteti i Helsinkit siguron ndihm\u00eb juridike falas p\u00ebr fushat n\u00eb vijim:<\/strong><\/p>\n<ul>\n<li>Mbrojtje nga diskriminimi<\/li>\n<li>E drejta e jet\u00ebs<\/li>\n<li>Mbrojtja nga mundimi ose maltretimi<\/li>\n<li>Mbrojtja nga privimi i padrejt\u00eb nga liria<\/li>\n<li>T\u00eb drejta nga mbrojtja sociale<\/li>\n<li>T\u00eb drejta t\u00eb personave me \u00e7rregullime fizike, mentale, intelektuale ose shqisore<\/li>\n<li>Barazi nd\u00ebrmjet meshkujve dhe femrave<\/li>\n<li>T\u00eb drejtat e pun\u00ebtor\u00ebve<\/li>\n<li>E drejta e besimit fetar<\/li>\n<li>Liria e fjal\u00ebs dhe informimit<\/li>\n<li>Mbrojtja e t\u00eb dh\u00ebnave personale dhe privat\u00ebsis\u00eb<\/li>\n<li>Liria e bashkimit dhe protest\u00ebs<\/li>\n<li>Liria e l\u00ebvizjes<\/li>\n<li>T\u00eb drejt\u00eb p\u00ebr mbrojtje sh\u00ebndet\u00ebsore<\/li>\n<li>T\u00eb drejtat e f\u00ebmij\u00ebve dhe t\u00eb rinjve<\/li>\n<li>E drejta p\u00ebr shkollim<\/li>\n<li>T\u00eb drejta t\u00eb pjes\u00ebtar\u00ebve t\u00eb bashk\u00ebsive<\/li>\n<li>Mbrojtja nga dhuna familjare<\/li>\n<li>E drejta p\u00ebr gjykim t\u00eb drejt\u00eb n\u00eb afat kohor t\u00eb arsyesh\u00ebm<\/li>\n<li>E drejta p\u00ebr azil T\u00eb drejta n\u00eb lidhje me zgjedhjet<\/li>\n<\/ul>\n<p><strong>Komiteti i Helsinkit nuk siguron ndihm\u00eb juridike falas p\u00ebr k\u00ebto fusha:<\/strong><\/p>\n<ul>\n<li>E drejta e pron\u00ebsis\u00eb (p\u00ebrpos n\u00ebse nuk jan\u00eb cenuar nga shteti)<\/li>\n<li>E drejta p\u00ebr pun\u00ebsim dhe pun\u00eb ( p\u00ebrpos n\u00eb rastet e diskriminimit dhe mobingut)<\/li>\n<li>Detyrime financiare ( p\u00ebrpos gjat\u00eb padrejt\u00ebsis\u00eb evidente ose cenimit t\u00eb mbrojtjes sociale)<\/li>\n<li>Mbrojtjen e familjes ( p\u00ebrpos gjat\u00eb dhun\u00ebs familjar\u00eb dhe shkeljen e t\u00eb drejtave t\u00eb f\u00ebmij\u00ebs)<\/li>\n<li>Marr\u00ebdh\u00ebnie kontraktuese nd\u00ebrmjet persona fizik dhe juridik (p\u00ebrpos kur jan\u00eb cenuar nga shteti)<\/li>\n<li>T\u00eb drejtat e autorit dhe pron\u00ebsi industriale<\/li>\n<li>Procedura p\u00ebr falimentim<\/li>\n<li>Sigurim pensional dhe invalidor (p\u00ebrpos gjat\u00eb shkeljes s\u00eb t\u00eb drejtave nga shteti)<\/li>\n<li>Kund\u00ebrvajtje (p\u00ebrpos gjat\u00eb shkeljes s\u00eb t\u00eb drejtave nga shteti)<\/li>\n<li>T\u00eb drejta dhe obligime t\u00eb partive politike<\/li>\n<li>T\u00eb drejta dhe obligime n\u00eb shtete t\u00eb huaja<\/li>\n<li>T\u00eb drejta t\u00eb LGBTI komunitetit<\/li>\n<\/ul>\n","protected":false},"excerpt":{"rendered":"<p>Komiteti i Helsinkit \u00ebsht\u00eb shoqat\u00eb e autorizuar p\u00ebr sigurimin e ndihm\u00ebs juridike, e regjistruar n\u00eb Regjistrin shtet\u00ebror p\u00ebr ofrues t\u00eb ndihm\u00ebs juridike falas. N\u00ebse keni nevoj\u00eb p\u00ebr ndihm\u00eb juridike falas, mund t\u00eb paraqiteni n\u00eb numrin e telefonit pa pages\u00eb 02 3119073 dhe 02 3290 469. N\u00ebse pas bised\u00ebs Ju nevojitet ndihm\u00eb e m\u00ebtutjeshme, mund t\u00eb [&#8230;]<\/p>\n<p><a class=\"btn btn-secondary understrap-read-more-link\" href=\"https:\/\/mhc.org.mk\/sq\/ndihme-juridike-falas\/\">Read More&#8230;<span class=\"screen-reader-text\"> from Ndihm\u00eb juridike falas<\/span><\/a><\/p>\n","protected":false},"author":1,"featured_media":1583,"parent":0,"menu_order":0,"comment_status":"closed","ping_status":"closed","template":"","meta":{"_acf_changed":false,"footnotes":""},"class_list":["post-1379","page","type-page","status-publish","has-post-thumbnail","hentry"],"acf":[],"yoast_head":"<!-- This site is optimized with the Yoast SEO plugin v27.4 - https:\/\/yoast.com\/product\/yoast-seo-wordpress\/ -->\n<title>Ndihm\u00eb juridike falas - Komitetit t\u00eb Helsinkit p\u00ebr t\u00eb Drejtat e Njeriut<\/title>\n<meta name=\"robots\" content=\"index, follow, max-snippet:-1, max-image-preview:large, max-video-preview:-1\" \/>\n<link rel=\"canonical\" href=\"https:\/\/mhc.org.mk\/sq\/ndihme-juridike-falas\/\" \/>\n<meta property=\"og:locale\" content=\"sq_AL\" \/>\n<meta property=\"og:type\" content=\"article\" \/>\n<meta property=\"og:title\" content=\"Ndihm\u00eb juridike falas - Komitetit t\u00eb Helsinkit p\u00ebr t\u00eb Drejtat e Njeriut\" \/>\n<meta property=\"og:description\" content=\"Komiteti i Helsinkit \u00ebsht\u00eb shoqat\u00eb e autorizuar p\u00ebr sigurimin e ndihm\u00ebs juridike, e regjistruar n\u00eb Regjistrin shtet\u00ebror p\u00ebr ofrues t\u00eb ndihm\u00ebs juridike falas. N\u00ebse keni nevoj\u00eb p\u00ebr ndihm\u00eb juridike falas, mund t\u00eb paraqiteni n\u00eb numrin e telefonit pa pages\u00eb 02 3119073 dhe 02 3290 469. N\u00ebse pas bised\u00ebs Ju nevojitet ndihm\u00eb e m\u00ebtutjeshme, mund t\u00eb [...]Read More... from Ndihm\u00eb juridike falas\" \/>\n<meta property=\"og:url\" content=\"https:\/\/mhc.org.mk\/sq\/ndihme-juridike-falas\/\" \/>\n<meta property=\"og:site_name\" content=\"Komitetit t\u00eb Helsinkit p\u00ebr t\u00eb Drejtat e Njeriut\" \/>\n<meta property=\"article:publisher\" content=\"https:\/\/www.facebook.com\/MacedonianHelsinkiCommittee\/\" \/>\n<meta property=\"article:modified_time\" content=\"2025-01-02T11:43:25+00:00\" \/>\n<meta property=\"og:image\" content=\"https:\/\/mhc.org.mk\/wp-content\/uploads\/2019\/03\/pravni.jpg\" \/>\n\t<meta property=\"og:image:width\" content=\"640\" \/>\n\t<meta property=\"og:image:height\" content=\"418\" \/>\n\t<meta property=\"og:image:type\" content=\"image\/jpeg\" \/>\n<meta name=\"twitter:card\" content=\"summary_large_image\" \/>\n<meta name=\"twitter:site\" content=\"@Helsinshki\" \/>\n<meta name=\"twitter:label1\" content=\"Est. reading time\" \/>\n\t<meta name=\"twitter:data1\" content=\"3 minutes\" \/>\n<script type=\"application\/ld+json\" class=\"yoast-schema-graph\">{\"@context\":\"https:\\\/\\\/schema.org\",\"@graph\":[{\"@type\":\"WebPage\",\"@id\":\"https:\\\/\\\/mhc.org.mk\\\/sq\\\/ndihme-juridike-falas\\\/\",\"url\":\"https:\\\/\\\/mhc.org.mk\\\/sq\\\/ndihme-juridike-falas\\\/\",\"name\":\"Ndihm\u00eb juridike falas - Komitetit t\u00eb Helsinkit p\u00ebr t\u00eb Drejtat e Njeriut\",\"isPartOf\":{\"@id\":\"https:\\\/\\\/mhc.org.mk\\\/sq\\\/#website\"},\"primaryImageOfPage\":{\"@id\":\"https:\\\/\\\/mhc.org.mk\\\/sq\\\/ndihme-juridike-falas\\\/#primaryimage\"},\"image\":{\"@id\":\"https:\\\/\\\/mhc.org.mk\\\/sq\\\/ndihme-juridike-falas\\\/#primaryimage\"},\"thumbnailUrl\":\"https:\\\/\\\/mhc.org.mk\\\/wp-content\\\/uploads\\\/2019\\\/03\\\/pravni.jpg\",\"datePublished\":\"2019-03-02T17:51:04+00:00\",\"dateModified\":\"2025-01-02T11:43:25+00:00\",\"breadcrumb\":{\"@id\":\"https:\\\/\\\/mhc.org.mk\\\/sq\\\/ndihme-juridike-falas\\\/#breadcrumb\"},\"inLanguage\":\"sq-AL\",\"potentialAction\":[{\"@type\":\"ReadAction\",\"target\":[\"https:\\\/\\\/mhc.org.mk\\\/sq\\\/ndihme-juridike-falas\\\/\"]}]},{\"@type\":\"ImageObject\",\"inLanguage\":\"sq-AL\",\"@id\":\"https:\\\/\\\/mhc.org.mk\\\/sq\\\/ndihme-juridike-falas\\\/#primaryimage\",\"url\":\"https:\\\/\\\/mhc.org.mk\\\/wp-content\\\/uploads\\\/2019\\\/03\\\/pravni.jpg\",\"contentUrl\":\"https:\\\/\\\/mhc.org.mk\\\/wp-content\\\/uploads\\\/2019\\\/03\\\/pravni.jpg\",\"width\":640,\"height\":418},{\"@type\":\"BreadcrumbList\",\"@id\":\"https:\\\/\\\/mhc.org.mk\\\/sq\\\/ndihme-juridike-falas\\\/#breadcrumb\",\"itemListElement\":[{\"@type\":\"ListItem\",\"position\":1,\"name\":\"Home\",\"item\":\"https:\\\/\\\/mhc.org.mk\\\/sq\\\/\"},{\"@type\":\"ListItem\",\"position\":2,\"name\":\"Ndihm\u00eb juridike falas\"}]},{\"@type\":\"WebSite\",\"@id\":\"https:\\\/\\\/mhc.org.mk\\\/sq\\\/#website\",\"url\":\"https:\\\/\\\/mhc.org.mk\\\/sq\\\/\",\"name\":\"\u0425\u0435\u043b\u0441\u0438\u043d\u0448\u043a\u0438 \u043a\u043e\u043c\u0438\u0442\u0435\u0442 \u0437\u0430 \u0447\u043e\u0432\u0435\u043a\u043e\u0432\u0438 \u043f\u0440\u0430\u0432\u0430\",\"description\":\"Vizioni i Komitetit t\u00eb Helsinkit p\u00ebr t\u00eb Drejtat e Njeriut \u00ebsht\u00eb shoq\u00ebri n\u00eb t\u00eb cil\u00ebn t\u00eb gjith\u00eb njer\u00ebzit i g\u00ebzojn\u00eb dhe praktikojn\u00eb t\u00eb drejtat dhe lirit\u00eb e tyre themelore dhe kan\u00eb mbrojtje n\u00eb rast t\u00eb shkeljes ose kufizimit t\u00eb tyre.\",\"publisher\":{\"@id\":\"https:\\\/\\\/mhc.org.mk\\\/sq\\\/#organization\"},\"alternateName\":\"The Helsinki Committee for Human Rights\",\"potentialAction\":[{\"@type\":\"SearchAction\",\"target\":{\"@type\":\"EntryPoint\",\"urlTemplate\":\"https:\\\/\\\/mhc.org.mk\\\/sq\\\/?s={search_term_string}\"},\"query-input\":{\"@type\":\"PropertyValueSpecification\",\"valueRequired\":true,\"valueName\":\"search_term_string\"}}],\"inLanguage\":\"sq-AL\"},{\"@type\":\"Organization\",\"@id\":\"https:\\\/\\\/mhc.org.mk\\\/sq\\\/#organization\",\"name\":\"\u0425\u0435\u043b\u0441\u0438\u043d\u0448\u043a\u0438 \u043a\u043e\u043c\u0438\u0442\u0435\u0442 \u0437\u0430 \u0447\u043e\u0432\u0435\u043a\u043e\u0432\u0438 \u043f\u0440\u0430\u0432\u0430\",\"alternateName\":\"The Helsinki Committee for Human Rights\",\"url\":\"https:\\\/\\\/mhc.org.mk\\\/sq\\\/\",\"logo\":{\"@type\":\"ImageObject\",\"inLanguage\":\"sq-AL\",\"@id\":\"https:\\\/\\\/mhc.org.mk\\\/sq\\\/#\\\/schema\\\/logo\\\/image\\\/\",\"url\":\"https:\\\/\\\/mhc.org.mk\\\/wp-content\\\/uploads\\\/2024\\\/12\\\/mhc-mk-default.webp\",\"contentUrl\":\"https:\\\/\\\/mhc.org.mk\\\/wp-content\\\/uploads\\\/2024\\\/12\\\/mhc-mk-default.webp\",\"width\":640,\"height\":418,\"caption\":\"\u0425\u0435\u043b\u0441\u0438\u043d\u0448\u043a\u0438 \u043a\u043e\u043c\u0438\u0442\u0435\u0442 \u0437\u0430 \u0447\u043e\u0432\u0435\u043a\u043e\u0432\u0438 \u043f\u0440\u0430\u0432\u0430\"},\"image\":{\"@id\":\"https:\\\/\\\/mhc.org.mk\\\/sq\\\/#\\\/schema\\\/logo\\\/image\\\/\"},\"sameAs\":[\"https:\\\/\\\/www.facebook.com\\\/MacedonianHelsinkiCommittee\\\/\",\"https:\\\/\\\/x.com\\\/Helsinshki\",\"https:\\\/\\\/www.linkedin.com\\\/company\\\/helsinki-committee-for-human-rights-of-the-republic-of-macedonia\\\/\",\"https:\\\/\\\/www.youtube.com\\\/user\\\/Helkom1994\"]}]}<\/script>\n<!-- \/ Yoast SEO plugin. -->","yoast_head_json":{"title":"Ndihm\u00eb juridike falas - Komitetit t\u00eb Helsinkit p\u00ebr t\u00eb Drejtat e Njeriut","robots":{"index":"index","follow":"follow","max-snippet":"max-snippet:-1","max-image-preview":"max-image-preview:large","max-video-preview":"max-video-preview:-1"},"canonical":"https:\/\/mhc.org.mk\/sq\/ndihme-juridike-falas\/","og_locale":"sq_AL","og_type":"article","og_title":"Ndihm\u00eb juridike falas - Komitetit t\u00eb Helsinkit p\u00ebr t\u00eb Drejtat e Njeriut","og_description":"Komiteti i Helsinkit \u00ebsht\u00eb shoqat\u00eb e autorizuar p\u00ebr sigurimin e ndihm\u00ebs juridike, e regjistruar n\u00eb Regjistrin shtet\u00ebror p\u00ebr ofrues t\u00eb ndihm\u00ebs juridike falas. N\u00ebse keni nevoj\u00eb p\u00ebr ndihm\u00eb juridike falas, mund t\u00eb paraqiteni n\u00eb numrin e telefonit pa pages\u00eb 02 3119073 dhe 02 3290 469. N\u00ebse pas bised\u00ebs Ju nevojitet ndihm\u00eb e m\u00ebtutjeshme, mund t\u00eb [...]Read More... from Ndihm\u00eb juridike falas","og_url":"https:\/\/mhc.org.mk\/sq\/ndihme-juridike-falas\/","og_site_name":"Komitetit t\u00eb Helsinkit p\u00ebr t\u00eb Drejtat e Njeriut","article_publisher":"https:\/\/www.facebook.com\/MacedonianHelsinkiCommittee\/","article_modified_time":"2025-01-02T11:43:25+00:00","og_image":[{"width":640,"height":418,"url":"https:\/\/mhc.org.mk\/wp-content\/uploads\/2019\/03\/pravni.jpg","type":"image\/jpeg"}],"twitter_card":"summary_large_image","twitter_site":"@Helsinshki","twitter_misc":{"Est. reading time":"3 minutes"},"schema":{"@context":"https:\/\/schema.org","@graph":[{"@type":"WebPage","@id":"https:\/\/mhc.org.mk\/sq\/ndihme-juridike-falas\/","url":"https:\/\/mhc.org.mk\/sq\/ndihme-juridike-falas\/","name":"Ndihm\u00eb juridike falas - Komitetit t\u00eb Helsinkit p\u00ebr t\u00eb Drejtat e Njeriut","isPartOf":{"@id":"https:\/\/mhc.org.mk\/sq\/#website"},"primaryImageOfPage":{"@id":"https:\/\/mhc.org.mk\/sq\/ndihme-juridike-falas\/#primaryimage"},"image":{"@id":"https:\/\/mhc.org.mk\/sq\/ndihme-juridike-falas\/#primaryimage"},"thumbnailUrl":"https:\/\/mhc.org.mk\/wp-content\/uploads\/2019\/03\/pravni.jpg","datePublished":"2019-03-02T17:51:04+00:00","dateModified":"2025-01-02T11:43:25+00:00","breadcrumb":{"@id":"https:\/\/mhc.org.mk\/sq\/ndihme-juridike-falas\/#breadcrumb"},"inLanguage":"sq-AL","potentialAction":[{"@type":"ReadAction","target":["https:\/\/mhc.org.mk\/sq\/ndihme-juridike-falas\/"]}]},{"@type":"ImageObject","inLanguage":"sq-AL","@id":"https:\/\/mhc.org.mk\/sq\/ndihme-juridike-falas\/#primaryimage","url":"https:\/\/mhc.org.mk\/wp-content\/uploads\/2019\/03\/pravni.jpg","contentUrl":"https:\/\/mhc.org.mk\/wp-content\/uploads\/2019\/03\/pravni.jpg","width":640,"height":418},{"@type":"BreadcrumbList","@id":"https:\/\/mhc.org.mk\/sq\/ndihme-juridike-falas\/#breadcrumb","itemListElement":[{"@type":"ListItem","position":1,"name":"Home","item":"https:\/\/mhc.org.mk\/sq\/"},{"@type":"ListItem","position":2,"name":"Ndihm\u00eb juridike falas"}]},{"@type":"WebSite","@id":"https:\/\/mhc.org.mk\/sq\/#website","url":"https:\/\/mhc.org.mk\/sq\/","name":"\u0425\u0435\u043b\u0441\u0438\u043d\u0448\u043a\u0438 \u043a\u043e\u043c\u0438\u0442\u0435\u0442 \u0437\u0430 \u0447\u043e\u0432\u0435\u043a\u043e\u0432\u0438 \u043f\u0440\u0430\u0432\u0430","description":"Vizioni i Komitetit t\u00eb Helsinkit p\u00ebr t\u00eb Drejtat e Njeriut \u00ebsht\u00eb shoq\u00ebri n\u00eb t\u00eb cil\u00ebn t\u00eb gjith\u00eb njer\u00ebzit i g\u00ebzojn\u00eb dhe praktikojn\u00eb t\u00eb drejtat dhe lirit\u00eb e tyre themelore dhe kan\u00eb mbrojtje n\u00eb rast t\u00eb shkeljes ose kufizimit t\u00eb tyre.","publisher":{"@id":"https:\/\/mhc.org.mk\/sq\/#organization"},"alternateName":"The Helsinki Committee for Human Rights","potentialAction":[{"@type":"SearchAction","target":{"@type":"EntryPoint","urlTemplate":"https:\/\/mhc.org.mk\/sq\/?s={search_term_string}"},"query-input":{"@type":"PropertyValueSpecification","valueRequired":true,"valueName":"search_term_string"}}],"inLanguage":"sq-AL"},{"@type":"Organization","@id":"https:\/\/mhc.org.mk\/sq\/#organization","name":"\u0425\u0435\u043b\u0441\u0438\u043d\u0448\u043a\u0438 \u043a\u043e\u043c\u0438\u0442\u0435\u0442 \u0437\u0430 \u0447\u043e\u0432\u0435\u043a\u043e\u0432\u0438 \u043f\u0440\u0430\u0432\u0430","alternateName":"The Helsinki Committee for Human Rights","url":"https:\/\/mhc.org.mk\/sq\/","logo":{"@type":"ImageObject","inLanguage":"sq-AL","@id":"https:\/\/mhc.org.mk\/sq\/#\/schema\/logo\/image\/","url":"https:\/\/mhc.org.mk\/wp-content\/uploads\/2024\/12\/mhc-mk-default.webp","contentUrl":"https:\/\/mhc.org.mk\/wp-content\/uploads\/2024\/12\/mhc-mk-default.webp","width":640,"height":418,"caption":"\u0425\u0435\u043b\u0441\u0438\u043d\u0448\u043a\u0438 \u043a\u043e\u043c\u0438\u0442\u0435\u0442 \u0437\u0430 \u0447\u043e\u0432\u0435\u043a\u043e\u0432\u0438 \u043f\u0440\u0430\u0432\u0430"},"image":{"@id":"https:\/\/mhc.org.mk\/sq\/#\/schema\/logo\/image\/"},"sameAs":["https:\/\/www.facebook.com\/MacedonianHelsinkiCommittee\/","https:\/\/x.com\/Helsinshki","https:\/\/www.linkedin.com\/company\/helsinki-committee-for-human-rights-of-the-republic-of-macedonia\/","https:\/\/www.youtube.com\/user\/Helkom1994"]}]}},"_links":{"self":[{"href":"https:\/\/mhc.org.mk\/sq\/wp-json\/wp\/v2\/pages\/1379","targetHints":{"allow":["GET"]}}],"collection":[{"href":"https:\/\/mhc.org.mk\/sq\/wp-json\/wp\/v2\/pages"}],"about":[{"href":"https:\/\/mhc.org.mk\/sq\/wp-json\/wp\/v2\/types\/page"}],"author":[{"embeddable":true,"href":"https:\/\/mhc.org.mk\/sq\/wp-json\/wp\/v2\/users\/1"}],"replies":[{"embeddable":true,"href":"https:\/\/mhc.org.mk\/sq\/wp-json\/wp\/v2\/comments?post=1379"}],"version-history":[{"count":1,"href":"https:\/\/mhc.org.mk\/sq\/wp-json\/wp\/v2\/pages\/1379\/revisions"}],"predecessor-version":[{"id":27918,"href":"https:\/\/mhc.org.mk\/sq\/wp-json\/wp\/v2\/pages\/1379\/revisions\/27918"}],"wp:featuredmedia":[{"embeddable":true,"href":"https:\/\/mhc.org.mk\/sq\/wp-json\/wp\/v2\/media\/1583"}],"wp:attachment":[{"href":"https:\/\/mhc.org.mk\/sq\/wp-json\/wp\/v2\/media?parent=1379"}],"curies":[{"name":"wp","href":"https:\/\/api.w.org\/{rel}","templated":true}]}}