{"id":7751,"date":"2020-02-12T22:24:26","date_gmt":"2020-02-12T22:24:26","guid":{"rendered":"https:\/\/mhc.org.mk\/discrimination\/"},"modified":"2024-11-13T20:49:04","modified_gmt":"2024-11-13T20:49:04","slug":"discrimination","status":"publish","type":"page","link":"https:\/\/mhc.org.mk\/en\/discrimination\/","title":{"rendered":"Discrimination"},"content":{"rendered":"<p>All people are equal before the Constitution and the law and have the right to equal treatment and protection, without discrimination. The state has to provide efficient protection from all forms of discrimination and equal access to justice for all. The primary objective is promotion of the legislation towards complete implementation of international standards in this field. The Committee\u2019s strategic goal is further strengthening of the protection mechanisms and creation of practical preconditions for identification, prevention and sanctioning of discrimination cases as well as provision of access to justice.<\/p>\n<p>The Committee monitors the work of equality bodies, courts and other institutions involved in the protection against discrimination. It continuously undertakes activities related to discrimination against the LGBTI community, discrimination on the ground of ethnicity, religious beliefs, sex and gender, bodily and intellectual disability, political affiliation and beliefs and other grounds. In addition to acting in cases of individual and collective petitions, the Committee also offers representation before domestic and international courts and other mechanisms for protection against discrimination.<\/p>\n<p>The Helsinki Committee for Human Rights is part of the Network for Protection against Discrimination established in December 2010 towards developing strategic representation in discrimination cases.<\/p>\n","protected":false},"excerpt":{"rendered":"<p>All people are equal before the Constitution and the law and have the right to equal treatment and protection, without discrimination. The state has to provide efficient protection from all forms of discrimination and equal access to justice for all. The primary objective is promotion of the legislation towards complete implementation of international standards in [&#8230;]<\/p>\n<p><a class=\"btn btn-secondary understrap-read-more-link\" href=\"https:\/\/mhc.org.mk\/en\/discrimination\/\">Read More&#8230;<span class=\"screen-reader-text\"> from Discrimination<\/span><\/a><\/p>\n","protected":false},"author":1,"featured_media":7747,"parent":0,"menu_order":0,"comment_status":"closed","ping_status":"closed","template":"","meta":{"_acf_changed":false,"footnotes":""},"class_list":["post-7751","page","type-page","status-publish","has-post-thumbnail","hentry"],"acf":[],"yoast_head":"<!-- This site is optimized with the Yoast SEO plugin v27.6 - https:\/\/yoast.com\/product\/yoast-seo-wordpress\/ -->\n<title>Discrimination - Komitetit t\u00eb Helsinkit p\u00ebr t\u00eb Drejtat e Njeriut<\/title>\n<meta name=\"robots\" content=\"index, follow, max-snippet:-1, max-image-preview:large, max-video-preview:-1\" \/>\n<link rel=\"canonical\" href=\"https:\/\/mhc.org.mk\/en\/discrimination\/\" \/>\n<meta property=\"og:locale\" content=\"en_US\" \/>\n<meta property=\"og:type\" content=\"article\" \/>\n<meta property=\"og:title\" content=\"Discrimination - Komitetit t\u00eb Helsinkit p\u00ebr t\u00eb Drejtat e Njeriut\" \/>\n<meta property=\"og:description\" content=\"All people are equal before the Constitution and the law and have the right to equal treatment and protection, without discrimination. The state has to provide efficient protection from all forms of discrimination and equal access to justice for all. The primary objective is promotion of the legislation towards complete implementation of international standards in [...]Read More... from Discrimination\" \/>\n<meta property=\"og:url\" content=\"https:\/\/mhc.org.mk\/en\/discrimination\/\" \/>\n<meta property=\"og:site_name\" content=\"Komitetit t\u00eb Helsinkit p\u00ebr t\u00eb Drejtat e Njeriut\" \/>\n<meta property=\"article:publisher\" content=\"https:\/\/www.facebook.com\/MacedonianHelsinkiCommittee\/\" \/>\n<meta property=\"article:modified_time\" content=\"2024-11-13T20:49:04+00:00\" \/>\n<meta property=\"og:image\" content=\"https:\/\/mhc.org.mk\/wp-content\/uploads\/2020\/02\/diskriminacija.jpg\" \/>\n\t<meta property=\"og:image:width\" content=\"640\" \/>\n\t<meta property=\"og:image:height\" content=\"418\" \/>\n\t<meta property=\"og:image:type\" content=\"image\/jpeg\" \/>\n<meta name=\"twitter:card\" content=\"summary_large_image\" \/>\n<meta name=\"twitter:site\" content=\"@Helsinshki\" \/>\n<meta name=\"twitter:label1\" content=\"Est. reading time\" \/>\n\t<meta name=\"twitter:data1\" content=\"1 minute\" \/>\n<script type=\"application\/ld+json\" class=\"yoast-schema-graph\">{\"@context\":\"https:\\\/\\\/schema.org\",\"@graph\":[{\"@type\":\"WebPage\",\"@id\":\"https:\\\/\\\/mhc.org.mk\\\/en\\\/discrimination\\\/\",\"url\":\"https:\\\/\\\/mhc.org.mk\\\/en\\\/discrimination\\\/\",\"name\":\"Discrimination - Komitetit t\u00eb Helsinkit p\u00ebr t\u00eb Drejtat e Njeriut\",\"isPartOf\":{\"@id\":\"https:\\\/\\\/mhc.org.mk\\\/en\\\/#website\"},\"primaryImageOfPage\":{\"@id\":\"https:\\\/\\\/mhc.org.mk\\\/en\\\/discrimination\\\/#primaryimage\"},\"image\":{\"@id\":\"https:\\\/\\\/mhc.org.mk\\\/en\\\/discrimination\\\/#primaryimage\"},\"thumbnailUrl\":\"https:\\\/\\\/mhc.org.mk\\\/wp-content\\\/uploads\\\/2020\\\/02\\\/diskriminacija.jpg\",\"datePublished\":\"2020-02-12T22:24:26+00:00\",\"dateModified\":\"2024-11-13T20:49:04+00:00\",\"breadcrumb\":{\"@id\":\"https:\\\/\\\/mhc.org.mk\\\/en\\\/discrimination\\\/#breadcrumb\"},\"inLanguage\":\"en-US\",\"potentialAction\":[{\"@type\":\"ReadAction\",\"target\":[\"https:\\\/\\\/mhc.org.mk\\\/en\\\/discrimination\\\/\"]}]},{\"@type\":\"ImageObject\",\"inLanguage\":\"en-US\",\"@id\":\"https:\\\/\\\/mhc.org.mk\\\/en\\\/discrimination\\\/#primaryimage\",\"url\":\"https:\\\/\\\/mhc.org.mk\\\/wp-content\\\/uploads\\\/2020\\\/02\\\/diskriminacija.jpg\",\"contentUrl\":\"https:\\\/\\\/mhc.org.mk\\\/wp-content\\\/uploads\\\/2020\\\/02\\\/diskriminacija.jpg\",\"width\":640,\"height\":418},{\"@type\":\"BreadcrumbList\",\"@id\":\"https:\\\/\\\/mhc.org.mk\\\/en\\\/discrimination\\\/#breadcrumb\",\"itemListElement\":[{\"@type\":\"ListItem\",\"position\":1,\"name\":\"Home\",\"item\":\"https:\\\/\\\/mhc.org.mk\\\/en\\\/\"},{\"@type\":\"ListItem\",\"position\":2,\"name\":\"Discrimination\"}]},{\"@type\":\"WebSite\",\"@id\":\"https:\\\/\\\/mhc.org.mk\\\/en\\\/#website\",\"url\":\"https:\\\/\\\/mhc.org.mk\\\/en\\\/\",\"name\":\"\u0425\u0435\u043b\u0441\u0438\u043d\u0448\u043a\u0438 \u043a\u043e\u043c\u0438\u0442\u0435\u0442 \u0437\u0430 \u0447\u043e\u0432\u0435\u043a\u043e\u0432\u0438 \u043f\u0440\u0430\u0432\u0430\",\"description\":\"Vizioni i Komitetit t\u00eb Helsinkit p\u00ebr t\u00eb Drejtat e Njeriut \u00ebsht\u00eb shoq\u00ebri n\u00eb t\u00eb cil\u00ebn t\u00eb gjith\u00eb njer\u00ebzit i g\u00ebzojn\u00eb dhe praktikojn\u00eb t\u00eb drejtat dhe lirit\u00eb e tyre themelore dhe kan\u00eb mbrojtje n\u00eb rast t\u00eb shkeljes ose kufizimit t\u00eb tyre.\",\"publisher\":{\"@id\":\"https:\\\/\\\/mhc.org.mk\\\/en\\\/#organization\"},\"alternateName\":\"The Helsinki Committee for Human Rights\",\"potentialAction\":[{\"@type\":\"SearchAction\",\"target\":{\"@type\":\"EntryPoint\",\"urlTemplate\":\"https:\\\/\\\/mhc.org.mk\\\/en\\\/?s={search_term_string}\"},\"query-input\":{\"@type\":\"PropertyValueSpecification\",\"valueRequired\":true,\"valueName\":\"search_term_string\"}}],\"inLanguage\":\"en-US\"},{\"@type\":\"Organization\",\"@id\":\"https:\\\/\\\/mhc.org.mk\\\/en\\\/#organization\",\"name\":\"\u0425\u0435\u043b\u0441\u0438\u043d\u0448\u043a\u0438 \u043a\u043e\u043c\u0438\u0442\u0435\u0442 \u0437\u0430 \u0447\u043e\u0432\u0435\u043a\u043e\u0432\u0438 \u043f\u0440\u0430\u0432\u0430\",\"alternateName\":\"The Helsinki Committee for Human Rights\",\"url\":\"https:\\\/\\\/mhc.org.mk\\\/en\\\/\",\"logo\":{\"@type\":\"ImageObject\",\"inLanguage\":\"en-US\",\"@id\":\"https:\\\/\\\/mhc.org.mk\\\/en\\\/#\\\/schema\\\/logo\\\/image\\\/\",\"url\":\"https:\\\/\\\/mhc.org.mk\\\/wp-content\\\/uploads\\\/2024\\\/12\\\/mhc-mk-default.webp\",\"contentUrl\":\"https:\\\/\\\/mhc.org.mk\\\/wp-content\\\/uploads\\\/2024\\\/12\\\/mhc-mk-default.webp\",\"width\":640,\"height\":418,\"caption\":\"\u0425\u0435\u043b\u0441\u0438\u043d\u0448\u043a\u0438 \u043a\u043e\u043c\u0438\u0442\u0435\u0442 \u0437\u0430 \u0447\u043e\u0432\u0435\u043a\u043e\u0432\u0438 \u043f\u0440\u0430\u0432\u0430\"},\"image\":{\"@id\":\"https:\\\/\\\/mhc.org.mk\\\/en\\\/#\\\/schema\\\/logo\\\/image\\\/\"},\"sameAs\":[\"https:\\\/\\\/www.facebook.com\\\/MacedonianHelsinkiCommittee\\\/\",\"https:\\\/\\\/x.com\\\/Helsinshki\",\"https:\\\/\\\/www.linkedin.com\\\/company\\\/helsinki-committee-for-human-rights-of-the-republic-of-macedonia\\\/\",\"https:\\\/\\\/www.youtube.com\\\/user\\\/Helkom1994\"]}]}<\/script>\n<!-- \/ Yoast SEO plugin. -->","yoast_head_json":{"title":"Discrimination - Komitetit t\u00eb Helsinkit p\u00ebr t\u00eb Drejtat e Njeriut","robots":{"index":"index","follow":"follow","max-snippet":"max-snippet:-1","max-image-preview":"max-image-preview:large","max-video-preview":"max-video-preview:-1"},"canonical":"https:\/\/mhc.org.mk\/en\/discrimination\/","og_locale":"en_US","og_type":"article","og_title":"Discrimination - Komitetit t\u00eb Helsinkit p\u00ebr t\u00eb Drejtat e Njeriut","og_description":"All people are equal before the Constitution and the law and have the right to equal treatment and protection, without discrimination. The state has to provide efficient protection from all forms of discrimination and equal access to justice for all. The primary objective is promotion of the legislation towards complete implementation of international standards in [...]Read More... from Discrimination","og_url":"https:\/\/mhc.org.mk\/en\/discrimination\/","og_site_name":"Komitetit t\u00eb Helsinkit p\u00ebr t\u00eb Drejtat e Njeriut","article_publisher":"https:\/\/www.facebook.com\/MacedonianHelsinkiCommittee\/","article_modified_time":"2024-11-13T20:49:04+00:00","og_image":[{"width":640,"height":418,"url":"https:\/\/mhc.org.mk\/wp-content\/uploads\/2020\/02\/diskriminacija.jpg","type":"image\/jpeg"}],"twitter_card":"summary_large_image","twitter_site":"@Helsinshki","twitter_misc":{"Est. reading time":"1 minute"},"schema":{"@context":"https:\/\/schema.org","@graph":[{"@type":"WebPage","@id":"https:\/\/mhc.org.mk\/en\/discrimination\/","url":"https:\/\/mhc.org.mk\/en\/discrimination\/","name":"Discrimination - Komitetit t\u00eb Helsinkit p\u00ebr t\u00eb Drejtat e Njeriut","isPartOf":{"@id":"https:\/\/mhc.org.mk\/en\/#website"},"primaryImageOfPage":{"@id":"https:\/\/mhc.org.mk\/en\/discrimination\/#primaryimage"},"image":{"@id":"https:\/\/mhc.org.mk\/en\/discrimination\/#primaryimage"},"thumbnailUrl":"https:\/\/mhc.org.mk\/wp-content\/uploads\/2020\/02\/diskriminacija.jpg","datePublished":"2020-02-12T22:24:26+00:00","dateModified":"2024-11-13T20:49:04+00:00","breadcrumb":{"@id":"https:\/\/mhc.org.mk\/en\/discrimination\/#breadcrumb"},"inLanguage":"en-US","potentialAction":[{"@type":"ReadAction","target":["https:\/\/mhc.org.mk\/en\/discrimination\/"]}]},{"@type":"ImageObject","inLanguage":"en-US","@id":"https:\/\/mhc.org.mk\/en\/discrimination\/#primaryimage","url":"https:\/\/mhc.org.mk\/wp-content\/uploads\/2020\/02\/diskriminacija.jpg","contentUrl":"https:\/\/mhc.org.mk\/wp-content\/uploads\/2020\/02\/diskriminacija.jpg","width":640,"height":418},{"@type":"BreadcrumbList","@id":"https:\/\/mhc.org.mk\/en\/discrimination\/#breadcrumb","itemListElement":[{"@type":"ListItem","position":1,"name":"Home","item":"https:\/\/mhc.org.mk\/en\/"},{"@type":"ListItem","position":2,"name":"Discrimination"}]},{"@type":"WebSite","@id":"https:\/\/mhc.org.mk\/en\/#website","url":"https:\/\/mhc.org.mk\/en\/","name":"\u0425\u0435\u043b\u0441\u0438\u043d\u0448\u043a\u0438 \u043a\u043e\u043c\u0438\u0442\u0435\u0442 \u0437\u0430 \u0447\u043e\u0432\u0435\u043a\u043e\u0432\u0438 \u043f\u0440\u0430\u0432\u0430","description":"Vizioni i Komitetit t\u00eb Helsinkit p\u00ebr t\u00eb Drejtat e Njeriut \u00ebsht\u00eb shoq\u00ebri n\u00eb t\u00eb cil\u00ebn t\u00eb gjith\u00eb njer\u00ebzit i g\u00ebzojn\u00eb dhe praktikojn\u00eb t\u00eb drejtat dhe lirit\u00eb e tyre themelore dhe kan\u00eb mbrojtje n\u00eb rast t\u00eb shkeljes ose kufizimit t\u00eb tyre.","publisher":{"@id":"https:\/\/mhc.org.mk\/en\/#organization"},"alternateName":"The Helsinki Committee for Human Rights","potentialAction":[{"@type":"SearchAction","target":{"@type":"EntryPoint","urlTemplate":"https:\/\/mhc.org.mk\/en\/?s={search_term_string}"},"query-input":{"@type":"PropertyValueSpecification","valueRequired":true,"valueName":"search_term_string"}}],"inLanguage":"en-US"},{"@type":"Organization","@id":"https:\/\/mhc.org.mk\/en\/#organization","name":"\u0425\u0435\u043b\u0441\u0438\u043d\u0448\u043a\u0438 \u043a\u043e\u043c\u0438\u0442\u0435\u0442 \u0437\u0430 \u0447\u043e\u0432\u0435\u043a\u043e\u0432\u0438 \u043f\u0440\u0430\u0432\u0430","alternateName":"The Helsinki Committee for Human Rights","url":"https:\/\/mhc.org.mk\/en\/","logo":{"@type":"ImageObject","inLanguage":"en-US","@id":"https:\/\/mhc.org.mk\/en\/#\/schema\/logo\/image\/","url":"https:\/\/mhc.org.mk\/wp-content\/uploads\/2024\/12\/mhc-mk-default.webp","contentUrl":"https:\/\/mhc.org.mk\/wp-content\/uploads\/2024\/12\/mhc-mk-default.webp","width":640,"height":418,"caption":"\u0425\u0435\u043b\u0441\u0438\u043d\u0448\u043a\u0438 \u043a\u043e\u043c\u0438\u0442\u0435\u0442 \u0437\u0430 \u0447\u043e\u0432\u0435\u043a\u043e\u0432\u0438 \u043f\u0440\u0430\u0432\u0430"},"image":{"@id":"https:\/\/mhc.org.mk\/en\/#\/schema\/logo\/image\/"},"sameAs":["https:\/\/www.facebook.com\/MacedonianHelsinkiCommittee\/","https:\/\/x.com\/Helsinshki","https:\/\/www.linkedin.com\/company\/helsinki-committee-for-human-rights-of-the-republic-of-macedonia\/","https:\/\/www.youtube.com\/user\/Helkom1994"]}]}},"_links":{"self":[{"href":"https:\/\/mhc.org.mk\/en\/wp-json\/wp\/v2\/pages\/7751","targetHints":{"allow":["GET"]}}],"collection":[{"href":"https:\/\/mhc.org.mk\/en\/wp-json\/wp\/v2\/pages"}],"about":[{"href":"https:\/\/mhc.org.mk\/en\/wp-json\/wp\/v2\/types\/page"}],"author":[{"embeddable":true,"href":"https:\/\/mhc.org.mk\/en\/wp-json\/wp\/v2\/users\/1"}],"replies":[{"embeddable":true,"href":"https:\/\/mhc.org.mk\/en\/wp-json\/wp\/v2\/comments?post=7751"}],"version-history":[{"count":0,"href":"https:\/\/mhc.org.mk\/en\/wp-json\/wp\/v2\/pages\/7751\/revisions"}],"wp:featuredmedia":[{"embeddable":true,"href":"https:\/\/mhc.org.mk\/en\/wp-json\/wp\/v2\/media\/7747"}],"wp:attachment":[{"href":"https:\/\/mhc.org.mk\/en\/wp-json\/wp\/v2\/media?parent=7751"}],"curies":[{"name":"wp","href":"https:\/\/api.w.org\/{rel}","templated":true}]}}