{"id":27644,"date":"2024-12-16T00:18:35","date_gmt":"2024-12-16T00:18:35","guid":{"rendered":"https:\/\/mhc.org.mk\/hate-crimes\/"},"modified":"2024-12-16T00:18:35","modified_gmt":"2024-12-16T00:18:35","slug":"hate-crimes","status":"publish","type":"page","link":"https:\/\/mhc.org.mk\/en\/hate-crimes\/","title":{"rendered":"Hate crimes"},"content":{"rendered":"<p><strong>REPORT HATE CRIMES<\/strong> is an internet portal, created as part of the project \u201cSupport of national concerned parties in the fight against hate crimes and hate speech\u201d, implemented by the OSCE Mission in Skopje. The Helsinki Committee for human rights of the Republic of Macedonia is an implementing partner in this project, in the section regarding hate crimes.<\/p>\n<p><strong>OBJECTIVE<br \/>\n<\/strong><br \/>\nThe basic objective of REPORT HATE CRIMES is to enable citizens to report incidents and crimes they believe to be done out of hate toward the person\u2019s \/ people\u2019s membership or affiliation with a certain social group. Furthermore, REPORT HATE CRIMES shall enable the users of the portal to view already submitted reports, categorized separately, per crime. The final goal of this portal is to raise the awareness of citizens regarding hate crimes and incidents, which shall in turn help in preventing such crimes and incidents in the future, and prevent hate in society.<\/p>\n<p><strong>How does REPORT HATE CRIMES operate?<br \/>\n<\/strong><br \/>\nThis portal operates on the basis of citizen\u2019s reports of hate crimes or incidents. One can report in several ways:<\/p>\n<p>Via the web form, which also permits sending photos or videos<br \/>\nBy e-mail: <a href=\"mailto:helkom@mhc.org.mk\">helkom@mhc.org.mk<\/a><br \/>\nVia #zlostorstvoodomraza on Twitter<br \/>\nVia the Android or iPhone application<\/p>\n<p>After reporting in one of these ways, the report is being reviewed by the Helsinki Committee for human rights of the Republic of Macedonia. If you have inserted your personal information, the Helsinki Committee may contact you during the review and checkup of the report. After the approval, your report shall be listed on the website (it shall not display your personal information).<\/p>\n<p><a href=\"https:\/\/zlostorstvaodomraza.com\/\" target=\"_blank\" rel=\"noopener\"><strong>zlostorstvaodomraza.com<\/strong><\/a><\/p>\n","protected":false},"excerpt":{"rendered":"<p>REPORT HATE CRIMES is an internet portal, created as part of the project \u201cSupport of national concerned parties in the fight against hate crimes and hate speech\u201d, implemented by the OSCE Mission in Skopje. The Helsinki Committee for human rights of the Republic of Macedonia is an implementing partner in this project, in the section [&#8230;]<\/p>\n<p><a class=\"btn btn-secondary understrap-read-more-link\" href=\"https:\/\/mhc.org.mk\/en\/hate-crimes\/\">Read More&#8230;<span class=\"screen-reader-text\"> from Hate crimes<\/span><\/a><\/p>\n","protected":false},"author":1,"featured_media":27640,"parent":0,"menu_order":0,"comment_status":"closed","ping_status":"closed","template":"","meta":{"_acf_changed":false,"footnotes":""},"class_list":["post-27644","page","type-page","status-publish","has-post-thumbnail","hentry"],"acf":[],"yoast_head":"<!-- This site is optimized with the Yoast SEO plugin v27.6 - https:\/\/yoast.com\/product\/yoast-seo-wordpress\/ -->\n<title>Hate crimes - Komitetit t\u00eb Helsinkit p\u00ebr t\u00eb Drejtat e Njeriut<\/title>\n<meta name=\"robots\" content=\"index, follow, max-snippet:-1, max-image-preview:large, max-video-preview:-1\" \/>\n<link rel=\"canonical\" href=\"https:\/\/mhc.org.mk\/en\/hate-crimes\/\" \/>\n<meta property=\"og:locale\" content=\"en_US\" \/>\n<meta property=\"og:type\" content=\"article\" \/>\n<meta property=\"og:title\" content=\"Hate crimes - Komitetit t\u00eb Helsinkit p\u00ebr t\u00eb Drejtat e Njeriut\" \/>\n<meta property=\"og:description\" content=\"REPORT HATE CRIMES is an internet portal, created as part of the project \u201cSupport of national concerned parties in the fight against hate crimes and hate speech\u201d, implemented by the OSCE Mission in Skopje. The Helsinki Committee for human rights of the Republic of Macedonia is an implementing partner in this project, in the section [...]Read More... from Hate crimes\" \/>\n<meta property=\"og:url\" content=\"https:\/\/mhc.org.mk\/en\/hate-crimes\/\" \/>\n<meta property=\"og:site_name\" content=\"Komitetit t\u00eb Helsinkit p\u00ebr t\u00eb Drejtat e Njeriut\" \/>\n<meta property=\"article:publisher\" content=\"https:\/\/www.facebook.com\/MacedonianHelsinkiCommittee\/\" \/>\n<meta property=\"og:image\" content=\"https:\/\/mhc.org.mk\/wp-content\/uploads\/2024\/12\/mhc-mk-default.webp\" \/>\n\t<meta property=\"og:image:width\" content=\"640\" \/>\n\t<meta property=\"og:image:height\" content=\"418\" \/>\n\t<meta property=\"og:image:type\" content=\"image\/webp\" \/>\n<meta name=\"twitter:card\" content=\"summary_large_image\" \/>\n<meta name=\"twitter:site\" content=\"@Helsinshki\" \/>\n<meta name=\"twitter:label1\" content=\"Est. reading time\" \/>\n\t<meta name=\"twitter:data1\" content=\"1 minute\" \/>\n<script type=\"application\/ld+json\" class=\"yoast-schema-graph\">{\"@context\":\"https:\\\/\\\/schema.org\",\"@graph\":[{\"@type\":\"WebPage\",\"@id\":\"https:\\\/\\\/mhc.org.mk\\\/en\\\/hate-crimes\\\/\",\"url\":\"https:\\\/\\\/mhc.org.mk\\\/en\\\/hate-crimes\\\/\",\"name\":\"Hate crimes - Komitetit t\u00eb Helsinkit p\u00ebr t\u00eb Drejtat e Njeriut\",\"isPartOf\":{\"@id\":\"https:\\\/\\\/mhc.org.mk\\\/en\\\/#website\"},\"primaryImageOfPage\":{\"@id\":\"https:\\\/\\\/mhc.org.mk\\\/en\\\/hate-crimes\\\/#primaryimage\"},\"image\":{\"@id\":\"https:\\\/\\\/mhc.org.mk\\\/en\\\/hate-crimes\\\/#primaryimage\"},\"thumbnailUrl\":\"https:\\\/\\\/mhc.org.mk\\\/wp-content\\\/uploads\\\/2024\\\/12\\\/hatespeech.jpg\",\"datePublished\":\"2024-12-16T00:18:35+00:00\",\"breadcrumb\":{\"@id\":\"https:\\\/\\\/mhc.org.mk\\\/en\\\/hate-crimes\\\/#breadcrumb\"},\"inLanguage\":\"en-US\",\"potentialAction\":[{\"@type\":\"ReadAction\",\"target\":[\"https:\\\/\\\/mhc.org.mk\\\/en\\\/hate-crimes\\\/\"]}]},{\"@type\":\"ImageObject\",\"inLanguage\":\"en-US\",\"@id\":\"https:\\\/\\\/mhc.org.mk\\\/en\\\/hate-crimes\\\/#primaryimage\",\"url\":\"https:\\\/\\\/mhc.org.mk\\\/wp-content\\\/uploads\\\/2024\\\/12\\\/hatespeech.jpg\",\"contentUrl\":\"https:\\\/\\\/mhc.org.mk\\\/wp-content\\\/uploads\\\/2024\\\/12\\\/hatespeech.jpg\",\"width\":640,\"height\":418},{\"@type\":\"BreadcrumbList\",\"@id\":\"https:\\\/\\\/mhc.org.mk\\\/en\\\/hate-crimes\\\/#breadcrumb\",\"itemListElement\":[{\"@type\":\"ListItem\",\"position\":1,\"name\":\"Home\",\"item\":\"https:\\\/\\\/mhc.org.mk\\\/en\\\/\"},{\"@type\":\"ListItem\",\"position\":2,\"name\":\"Hate crimes\"}]},{\"@type\":\"WebSite\",\"@id\":\"https:\\\/\\\/mhc.org.mk\\\/en\\\/#website\",\"url\":\"https:\\\/\\\/mhc.org.mk\\\/en\\\/\",\"name\":\"\u0425\u0435\u043b\u0441\u0438\u043d\u0448\u043a\u0438 \u043a\u043e\u043c\u0438\u0442\u0435\u0442 \u0437\u0430 \u0447\u043e\u0432\u0435\u043a\u043e\u0432\u0438 \u043f\u0440\u0430\u0432\u0430\",\"description\":\"Vizioni i Komitetit t\u00eb Helsinkit p\u00ebr t\u00eb Drejtat e Njeriut \u00ebsht\u00eb shoq\u00ebri n\u00eb t\u00eb cil\u00ebn t\u00eb gjith\u00eb njer\u00ebzit i g\u00ebzojn\u00eb dhe praktikojn\u00eb t\u00eb drejtat dhe lirit\u00eb e tyre themelore dhe kan\u00eb mbrojtje n\u00eb rast t\u00eb shkeljes ose kufizimit t\u00eb tyre.\",\"publisher\":{\"@id\":\"https:\\\/\\\/mhc.org.mk\\\/en\\\/#organization\"},\"alternateName\":\"The Helsinki Committee for Human Rights\",\"potentialAction\":[{\"@type\":\"SearchAction\",\"target\":{\"@type\":\"EntryPoint\",\"urlTemplate\":\"https:\\\/\\\/mhc.org.mk\\\/en\\\/?s={search_term_string}\"},\"query-input\":{\"@type\":\"PropertyValueSpecification\",\"valueRequired\":true,\"valueName\":\"search_term_string\"}}],\"inLanguage\":\"en-US\"},{\"@type\":\"Organization\",\"@id\":\"https:\\\/\\\/mhc.org.mk\\\/en\\\/#organization\",\"name\":\"\u0425\u0435\u043b\u0441\u0438\u043d\u0448\u043a\u0438 \u043a\u043e\u043c\u0438\u0442\u0435\u0442 \u0437\u0430 \u0447\u043e\u0432\u0435\u043a\u043e\u0432\u0438 \u043f\u0440\u0430\u0432\u0430\",\"alternateName\":\"The Helsinki Committee for Human Rights\",\"url\":\"https:\\\/\\\/mhc.org.mk\\\/en\\\/\",\"logo\":{\"@type\":\"ImageObject\",\"inLanguage\":\"en-US\",\"@id\":\"https:\\\/\\\/mhc.org.mk\\\/en\\\/#\\\/schema\\\/logo\\\/image\\\/\",\"url\":\"https:\\\/\\\/mhc.org.mk\\\/wp-content\\\/uploads\\\/2024\\\/12\\\/mhc-mk-default.webp\",\"contentUrl\":\"https:\\\/\\\/mhc.org.mk\\\/wp-content\\\/uploads\\\/2024\\\/12\\\/mhc-mk-default.webp\",\"width\":640,\"height\":418,\"caption\":\"\u0425\u0435\u043b\u0441\u0438\u043d\u0448\u043a\u0438 \u043a\u043e\u043c\u0438\u0442\u0435\u0442 \u0437\u0430 \u0447\u043e\u0432\u0435\u043a\u043e\u0432\u0438 \u043f\u0440\u0430\u0432\u0430\"},\"image\":{\"@id\":\"https:\\\/\\\/mhc.org.mk\\\/en\\\/#\\\/schema\\\/logo\\\/image\\\/\"},\"sameAs\":[\"https:\\\/\\\/www.facebook.com\\\/MacedonianHelsinkiCommittee\\\/\",\"https:\\\/\\\/x.com\\\/Helsinshki\",\"https:\\\/\\\/www.linkedin.com\\\/company\\\/helsinki-committee-for-human-rights-of-the-republic-of-macedonia\\\/\",\"https:\\\/\\\/www.youtube.com\\\/user\\\/Helkom1994\"]}]}<\/script>\n<!-- \/ Yoast SEO plugin. -->","yoast_head_json":{"title":"Hate crimes - Komitetit t\u00eb Helsinkit p\u00ebr t\u00eb Drejtat e Njeriut","robots":{"index":"index","follow":"follow","max-snippet":"max-snippet:-1","max-image-preview":"max-image-preview:large","max-video-preview":"max-video-preview:-1"},"canonical":"https:\/\/mhc.org.mk\/en\/hate-crimes\/","og_locale":"en_US","og_type":"article","og_title":"Hate crimes - Komitetit t\u00eb Helsinkit p\u00ebr t\u00eb Drejtat e Njeriut","og_description":"REPORT HATE CRIMES is an internet portal, created as part of the project \u201cSupport of national concerned parties in the fight against hate crimes and hate speech\u201d, implemented by the OSCE Mission in Skopje. The Helsinki Committee for human rights of the Republic of Macedonia is an implementing partner in this project, in the section [...]Read More... from Hate crimes","og_url":"https:\/\/mhc.org.mk\/en\/hate-crimes\/","og_site_name":"Komitetit t\u00eb Helsinkit p\u00ebr t\u00eb Drejtat e Njeriut","article_publisher":"https:\/\/www.facebook.com\/MacedonianHelsinkiCommittee\/","og_image":[{"width":640,"height":418,"url":"https:\/\/mhc.org.mk\/wp-content\/uploads\/2024\/12\/mhc-mk-default.webp","type":"image\/webp"}],"twitter_card":"summary_large_image","twitter_site":"@Helsinshki","twitter_misc":{"Est. reading time":"1 minute"},"schema":{"@context":"https:\/\/schema.org","@graph":[{"@type":"WebPage","@id":"https:\/\/mhc.org.mk\/en\/hate-crimes\/","url":"https:\/\/mhc.org.mk\/en\/hate-crimes\/","name":"Hate crimes - Komitetit t\u00eb Helsinkit p\u00ebr t\u00eb Drejtat e Njeriut","isPartOf":{"@id":"https:\/\/mhc.org.mk\/en\/#website"},"primaryImageOfPage":{"@id":"https:\/\/mhc.org.mk\/en\/hate-crimes\/#primaryimage"},"image":{"@id":"https:\/\/mhc.org.mk\/en\/hate-crimes\/#primaryimage"},"thumbnailUrl":"https:\/\/mhc.org.mk\/wp-content\/uploads\/2024\/12\/hatespeech.jpg","datePublished":"2024-12-16T00:18:35+00:00","breadcrumb":{"@id":"https:\/\/mhc.org.mk\/en\/hate-crimes\/#breadcrumb"},"inLanguage":"en-US","potentialAction":[{"@type":"ReadAction","target":["https:\/\/mhc.org.mk\/en\/hate-crimes\/"]}]},{"@type":"ImageObject","inLanguage":"en-US","@id":"https:\/\/mhc.org.mk\/en\/hate-crimes\/#primaryimage","url":"https:\/\/mhc.org.mk\/wp-content\/uploads\/2024\/12\/hatespeech.jpg","contentUrl":"https:\/\/mhc.org.mk\/wp-content\/uploads\/2024\/12\/hatespeech.jpg","width":640,"height":418},{"@type":"BreadcrumbList","@id":"https:\/\/mhc.org.mk\/en\/hate-crimes\/#breadcrumb","itemListElement":[{"@type":"ListItem","position":1,"name":"Home","item":"https:\/\/mhc.org.mk\/en\/"},{"@type":"ListItem","position":2,"name":"Hate crimes"}]},{"@type":"WebSite","@id":"https:\/\/mhc.org.mk\/en\/#website","url":"https:\/\/mhc.org.mk\/en\/","name":"\u0425\u0435\u043b\u0441\u0438\u043d\u0448\u043a\u0438 \u043a\u043e\u043c\u0438\u0442\u0435\u0442 \u0437\u0430 \u0447\u043e\u0432\u0435\u043a\u043e\u0432\u0438 \u043f\u0440\u0430\u0432\u0430","description":"Vizioni i Komitetit t\u00eb Helsinkit p\u00ebr t\u00eb Drejtat e Njeriut \u00ebsht\u00eb shoq\u00ebri n\u00eb t\u00eb cil\u00ebn t\u00eb gjith\u00eb njer\u00ebzit i g\u00ebzojn\u00eb dhe praktikojn\u00eb t\u00eb drejtat dhe lirit\u00eb e tyre themelore dhe kan\u00eb mbrojtje n\u00eb rast t\u00eb shkeljes ose kufizimit t\u00eb tyre.","publisher":{"@id":"https:\/\/mhc.org.mk\/en\/#organization"},"alternateName":"The Helsinki Committee for Human Rights","potentialAction":[{"@type":"SearchAction","target":{"@type":"EntryPoint","urlTemplate":"https:\/\/mhc.org.mk\/en\/?s={search_term_string}"},"query-input":{"@type":"PropertyValueSpecification","valueRequired":true,"valueName":"search_term_string"}}],"inLanguage":"en-US"},{"@type":"Organization","@id":"https:\/\/mhc.org.mk\/en\/#organization","name":"\u0425\u0435\u043b\u0441\u0438\u043d\u0448\u043a\u0438 \u043a\u043e\u043c\u0438\u0442\u0435\u0442 \u0437\u0430 \u0447\u043e\u0432\u0435\u043a\u043e\u0432\u0438 \u043f\u0440\u0430\u0432\u0430","alternateName":"The Helsinki Committee for Human Rights","url":"https:\/\/mhc.org.mk\/en\/","logo":{"@type":"ImageObject","inLanguage":"en-US","@id":"https:\/\/mhc.org.mk\/en\/#\/schema\/logo\/image\/","url":"https:\/\/mhc.org.mk\/wp-content\/uploads\/2024\/12\/mhc-mk-default.webp","contentUrl":"https:\/\/mhc.org.mk\/wp-content\/uploads\/2024\/12\/mhc-mk-default.webp","width":640,"height":418,"caption":"\u0425\u0435\u043b\u0441\u0438\u043d\u0448\u043a\u0438 \u043a\u043e\u043c\u0438\u0442\u0435\u0442 \u0437\u0430 \u0447\u043e\u0432\u0435\u043a\u043e\u0432\u0438 \u043f\u0440\u0430\u0432\u0430"},"image":{"@id":"https:\/\/mhc.org.mk\/en\/#\/schema\/logo\/image\/"},"sameAs":["https:\/\/www.facebook.com\/MacedonianHelsinkiCommittee\/","https:\/\/x.com\/Helsinshki","https:\/\/www.linkedin.com\/company\/helsinki-committee-for-human-rights-of-the-republic-of-macedonia\/","https:\/\/www.youtube.com\/user\/Helkom1994"]}]}},"_links":{"self":[{"href":"https:\/\/mhc.org.mk\/en\/wp-json\/wp\/v2\/pages\/27644","targetHints":{"allow":["GET"]}}],"collection":[{"href":"https:\/\/mhc.org.mk\/en\/wp-json\/wp\/v2\/pages"}],"about":[{"href":"https:\/\/mhc.org.mk\/en\/wp-json\/wp\/v2\/types\/page"}],"author":[{"embeddable":true,"href":"https:\/\/mhc.org.mk\/en\/wp-json\/wp\/v2\/users\/1"}],"replies":[{"embeddable":true,"href":"https:\/\/mhc.org.mk\/en\/wp-json\/wp\/v2\/comments?post=27644"}],"version-history":[{"count":0,"href":"https:\/\/mhc.org.mk\/en\/wp-json\/wp\/v2\/pages\/27644\/revisions"}],"wp:featuredmedia":[{"embeddable":true,"href":"https:\/\/mhc.org.mk\/en\/wp-json\/wp\/v2\/media\/27640"}],"wp:attachment":[{"href":"https:\/\/mhc.org.mk\/en\/wp-json\/wp\/v2\/media?parent=27644"}],"curies":[{"name":"wp","href":"https:\/\/api.w.org\/{rel}","templated":true}]}}