{"id":27608,"date":"2024-12-15T21:26:49","date_gmt":"2024-12-15T21:26:49","guid":{"rendered":"https:\/\/mhc.org.mk\/lgbti-support-center\/"},"modified":"2024-12-15T23:13:19","modified_gmt":"2024-12-15T23:13:19","slug":"lgbti-support-center","status":"publish","type":"page","link":"https:\/\/mhc.org.mk\/en\/lgbti-support-center\/","title":{"rendered":"LGBTI support center"},"content":{"rendered":"<p>The LGBTI Support Center is a separate program of the Helsinki Committee for Human rights in the Republic of Macedonia (MHC), committed to LGBTI people\u2019s rights. The center was officially opened on October 23rd 2012, the day when MHC celebrated its 18th anniversary. The LGBTI Support Center aims towards a world free from any type of discrimination where all people enjoy the universal human rights and freedoms without violating the rights and freedoms of others.<\/p>\n<p><strong>VISION<br \/>\n<\/strong><br \/>\nThe vision of the LGBTI Support Center is a society free from discrimination where all people enjoy the universal human rights and freedoms regardless of their sexual orientation, gender identity or any other characteristic..<\/p>\n<p><strong>MISSION<br \/>\n<\/strong><br \/>\nThe mission of the LGBTI Support Center is strengthening the LGBTI community regarding self-advocacy, as well as changing the legal and social status of the LGBTI people in the Republic of North Macedonia.<\/p>\n<p><strong>Contact information<br \/>\n<\/strong><br \/>\nLGBTI Support Center<\/p>\n<p>83 Naum Naumovski Borche street, 1000 Skopje<\/p>\n<p>Phone: 02 3256 174<\/p>\n<p>E-mail: <a href=\"mailto:info@lgbti.mk\">info@lgbti.mk<\/a><\/p>\n<p>Website: <a href=\"https:\/\/www.lgbti.mk\" target=\"_blank\" rel=\"noopener\">www.lgbti.mk<\/a><\/p>\n","protected":false},"excerpt":{"rendered":"<p>The LGBTI Support Center is a separate program of the Helsinki Committee for Human rights in the Republic of Macedonia (MHC), committed to LGBTI people\u2019s rights. The center was officially opened on October 23rd 2012, the day when MHC celebrated its 18th anniversary. The LGBTI Support Center aims towards a world free from any type [&#8230;]<\/p>\n<p><a class=\"btn btn-secondary understrap-read-more-link\" href=\"https:\/\/mhc.org.mk\/en\/lgbti-support-center\/\">Read More&#8230;<span class=\"screen-reader-text\"> from LGBTI support center<\/span><\/a><\/p>\n","protected":false},"author":1,"featured_media":27604,"parent":0,"menu_order":0,"comment_status":"closed","ping_status":"closed","template":"","meta":{"_acf_changed":false,"footnotes":""},"class_list":["post-27608","page","type-page","status-publish","has-post-thumbnail","hentry"],"acf":[],"yoast_head":"<!-- This site is optimized with the Yoast SEO plugin v27.6 - https:\/\/yoast.com\/product\/yoast-seo-wordpress\/ -->\n<title>LGBTI support center - Komitetit t\u00eb Helsinkit p\u00ebr t\u00eb Drejtat e Njeriut<\/title>\n<meta name=\"robots\" content=\"index, follow, max-snippet:-1, max-image-preview:large, max-video-preview:-1\" \/>\n<link rel=\"canonical\" href=\"https:\/\/mhc.org.mk\/en\/lgbti-support-center\/\" \/>\n<meta property=\"og:locale\" content=\"en_US\" \/>\n<meta property=\"og:type\" content=\"article\" \/>\n<meta property=\"og:title\" content=\"LGBTI support center - Komitetit t\u00eb Helsinkit p\u00ebr t\u00eb Drejtat e Njeriut\" \/>\n<meta property=\"og:description\" content=\"The LGBTI Support Center is a separate program of the Helsinki Committee for Human rights in the Republic of Macedonia (MHC), committed to LGBTI people\u2019s rights. The center was officially opened on October 23rd 2012, the day when MHC celebrated its 18th anniversary. The LGBTI Support Center aims towards a world free from any type [...]Read More... from LGBTI support center\" \/>\n<meta property=\"og:url\" content=\"https:\/\/mhc.org.mk\/en\/lgbti-support-center\/\" \/>\n<meta property=\"og:site_name\" content=\"Komitetit t\u00eb Helsinkit p\u00ebr t\u00eb Drejtat e Njeriut\" \/>\n<meta property=\"article:publisher\" content=\"https:\/\/www.facebook.com\/MacedonianHelsinkiCommittee\/\" \/>\n<meta property=\"article:modified_time\" content=\"2024-12-15T23:13:19+00:00\" \/>\n<meta property=\"og:image\" content=\"https:\/\/mhc.org.mk\/wp-content\/uploads\/2024\/12\/lgbti.jpg\" \/>\n\t<meta property=\"og:image:width\" content=\"640\" \/>\n\t<meta property=\"og:image:height\" content=\"418\" \/>\n\t<meta property=\"og:image:type\" content=\"image\/jpeg\" \/>\n<meta name=\"twitter:card\" content=\"summary_large_image\" \/>\n<meta name=\"twitter:site\" content=\"@Helsinshki\" \/>\n<meta name=\"twitter:label1\" content=\"Est. reading time\" \/>\n\t<meta name=\"twitter:data1\" content=\"1 minute\" \/>\n<script type=\"application\/ld+json\" class=\"yoast-schema-graph\">{\"@context\":\"https:\\\/\\\/schema.org\",\"@graph\":[{\"@type\":\"WebPage\",\"@id\":\"https:\\\/\\\/mhc.org.mk\\\/en\\\/lgbti-support-center\\\/\",\"url\":\"https:\\\/\\\/mhc.org.mk\\\/en\\\/lgbti-support-center\\\/\",\"name\":\"LGBTI support center - Komitetit t\u00eb Helsinkit p\u00ebr t\u00eb Drejtat e Njeriut\",\"isPartOf\":{\"@id\":\"https:\\\/\\\/mhc.org.mk\\\/en\\\/#website\"},\"primaryImageOfPage\":{\"@id\":\"https:\\\/\\\/mhc.org.mk\\\/en\\\/lgbti-support-center\\\/#primaryimage\"},\"image\":{\"@id\":\"https:\\\/\\\/mhc.org.mk\\\/en\\\/lgbti-support-center\\\/#primaryimage\"},\"thumbnailUrl\":\"https:\\\/\\\/mhc.org.mk\\\/wp-content\\\/uploads\\\/2024\\\/12\\\/lgbti.jpg\",\"datePublished\":\"2024-12-15T21:26:49+00:00\",\"dateModified\":\"2024-12-15T23:13:19+00:00\",\"breadcrumb\":{\"@id\":\"https:\\\/\\\/mhc.org.mk\\\/en\\\/lgbti-support-center\\\/#breadcrumb\"},\"inLanguage\":\"en-US\",\"potentialAction\":[{\"@type\":\"ReadAction\",\"target\":[\"https:\\\/\\\/mhc.org.mk\\\/en\\\/lgbti-support-center\\\/\"]}]},{\"@type\":\"ImageObject\",\"inLanguage\":\"en-US\",\"@id\":\"https:\\\/\\\/mhc.org.mk\\\/en\\\/lgbti-support-center\\\/#primaryimage\",\"url\":\"https:\\\/\\\/mhc.org.mk\\\/wp-content\\\/uploads\\\/2024\\\/12\\\/lgbti.jpg\",\"contentUrl\":\"https:\\\/\\\/mhc.org.mk\\\/wp-content\\\/uploads\\\/2024\\\/12\\\/lgbti.jpg\",\"width\":640,\"height\":418},{\"@type\":\"BreadcrumbList\",\"@id\":\"https:\\\/\\\/mhc.org.mk\\\/en\\\/lgbti-support-center\\\/#breadcrumb\",\"itemListElement\":[{\"@type\":\"ListItem\",\"position\":1,\"name\":\"Home\",\"item\":\"https:\\\/\\\/mhc.org.mk\\\/en\\\/\"},{\"@type\":\"ListItem\",\"position\":2,\"name\":\"LGBTI support center\"}]},{\"@type\":\"WebSite\",\"@id\":\"https:\\\/\\\/mhc.org.mk\\\/en\\\/#website\",\"url\":\"https:\\\/\\\/mhc.org.mk\\\/en\\\/\",\"name\":\"\u0425\u0435\u043b\u0441\u0438\u043d\u0448\u043a\u0438 \u043a\u043e\u043c\u0438\u0442\u0435\u0442 \u0437\u0430 \u0447\u043e\u0432\u0435\u043a\u043e\u0432\u0438 \u043f\u0440\u0430\u0432\u0430\",\"description\":\"Vizioni i Komitetit t\u00eb Helsinkit p\u00ebr t\u00eb Drejtat e Njeriut \u00ebsht\u00eb shoq\u00ebri n\u00eb t\u00eb cil\u00ebn t\u00eb gjith\u00eb njer\u00ebzit i g\u00ebzojn\u00eb dhe praktikojn\u00eb t\u00eb drejtat dhe lirit\u00eb e tyre themelore dhe kan\u00eb mbrojtje n\u00eb rast t\u00eb shkeljes ose kufizimit t\u00eb tyre.\",\"publisher\":{\"@id\":\"https:\\\/\\\/mhc.org.mk\\\/en\\\/#organization\"},\"alternateName\":\"The Helsinki Committee for Human Rights\",\"potentialAction\":[{\"@type\":\"SearchAction\",\"target\":{\"@type\":\"EntryPoint\",\"urlTemplate\":\"https:\\\/\\\/mhc.org.mk\\\/en\\\/?s={search_term_string}\"},\"query-input\":{\"@type\":\"PropertyValueSpecification\",\"valueRequired\":true,\"valueName\":\"search_term_string\"}}],\"inLanguage\":\"en-US\"},{\"@type\":\"Organization\",\"@id\":\"https:\\\/\\\/mhc.org.mk\\\/en\\\/#organization\",\"name\":\"\u0425\u0435\u043b\u0441\u0438\u043d\u0448\u043a\u0438 \u043a\u043e\u043c\u0438\u0442\u0435\u0442 \u0437\u0430 \u0447\u043e\u0432\u0435\u043a\u043e\u0432\u0438 \u043f\u0440\u0430\u0432\u0430\",\"alternateName\":\"The Helsinki Committee for Human Rights\",\"url\":\"https:\\\/\\\/mhc.org.mk\\\/en\\\/\",\"logo\":{\"@type\":\"ImageObject\",\"inLanguage\":\"en-US\",\"@id\":\"https:\\\/\\\/mhc.org.mk\\\/en\\\/#\\\/schema\\\/logo\\\/image\\\/\",\"url\":\"https:\\\/\\\/mhc.org.mk\\\/wp-content\\\/uploads\\\/2024\\\/12\\\/mhc-mk-default.webp\",\"contentUrl\":\"https:\\\/\\\/mhc.org.mk\\\/wp-content\\\/uploads\\\/2024\\\/12\\\/mhc-mk-default.webp\",\"width\":640,\"height\":418,\"caption\":\"\u0425\u0435\u043b\u0441\u0438\u043d\u0448\u043a\u0438 \u043a\u043e\u043c\u0438\u0442\u0435\u0442 \u0437\u0430 \u0447\u043e\u0432\u0435\u043a\u043e\u0432\u0438 \u043f\u0440\u0430\u0432\u0430\"},\"image\":{\"@id\":\"https:\\\/\\\/mhc.org.mk\\\/en\\\/#\\\/schema\\\/logo\\\/image\\\/\"},\"sameAs\":[\"https:\\\/\\\/www.facebook.com\\\/MacedonianHelsinkiCommittee\\\/\",\"https:\\\/\\\/x.com\\\/Helsinshki\",\"https:\\\/\\\/www.linkedin.com\\\/company\\\/helsinki-committee-for-human-rights-of-the-republic-of-macedonia\\\/\",\"https:\\\/\\\/www.youtube.com\\\/user\\\/Helkom1994\"]}]}<\/script>\n<!-- \/ Yoast SEO plugin. -->","yoast_head_json":{"title":"LGBTI support center - Komitetit t\u00eb Helsinkit p\u00ebr t\u00eb Drejtat e Njeriut","robots":{"index":"index","follow":"follow","max-snippet":"max-snippet:-1","max-image-preview":"max-image-preview:large","max-video-preview":"max-video-preview:-1"},"canonical":"https:\/\/mhc.org.mk\/en\/lgbti-support-center\/","og_locale":"en_US","og_type":"article","og_title":"LGBTI support center - Komitetit t\u00eb Helsinkit p\u00ebr t\u00eb Drejtat e Njeriut","og_description":"The LGBTI Support Center is a separate program of the Helsinki Committee for Human rights in the Republic of Macedonia (MHC), committed to LGBTI people\u2019s rights. The center was officially opened on October 23rd 2012, the day when MHC celebrated its 18th anniversary. The LGBTI Support Center aims towards a world free from any type [...]Read More... from LGBTI support center","og_url":"https:\/\/mhc.org.mk\/en\/lgbti-support-center\/","og_site_name":"Komitetit t\u00eb Helsinkit p\u00ebr t\u00eb Drejtat e Njeriut","article_publisher":"https:\/\/www.facebook.com\/MacedonianHelsinkiCommittee\/","article_modified_time":"2024-12-15T23:13:19+00:00","og_image":[{"width":640,"height":418,"url":"https:\/\/mhc.org.mk\/wp-content\/uploads\/2024\/12\/lgbti.jpg","type":"image\/jpeg"}],"twitter_card":"summary_large_image","twitter_site":"@Helsinshki","twitter_misc":{"Est. reading time":"1 minute"},"schema":{"@context":"https:\/\/schema.org","@graph":[{"@type":"WebPage","@id":"https:\/\/mhc.org.mk\/en\/lgbti-support-center\/","url":"https:\/\/mhc.org.mk\/en\/lgbti-support-center\/","name":"LGBTI support center - Komitetit t\u00eb Helsinkit p\u00ebr t\u00eb Drejtat e Njeriut","isPartOf":{"@id":"https:\/\/mhc.org.mk\/en\/#website"},"primaryImageOfPage":{"@id":"https:\/\/mhc.org.mk\/en\/lgbti-support-center\/#primaryimage"},"image":{"@id":"https:\/\/mhc.org.mk\/en\/lgbti-support-center\/#primaryimage"},"thumbnailUrl":"https:\/\/mhc.org.mk\/wp-content\/uploads\/2024\/12\/lgbti.jpg","datePublished":"2024-12-15T21:26:49+00:00","dateModified":"2024-12-15T23:13:19+00:00","breadcrumb":{"@id":"https:\/\/mhc.org.mk\/en\/lgbti-support-center\/#breadcrumb"},"inLanguage":"en-US","potentialAction":[{"@type":"ReadAction","target":["https:\/\/mhc.org.mk\/en\/lgbti-support-center\/"]}]},{"@type":"ImageObject","inLanguage":"en-US","@id":"https:\/\/mhc.org.mk\/en\/lgbti-support-center\/#primaryimage","url":"https:\/\/mhc.org.mk\/wp-content\/uploads\/2024\/12\/lgbti.jpg","contentUrl":"https:\/\/mhc.org.mk\/wp-content\/uploads\/2024\/12\/lgbti.jpg","width":640,"height":418},{"@type":"BreadcrumbList","@id":"https:\/\/mhc.org.mk\/en\/lgbti-support-center\/#breadcrumb","itemListElement":[{"@type":"ListItem","position":1,"name":"Home","item":"https:\/\/mhc.org.mk\/en\/"},{"@type":"ListItem","position":2,"name":"LGBTI support center"}]},{"@type":"WebSite","@id":"https:\/\/mhc.org.mk\/en\/#website","url":"https:\/\/mhc.org.mk\/en\/","name":"\u0425\u0435\u043b\u0441\u0438\u043d\u0448\u043a\u0438 \u043a\u043e\u043c\u0438\u0442\u0435\u0442 \u0437\u0430 \u0447\u043e\u0432\u0435\u043a\u043e\u0432\u0438 \u043f\u0440\u0430\u0432\u0430","description":"Vizioni i Komitetit t\u00eb Helsinkit p\u00ebr t\u00eb Drejtat e Njeriut \u00ebsht\u00eb shoq\u00ebri n\u00eb t\u00eb cil\u00ebn t\u00eb gjith\u00eb njer\u00ebzit i g\u00ebzojn\u00eb dhe praktikojn\u00eb t\u00eb drejtat dhe lirit\u00eb e tyre themelore dhe kan\u00eb mbrojtje n\u00eb rast t\u00eb shkeljes ose kufizimit t\u00eb tyre.","publisher":{"@id":"https:\/\/mhc.org.mk\/en\/#organization"},"alternateName":"The Helsinki Committee for Human Rights","potentialAction":[{"@type":"SearchAction","target":{"@type":"EntryPoint","urlTemplate":"https:\/\/mhc.org.mk\/en\/?s={search_term_string}"},"query-input":{"@type":"PropertyValueSpecification","valueRequired":true,"valueName":"search_term_string"}}],"inLanguage":"en-US"},{"@type":"Organization","@id":"https:\/\/mhc.org.mk\/en\/#organization","name":"\u0425\u0435\u043b\u0441\u0438\u043d\u0448\u043a\u0438 \u043a\u043e\u043c\u0438\u0442\u0435\u0442 \u0437\u0430 \u0447\u043e\u0432\u0435\u043a\u043e\u0432\u0438 \u043f\u0440\u0430\u0432\u0430","alternateName":"The Helsinki Committee for Human Rights","url":"https:\/\/mhc.org.mk\/en\/","logo":{"@type":"ImageObject","inLanguage":"en-US","@id":"https:\/\/mhc.org.mk\/en\/#\/schema\/logo\/image\/","url":"https:\/\/mhc.org.mk\/wp-content\/uploads\/2024\/12\/mhc-mk-default.webp","contentUrl":"https:\/\/mhc.org.mk\/wp-content\/uploads\/2024\/12\/mhc-mk-default.webp","width":640,"height":418,"caption":"\u0425\u0435\u043b\u0441\u0438\u043d\u0448\u043a\u0438 \u043a\u043e\u043c\u0438\u0442\u0435\u0442 \u0437\u0430 \u0447\u043e\u0432\u0435\u043a\u043e\u0432\u0438 \u043f\u0440\u0430\u0432\u0430"},"image":{"@id":"https:\/\/mhc.org.mk\/en\/#\/schema\/logo\/image\/"},"sameAs":["https:\/\/www.facebook.com\/MacedonianHelsinkiCommittee\/","https:\/\/x.com\/Helsinshki","https:\/\/www.linkedin.com\/company\/helsinki-committee-for-human-rights-of-the-republic-of-macedonia\/","https:\/\/www.youtube.com\/user\/Helkom1994"]}]}},"_links":{"self":[{"href":"https:\/\/mhc.org.mk\/en\/wp-json\/wp\/v2\/pages\/27608","targetHints":{"allow":["GET"]}}],"collection":[{"href":"https:\/\/mhc.org.mk\/en\/wp-json\/wp\/v2\/pages"}],"about":[{"href":"https:\/\/mhc.org.mk\/en\/wp-json\/wp\/v2\/types\/page"}],"author":[{"embeddable":true,"href":"https:\/\/mhc.org.mk\/en\/wp-json\/wp\/v2\/users\/1"}],"replies":[{"embeddable":true,"href":"https:\/\/mhc.org.mk\/en\/wp-json\/wp\/v2\/comments?post=27608"}],"version-history":[{"count":1,"href":"https:\/\/mhc.org.mk\/en\/wp-json\/wp\/v2\/pages\/27608\/revisions"}],"predecessor-version":[{"id":27611,"href":"https:\/\/mhc.org.mk\/en\/wp-json\/wp\/v2\/pages\/27608\/revisions\/27611"}],"wp:featuredmedia":[{"embeddable":true,"href":"https:\/\/mhc.org.mk\/en\/wp-json\/wp\/v2\/media\/27604"}],"wp:attachment":[{"href":"https:\/\/mhc.org.mk\/en\/wp-json\/wp\/v2\/media?parent=27608"}],"curies":[{"name":"wp","href":"https:\/\/api.w.org\/{rel}","templated":true}]}}