{"id":1408,"date":"2019-06-09T19:55:24","date_gmt":"2019-06-09T19:55:24","guid":{"rendered":"https:\/\/new.mhc.org.mk\/form-for-free-legal-aid\/"},"modified":"2024-11-13T21:14:29","modified_gmt":"2024-11-13T21:14:29","slug":"form-for-free-legal-aid","status":"publish","type":"page","link":"https:\/\/mhc.org.mk\/en\/form-for-free-legal-aid\/","title":{"rendered":"Form for free legal aid"},"content":{"rendered":"\n<div class=\"wpcf7 no-js\" id=\"wpcf7-f2520-o1\" lang=\"en-US\" dir=\"ltr\" data-wpcf7-id=\"2520\">\n<div class=\"screen-reader-response\"><p role=\"status\" aria-live=\"polite\" aria-atomic=\"true\"><\/p> <ul><\/ul><\/div>\n<form action=\"\/en\/wp-json\/wp\/v2\/pages\/1408#wpcf7-f2520-o1\" method=\"post\" class=\"wpcf7-form init\" aria-label=\"Contact form\" enctype=\"multipart\/form-data\" novalidate=\"novalidate\" data-status=\"init\">\n<fieldset class=\"hidden-fields-container\"><input type=\"hidden\" name=\"_wpcf7\" value=\"2520\" \/><input type=\"hidden\" name=\"_wpcf7_version\" value=\"6.1.5\" \/><input type=\"hidden\" name=\"_wpcf7_locale\" value=\"en_US\" \/><input type=\"hidden\" name=\"_wpcf7_unit_tag\" value=\"wpcf7-f2520-o1\" \/><input type=\"hidden\" name=\"_wpcf7_container_post\" value=\"0\" \/><input type=\"hidden\" name=\"_wpcf7_posted_data_hash\" value=\"\" \/><input type=\"hidden\" name=\"redirect_nonce\" value=\"b7258d6d1b\" \/><input type=\"hidden\" name=\"wpcf7cfpdf_hidden_name\" value=\"Formular-za-BPP-your-name-your-surname-april82026\" \/><input type=\"hidden\" name=\"wpcf7cfpdf_hidden_reference\" value=\"78b78829\" \/><input type=\"hidden\" name=\"wpcf7cfpdf_hidden_date\" value=\"April8,2026\" \/><input type=\"hidden\" name=\"_wpcf7_recaptcha_response\" value=\"\" \/>\n<\/fieldset>\n<div class=\"row form-custom\">\n\t<div class=\"col-xl-6 col-sm-12 col-12 form-boot-wrap form-group\">\n\t\t<p><label> Name and surname (*)<br \/>\n<span class=\"wpcf7-form-control-wrap\" data-name=\"your-name\"><input size=\"40\" maxlength=\"400\" class=\"wpcf7-form-control wpcf7-text wpcf7-validates-as-required form-control\" aria-required=\"true\" aria-invalid=\"false\" value=\"\" type=\"text\" name=\"your-name\" \/><\/span> <\/label>\n\t\t<\/p>\n\t<\/div>\n\t<div class=\"col-xl-6 col-sm-12 col-12 form-boot-wrap form-group\">\n\t\t<p><label> Telephone number (*)<br \/>\n<span class=\"wpcf7-form-control-wrap\" data-name=\"your-phone\"><input size=\"40\" maxlength=\"400\" class=\"wpcf7-form-control wpcf7-text wpcf7-validates-as-required form-control\" aria-required=\"true\" aria-invalid=\"false\" value=\"\" type=\"text\" name=\"your-phone\" \/><\/span> <\/label>\n\t\t<\/p>\n\t<\/div>\n\t<div class=\"col-xl-6 col-sm-12 col-12 form-boot-wrap form-group\">\n\t\t<p><label> \u0415- mail (*)<br \/>\n<span class=\"wpcf7-form-control-wrap\" data-name=\"your-email\"><input size=\"40\" maxlength=\"400\" class=\"wpcf7-form-control wpcf7-email wpcf7-validates-as-required wpcf7-text wpcf7-validates-as-email form-control\" aria-required=\"true\" aria-invalid=\"false\" value=\"\" type=\"email\" name=\"your-email\" \/><\/span> <\/label>\n\t\t<\/p>\n\t<\/div>\n\t<div class=\"col-xl-6 col-sm-12 col-12 form-boot-wrap form-group\">\n\t\t<p><label> Unique Master Citizen Number (*)<br \/>\n<span class=\"wpcf7-form-control-wrap\" data-name=\"id-number\"><input size=\"40\" maxlength=\"400\" class=\"wpcf7-form-control wpcf7-text wpcf7-validates-as-required form-control\" aria-required=\"true\" aria-invalid=\"false\" value=\"\" type=\"text\" name=\"id-number\" \/><\/span> <\/label>\n\t\t<\/p>\n\t<\/div>\n\t<div class=\"col-xl-6 col-sm-12 col-12 form-boot-wrap form-group\">\n\t\t<p><label> City (municipality) (*)<br \/>\n<span class=\"wpcf7-form-control-wrap\" data-name=\"your-town\"><input size=\"40\" maxlength=\"400\" class=\"wpcf7-form-control wpcf7-text wpcf7-validates-as-required form-control\" aria-required=\"true\" aria-invalid=\"false\" value=\"\" type=\"text\" name=\"your-town\" \/><\/span> <\/label>\n\t\t<\/p>\n\t<\/div>\n\t<div class=\"col-xl-6 col-sm-12 col-12 form-boot-wrap form-group\">\n\t\t<p><label> Home address (*)<br \/>\n<span class=\"wpcf7-form-control-wrap\" data-name=\"your-address\"><input size=\"40\" maxlength=\"400\" class=\"wpcf7-form-control wpcf7-text wpcf7-validates-as-required form-control\" aria-required=\"true\" aria-invalid=\"false\" value=\"\" type=\"text\" name=\"your-address\" \/><\/span> <\/label>\n\t\t<\/p>\n\t<\/div>\n\t<div class=\"col-xl-12 col-sm-12 col-12 form-boot-wrap form-group\">\n\t\t<p><label>Age (*)<\/label><br \/>\n<span class=\"wpcf7-form-control-wrap\" data-name=\"radio-500\"><span class=\"wpcf7-form-control wpcf7-radio form-check\"><span class=\"wpcf7-list-item first\"><input type=\"radio\" name=\"radio-500\" value=\"(-18)\" checked=\"checked\" \/><span class=\"wpcf7-list-item-label\">(-18)<\/span><\/span><span class=\"wpcf7-list-item\"><input type=\"radio\" name=\"radio-500\" value=\"(18-25)\" \/><span class=\"wpcf7-list-item-label\">(18-25)<\/span><\/span><span class=\"wpcf7-list-item\"><input type=\"radio\" name=\"radio-500\" value=\"(25-50)\" \/><span class=\"wpcf7-list-item-label\">(25-50)<\/span><\/span><span class=\"wpcf7-list-item last\"><input type=\"radio\" name=\"radio-500\" value=\"(50+)\" \/><span class=\"wpcf7-list-item-label\">(50+)<\/span><\/span><\/span><\/span>\n\t\t<\/p>\n\t<\/div>\n\t<div class=\"col-xl-12 col-sm-12 col-12 form-boot-wrap form-group\">\n\t\t<p><label>Ethnicity (*)<\/label><br \/>\n<span class=\"wpcf7-form-control-wrap\" data-name=\"radio-550\"><span class=\"wpcf7-form-control wpcf7-radio form-check\"><span class=\"wpcf7-list-item first\"><input type=\"radio\" name=\"radio-550\" value=\"Macedonian\" checked=\"checked\" \/><span class=\"wpcf7-list-item-label\">Macedonian<\/span><\/span><span class=\"wpcf7-list-item\"><input type=\"radio\" name=\"radio-550\" value=\"Albanian\" \/><span class=\"wpcf7-list-item-label\">Albanian<\/span><\/span><span class=\"wpcf7-list-item\"><input type=\"radio\" name=\"radio-550\" value=\"Roma\" \/><span class=\"wpcf7-list-item-label\">Roma<\/span><\/span><span class=\"wpcf7-list-item\"><input type=\"radio\" name=\"radio-550\" value=\"Turkish\" \/><span class=\"wpcf7-list-item-label\">Turkish<\/span><\/span><span class=\"wpcf7-list-item\"><input type=\"radio\" name=\"radio-550\" value=\"Serbian\" \/><span class=\"wpcf7-list-item-label\">Serbian<\/span><\/span><span class=\"wpcf7-list-item\"><input type=\"radio\" name=\"radio-550\" value=\"Bosniak\" \/><span class=\"wpcf7-list-item-label\">Bosniak<\/span><\/span><span class=\"wpcf7-list-item\"><input type=\"radio\" name=\"radio-550\" value=\"Vlach\" \/><span class=\"wpcf7-list-item-label\">Vlach<\/span><\/span><span class=\"wpcf7-list-item last\"><input type=\"radio\" name=\"radio-550\" value=\"Other\" \/><span class=\"wpcf7-list-item-label\">Other<\/span><\/span><\/span><\/span>\n\t\t<\/p>\n\t<\/div>\n\t<div class=\"col-xl-6 col-sm-12 col-12 form-boot-wrap form-group\">\n\t\t<p><label> Language<br \/>\n<span class=\"wpcf7-form-control-wrap\" data-name=\"majcin-jazik\"><input size=\"40\" maxlength=\"400\" class=\"wpcf7-form-control wpcf7-text form-control\" aria-invalid=\"false\" value=\"\" type=\"text\" name=\"majcin-jazik\" \/><\/span> <\/label>\n\t\t<\/p>\n\t<\/div>\n\t<div class=\"col-xl-6 col-sm-12 col-12 form-boot-wrap form-group\">\n\t\t<p><label> Education<br \/>\n<span class=\"wpcf7-form-control-wrap\" data-name=\"obrazovanie\"><input size=\"40\" maxlength=\"400\" class=\"wpcf7-form-control wpcf7-text form-control\" aria-invalid=\"false\" value=\"\" type=\"text\" name=\"obrazovanie\" \/><\/span> <\/label>\n\t\t<\/p>\n\t<\/div>\n\t<div class=\"col-xl-6 col-sm-12 col-12 form-boot-wrap form-group\">\n\t\t<p><label> Religion<br \/>\n<span class=\"wpcf7-form-control-wrap\" data-name=\"religija\"><input size=\"40\" maxlength=\"400\" class=\"wpcf7-form-control wpcf7-text form-control\" aria-invalid=\"false\" value=\"\" type=\"text\" name=\"religija\" \/><\/span> <\/label>\n\t\t<\/p>\n\t<\/div>\n\t<div class=\"col-xl-6 col-sm-12 col-12 form-boot-wrap form-group\">\n\t\t<p><label> Health condition<br \/>\n<span class=\"wpcf7-form-control-wrap\" data-name=\"zdravstvena-sostojba\"><input size=\"40\" maxlength=\"400\" class=\"wpcf7-form-control wpcf7-text form-control\" aria-invalid=\"false\" value=\"\" type=\"text\" name=\"zdravstvena-sostojba\" \/><\/span> <\/label>\n\t\t<\/p>\n\t<\/div>\n\t<div class=\"col-xl-6 col-sm-12 col-12 form-boot-wrap form-group\">\n\t\t<p><label> Sexual orientation<br \/>\n<span class=\"wpcf7-form-control-wrap\" data-name=\"sex-orientacija\"><input size=\"40\" maxlength=\"400\" class=\"wpcf7-form-control wpcf7-text form-control\" aria-invalid=\"false\" value=\"\" type=\"text\" name=\"sex-orientacija\" \/><\/span> <\/label>\n\t\t<\/p>\n\t<\/div>\n\t<div class=\"col-xl-6 col-sm-12 col-12 form-boot-wrap form-group\">\n\t\t<p><label> Gender identity<br \/>\n<span class=\"wpcf7-form-control-wrap\" data-name=\"rodov-identitet\"><input size=\"40\" maxlength=\"400\" class=\"wpcf7-form-control wpcf7-text form-control\" aria-invalid=\"false\" value=\"\" type=\"text\" name=\"rodov-identitet\" \/><\/span> <\/label>\n\t\t<\/p>\n\t<\/div>\n\t<div class=\"col-xl-6 col-sm-12 col-12 form-boot-wrap form-group\">\n\t\t<p><label> Political affiliation<br \/>\n<span class=\"wpcf7-form-control-wrap\" data-name=\"politicka-pripadnost\"><input size=\"40\" maxlength=\"400\" class=\"wpcf7-form-control wpcf7-text form-control\" aria-invalid=\"false\" value=\"\" type=\"text\" name=\"politicka-pripadnost\" \/><\/span> <\/label>\n\t\t<\/p>\n\t<\/div>\n\t<div class=\"col-xl-6 col-sm-12 col-12 form-boot-wrap form-group\">\n\t\t<p><label> Social status<br \/>\n<span class=\"wpcf7-form-control-wrap\" data-name=\"socijalen\"><input size=\"40\" maxlength=\"400\" class=\"wpcf7-form-control wpcf7-text form-control\" aria-invalid=\"false\" value=\"\" type=\"text\" name=\"socijalen\" \/><\/span> <\/label>\n\t\t<\/p>\n\t<\/div>\n\t<div class=\"col-xl-12 col-sm-12 col-12 form-boot-wrap form-group\">\n\t\t<h3>Legal problem\n\t\t<\/h3>\n\t\t<p><label> Explain your case and detail the reasons for submitting this request. Please provide copies of the relevant documents for the case. If you cannot make copies, please submit the original documents (which will be returned to you).<br \/>\n<span class=\"wpcf7-form-control-wrap\" data-name=\"textarea-448\"><textarea cols=\"40\" rows=\"10\" maxlength=\"2000\" class=\"wpcf7-form-control wpcf7-textarea form-control\" aria-invalid=\"false\" name=\"textarea-448\"><\/textarea><\/span><br \/>\n<\/label>\n\t\t<\/p>\n\t<\/div>\n\t<div class=\"col-xl-12 col-sm-12 col-12 form-boot-wrap form-group file-attachments\">\n\t\t<h3>Upload documents\n\t\t<\/h3>\n\t\t<p><label><strong>Document 1<\/strong><small>(allowed formats: PDF, Microsoft Word, image type: jpg, png, webp)<\/small><br \/>\n<span class=\"wpcf7-form-control-wrap\" data-name=\"attach-file-1\"><input size=\"40\" class=\"wpcf7-form-control wpcf7-file\" accept=\".jpg,.jpeg,.png,.webp,.pdf,.doc,.docx\" aria-invalid=\"false\" type=\"file\" name=\"attach-file-1\" \/><\/span> <\/label><br \/>\n<label><strong>Document 2<\/strong><small>(allowed formats: PDF, Microsoft Word, image type: jpg, png, webp)<\/small><br \/>\n<span class=\"wpcf7-form-control-wrap\" data-name=\"attach-file-2\"><input size=\"40\" class=\"wpcf7-form-control wpcf7-file\" accept=\".jpg,.jpeg,.png,.webp,.pdf,.doc,.docx\" aria-invalid=\"false\" type=\"file\" name=\"attach-file-2\" \/><\/span> <\/label><br \/>\n<label><strong>Document 3<\/strong><small>(allowed formats: PDF, Microsoft Word, image type: jpg, png, webp)<\/small><br \/>\n<span class=\"wpcf7-form-control-wrap\" data-name=\"attach-file-3\"><input size=\"40\" class=\"wpcf7-form-control wpcf7-file\" accept=\".jpg,.jpeg,.png,.webp,.pdf,.doc,.docx\" aria-invalid=\"false\" type=\"file\" name=\"attach-file-3\" \/><\/span> <\/label><br \/>\n<label><strong>Document 4<\/strong><small>(allowed formats: PDF, Microsoft Word, image type: jpg, png, webp)<\/small><br \/>\n<span class=\"wpcf7-form-control-wrap\" data-name=\"attach-file-4\"><input size=\"40\" class=\"wpcf7-form-control wpcf7-file\" accept=\".jpg,.jpeg,.png,.webp,.pdf,.doc,.docx\" aria-invalid=\"false\" type=\"file\" name=\"attach-file-4\" \/><\/span> <\/label><br \/>\n<label><strong>Document 5<\/strong><small>(allowed formats: PDF, Microsoft Word, image type: jpg, png, webp)<\/small><br \/>\n<span class=\"wpcf7-form-control-wrap\" data-name=\"attach-file-5\"><input size=\"40\" class=\"wpcf7-form-control wpcf7-file\" accept=\".jpg,.jpeg,.png,.webp,.pdf,.doc,.docx\" aria-invalid=\"false\" type=\"file\" name=\"attach-file-5\" \/><\/span> <\/label>\n\t\t<\/p>\n\t<\/div>\n\t<div class=\"col-xl-12 col-sm-12 col-12 form-boot-wrap form-group\">\n\t\t<p><span class=\"wpcf7-form-control-wrap\" data-name=\"accept-this-1\"><span class=\"wpcf7-form-control wpcf7-acceptance\"><span class=\"wpcf7-list-item\"><label><input type=\"checkbox\" name=\"accept-this-1\" value=\"1\" aria-invalid=\"false\" \/><span class=\"wpcf7-list-item-label\">\"I hereby acknowledge that my personal data can be processed and used by the authorized association for giving legal aid - HELSINKI COMMITTEE FOR HUMAN RIGHTS - in accordance with the Law on Personal Data Protection.<\/span><\/label><\/span><\/span><\/span>\n\t\t<\/p>\n\t\t<p style=\"margin-top:10px;\"><br \/>\n<strong>Your personal information will only be used to process your case and for statistical purposes for the work of the Helsinki Committee for Human Rights. <\/strong>\n\t\t<\/p>\n\t<\/div>\n\t<p><span id=\"wpcf7-69d65595ec7c5-wrapper\" class=\"wpcf7-form-control-wrap honeypot-682-wrap\" style=\"display:none !important; visibility:hidden !important;\"><label for=\"wpcf7-69d65595ec7c5-field\" class=\"hp-message\">Please leave this field empty.<\/label><input id=\"wpcf7-69d65595ec7c5-field\"  class=\"wpcf7-form-control wpcf7-text\" type=\"text\" name=\"honeypot-682\" value=\"\" size=\"40\" tabindex=\"-1\" autocomplete=\"new-password\" \/><\/span>\n\t<\/p>\n<span class=\"wpcf7-form-control-wrap recaptcha\" data-name=\"recaptcha\"><span data-sitekey=\"6Lev_aUUAAAAAAy2Hwlbkb8KxJv_CwpA3vUPFEer\" class=\"wpcf7-form-control wpcf7-recaptcha g-recaptcha\"><\/span>\r\n<noscript>\r\n\t<div class=\"grecaptcha-noscript\">\r\n\t\t<iframe loading=\"lazy\" src=\"https:\/\/www.google.com\/recaptcha\/api\/fallback?k=6Lev_aUUAAAAAAy2Hwlbkb8KxJv_CwpA3vUPFEer\" frameborder=\"0\" scrolling=\"no\" width=\"310\" height=\"430\">\r\n\t\t<\/iframe>\r\n\t\t<textarea name=\"g-recaptcha-response\" rows=\"3\" cols=\"40\" placeholder=\"reCaptcha Response Here\">\r\n\t\t<\/textarea>\r\n\t<\/div>\r\n<\/noscript>\r\n<\/span>\n\t<div class=\"col-xl-12 col-sm-12 col-12 form-boot-wrap form-group text-right\">\n\t\t<p><input class=\"wpcf7-form-control wpcf7-submit has-spinner\" type=\"submit\" value=\"SEND\" \/>\n\t\t<\/p>\n\t<\/div>\n<\/div><p style=\"display: none !important;\" class=\"akismet-fields-container\" data-prefix=\"_wpcf7_ak_\"><label>&#916;<textarea name=\"_wpcf7_ak_hp_textarea\" cols=\"45\" rows=\"8\" maxlength=\"100\"><\/textarea><\/label><input type=\"hidden\" id=\"ak_js_1\" name=\"_wpcf7_ak_js\" value=\"152\"\/><script>document.getElementById( \"ak_js_1\" ).setAttribute( \"value\", ( new Date() ).getTime() );<\/script><\/p><div class=\"wpcf7-response-output\" aria-hidden=\"true\"><\/div>\n<\/form>\n<\/div>\n\n","protected":false},"excerpt":{"rendered":"<p> [&#8230;]<\/p>\n<p><a class=\"btn btn-secondary understrap-read-more-link\" href=\"https:\/\/mhc.org.mk\/en\/form-for-free-legal-aid\/\">Read More&#8230;<span class=\"screen-reader-text\"> from Form for free legal aid<\/span><\/a><\/p>\n","protected":false},"author":1,"featured_media":0,"parent":0,"menu_order":0,"comment_status":"closed","ping_status":"closed","template":"","meta":{"_acf_changed":false,"footnotes":""},"class_list":["post-1408","page","type-page","status-publish","hentry"],"acf":[],"yoast_head":"<!-- This site is optimized with the Yoast SEO plugin v27.3 - https:\/\/yoast.com\/product\/yoast-seo-wordpress\/ -->\n<title>Form for free legal aid - Komitetit t\u00eb Helsinkit p\u00ebr t\u00eb Drejtat e Njeriut<\/title>\n<meta name=\"robots\" content=\"index, follow, max-snippet:-1, max-image-preview:large, max-video-preview:-1\" \/>\n<link rel=\"canonical\" href=\"https:\/\/mhc.org.mk\/en\/form-for-free-legal-aid\/\" \/>\n<meta property=\"og:locale\" content=\"en_US\" \/>\n<meta property=\"og:type\" content=\"article\" \/>\n<meta property=\"og:title\" content=\"Form for free legal aid - Komitetit t\u00eb Helsinkit p\u00ebr t\u00eb Drejtat e Njeriut\" \/>\n<meta property=\"og:description\" content=\"[...]Read More... from Form for free legal aid\" \/>\n<meta property=\"og:url\" content=\"https:\/\/mhc.org.mk\/en\/form-for-free-legal-aid\/\" \/>\n<meta property=\"og:site_name\" content=\"Komitetit t\u00eb Helsinkit p\u00ebr t\u00eb Drejtat e Njeriut\" \/>\n<meta property=\"article:publisher\" content=\"https:\/\/www.facebook.com\/MacedonianHelsinkiCommittee\/\" \/>\n<meta property=\"article:modified_time\" content=\"2024-11-13T21:14:29+00:00\" \/>\n<meta property=\"og:image\" content=\"https:\/\/mhc.org.mk\/wp-content\/uploads\/2024\/12\/mhc-mk-default.webp\" \/>\n\t<meta property=\"og:image:width\" content=\"640\" \/>\n\t<meta property=\"og:image:height\" content=\"418\" \/>\n\t<meta property=\"og:image:type\" content=\"image\/webp\" \/>\n<meta name=\"twitter:card\" content=\"summary_large_image\" \/>\n<meta name=\"twitter:site\" content=\"@Helsinshki\" \/>\n<script type=\"application\/ld+json\" class=\"yoast-schema-graph\">{\"@context\":\"https:\\\/\\\/schema.org\",\"@graph\":[{\"@type\":\"WebPage\",\"@id\":\"https:\\\/\\\/mhc.org.mk\\\/en\\\/form-for-free-legal-aid\\\/\",\"url\":\"https:\\\/\\\/mhc.org.mk\\\/en\\\/form-for-free-legal-aid\\\/\",\"name\":\"Form for free legal aid - Komitetit t\u00eb Helsinkit p\u00ebr t\u00eb Drejtat e Njeriut\",\"isPartOf\":{\"@id\":\"https:\\\/\\\/mhc.org.mk\\\/en\\\/#website\"},\"datePublished\":\"2019-06-09T19:55:24+00:00\",\"dateModified\":\"2024-11-13T21:14:29+00:00\",\"breadcrumb\":{\"@id\":\"https:\\\/\\\/mhc.org.mk\\\/en\\\/form-for-free-legal-aid\\\/#breadcrumb\"},\"inLanguage\":\"en-US\",\"potentialAction\":[{\"@type\":\"ReadAction\",\"target\":[\"https:\\\/\\\/mhc.org.mk\\\/en\\\/form-for-free-legal-aid\\\/\"]}]},{\"@type\":\"BreadcrumbList\",\"@id\":\"https:\\\/\\\/mhc.org.mk\\\/en\\\/form-for-free-legal-aid\\\/#breadcrumb\",\"itemListElement\":[{\"@type\":\"ListItem\",\"position\":1,\"name\":\"Home\",\"item\":\"https:\\\/\\\/mhc.org.mk\\\/en\\\/\"},{\"@type\":\"ListItem\",\"position\":2,\"name\":\"Form for free legal aid\"}]},{\"@type\":\"WebSite\",\"@id\":\"https:\\\/\\\/mhc.org.mk\\\/en\\\/#website\",\"url\":\"https:\\\/\\\/mhc.org.mk\\\/en\\\/\",\"name\":\"\u0425\u0435\u043b\u0441\u0438\u043d\u0448\u043a\u0438 \u043a\u043e\u043c\u0438\u0442\u0435\u0442 \u0437\u0430 \u0447\u043e\u0432\u0435\u043a\u043e\u0432\u0438 \u043f\u0440\u0430\u0432\u0430\",\"description\":\"Vizioni i Komitetit t\u00eb Helsinkit p\u00ebr t\u00eb Drejtat e Njeriut \u00ebsht\u00eb shoq\u00ebri n\u00eb t\u00eb cil\u00ebn t\u00eb gjith\u00eb njer\u00ebzit i g\u00ebzojn\u00eb dhe praktikojn\u00eb t\u00eb drejtat dhe lirit\u00eb e tyre themelore dhe kan\u00eb mbrojtje n\u00eb rast t\u00eb shkeljes ose kufizimit t\u00eb tyre.\",\"publisher\":{\"@id\":\"https:\\\/\\\/mhc.org.mk\\\/en\\\/#organization\"},\"alternateName\":\"The Helsinki Committee for Human Rights\",\"potentialAction\":[{\"@type\":\"SearchAction\",\"target\":{\"@type\":\"EntryPoint\",\"urlTemplate\":\"https:\\\/\\\/mhc.org.mk\\\/en\\\/?s={search_term_string}\"},\"query-input\":{\"@type\":\"PropertyValueSpecification\",\"valueRequired\":true,\"valueName\":\"search_term_string\"}}],\"inLanguage\":\"en-US\"},{\"@type\":\"Organization\",\"@id\":\"https:\\\/\\\/mhc.org.mk\\\/en\\\/#organization\",\"name\":\"\u0425\u0435\u043b\u0441\u0438\u043d\u0448\u043a\u0438 \u043a\u043e\u043c\u0438\u0442\u0435\u0442 \u0437\u0430 \u0447\u043e\u0432\u0435\u043a\u043e\u0432\u0438 \u043f\u0440\u0430\u0432\u0430\",\"alternateName\":\"The Helsinki Committee for Human Rights\",\"url\":\"https:\\\/\\\/mhc.org.mk\\\/en\\\/\",\"logo\":{\"@type\":\"ImageObject\",\"inLanguage\":\"en-US\",\"@id\":\"https:\\\/\\\/mhc.org.mk\\\/en\\\/#\\\/schema\\\/logo\\\/image\\\/\",\"url\":\"https:\\\/\\\/mhc.org.mk\\\/wp-content\\\/uploads\\\/2024\\\/12\\\/mhc-mk-default.webp\",\"contentUrl\":\"https:\\\/\\\/mhc.org.mk\\\/wp-content\\\/uploads\\\/2024\\\/12\\\/mhc-mk-default.webp\",\"width\":640,\"height\":418,\"caption\":\"\u0425\u0435\u043b\u0441\u0438\u043d\u0448\u043a\u0438 \u043a\u043e\u043c\u0438\u0442\u0435\u0442 \u0437\u0430 \u0447\u043e\u0432\u0435\u043a\u043e\u0432\u0438 \u043f\u0440\u0430\u0432\u0430\"},\"image\":{\"@id\":\"https:\\\/\\\/mhc.org.mk\\\/en\\\/#\\\/schema\\\/logo\\\/image\\\/\"},\"sameAs\":[\"https:\\\/\\\/www.facebook.com\\\/MacedonianHelsinkiCommittee\\\/\",\"https:\\\/\\\/x.com\\\/Helsinshki\",\"https:\\\/\\\/www.linkedin.com\\\/company\\\/helsinki-committee-for-human-rights-of-the-republic-of-macedonia\\\/\",\"https:\\\/\\\/www.youtube.com\\\/user\\\/Helkom1994\"]}]}<\/script>\n<!-- \/ Yoast SEO plugin. -->","yoast_head_json":{"title":"Form for free legal aid - Komitetit t\u00eb Helsinkit p\u00ebr t\u00eb Drejtat e Njeriut","robots":{"index":"index","follow":"follow","max-snippet":"max-snippet:-1","max-image-preview":"max-image-preview:large","max-video-preview":"max-video-preview:-1"},"canonical":"https:\/\/mhc.org.mk\/en\/form-for-free-legal-aid\/","og_locale":"en_US","og_type":"article","og_title":"Form for free legal aid - Komitetit t\u00eb Helsinkit p\u00ebr t\u00eb Drejtat e Njeriut","og_description":"[...]Read More... from Form for free legal aid","og_url":"https:\/\/mhc.org.mk\/en\/form-for-free-legal-aid\/","og_site_name":"Komitetit t\u00eb Helsinkit p\u00ebr t\u00eb Drejtat e Njeriut","article_publisher":"https:\/\/www.facebook.com\/MacedonianHelsinkiCommittee\/","article_modified_time":"2024-11-13T21:14:29+00:00","og_image":[{"width":640,"height":418,"url":"https:\/\/mhc.org.mk\/wp-content\/uploads\/2024\/12\/mhc-mk-default.webp","type":"image\/webp"}],"twitter_card":"summary_large_image","twitter_site":"@Helsinshki","schema":{"@context":"https:\/\/schema.org","@graph":[{"@type":"WebPage","@id":"https:\/\/mhc.org.mk\/en\/form-for-free-legal-aid\/","url":"https:\/\/mhc.org.mk\/en\/form-for-free-legal-aid\/","name":"Form for free legal aid - Komitetit t\u00eb Helsinkit p\u00ebr t\u00eb Drejtat e Njeriut","isPartOf":{"@id":"https:\/\/mhc.org.mk\/en\/#website"},"datePublished":"2019-06-09T19:55:24+00:00","dateModified":"2024-11-13T21:14:29+00:00","breadcrumb":{"@id":"https:\/\/mhc.org.mk\/en\/form-for-free-legal-aid\/#breadcrumb"},"inLanguage":"en-US","potentialAction":[{"@type":"ReadAction","target":["https:\/\/mhc.org.mk\/en\/form-for-free-legal-aid\/"]}]},{"@type":"BreadcrumbList","@id":"https:\/\/mhc.org.mk\/en\/form-for-free-legal-aid\/#breadcrumb","itemListElement":[{"@type":"ListItem","position":1,"name":"Home","item":"https:\/\/mhc.org.mk\/en\/"},{"@type":"ListItem","position":2,"name":"Form for free legal aid"}]},{"@type":"WebSite","@id":"https:\/\/mhc.org.mk\/en\/#website","url":"https:\/\/mhc.org.mk\/en\/","name":"\u0425\u0435\u043b\u0441\u0438\u043d\u0448\u043a\u0438 \u043a\u043e\u043c\u0438\u0442\u0435\u0442 \u0437\u0430 \u0447\u043e\u0432\u0435\u043a\u043e\u0432\u0438 \u043f\u0440\u0430\u0432\u0430","description":"Vizioni i Komitetit t\u00eb Helsinkit p\u00ebr t\u00eb Drejtat e Njeriut \u00ebsht\u00eb shoq\u00ebri n\u00eb t\u00eb cil\u00ebn t\u00eb gjith\u00eb njer\u00ebzit i g\u00ebzojn\u00eb dhe praktikojn\u00eb t\u00eb drejtat dhe lirit\u00eb e tyre themelore dhe kan\u00eb mbrojtje n\u00eb rast t\u00eb shkeljes ose kufizimit t\u00eb tyre.","publisher":{"@id":"https:\/\/mhc.org.mk\/en\/#organization"},"alternateName":"The Helsinki Committee for Human Rights","potentialAction":[{"@type":"SearchAction","target":{"@type":"EntryPoint","urlTemplate":"https:\/\/mhc.org.mk\/en\/?s={search_term_string}"},"query-input":{"@type":"PropertyValueSpecification","valueRequired":true,"valueName":"search_term_string"}}],"inLanguage":"en-US"},{"@type":"Organization","@id":"https:\/\/mhc.org.mk\/en\/#organization","name":"\u0425\u0435\u043b\u0441\u0438\u043d\u0448\u043a\u0438 \u043a\u043e\u043c\u0438\u0442\u0435\u0442 \u0437\u0430 \u0447\u043e\u0432\u0435\u043a\u043e\u0432\u0438 \u043f\u0440\u0430\u0432\u0430","alternateName":"The Helsinki Committee for Human Rights","url":"https:\/\/mhc.org.mk\/en\/","logo":{"@type":"ImageObject","inLanguage":"en-US","@id":"https:\/\/mhc.org.mk\/en\/#\/schema\/logo\/image\/","url":"https:\/\/mhc.org.mk\/wp-content\/uploads\/2024\/12\/mhc-mk-default.webp","contentUrl":"https:\/\/mhc.org.mk\/wp-content\/uploads\/2024\/12\/mhc-mk-default.webp","width":640,"height":418,"caption":"\u0425\u0435\u043b\u0441\u0438\u043d\u0448\u043a\u0438 \u043a\u043e\u043c\u0438\u0442\u0435\u0442 \u0437\u0430 \u0447\u043e\u0432\u0435\u043a\u043e\u0432\u0438 \u043f\u0440\u0430\u0432\u0430"},"image":{"@id":"https:\/\/mhc.org.mk\/en\/#\/schema\/logo\/image\/"},"sameAs":["https:\/\/www.facebook.com\/MacedonianHelsinkiCommittee\/","https:\/\/x.com\/Helsinshki","https:\/\/www.linkedin.com\/company\/helsinki-committee-for-human-rights-of-the-republic-of-macedonia\/","https:\/\/www.youtube.com\/user\/Helkom1994"]}]}},"_links":{"self":[{"href":"https:\/\/mhc.org.mk\/en\/wp-json\/wp\/v2\/pages\/1408","targetHints":{"allow":["GET"]}}],"collection":[{"href":"https:\/\/mhc.org.mk\/en\/wp-json\/wp\/v2\/pages"}],"about":[{"href":"https:\/\/mhc.org.mk\/en\/wp-json\/wp\/v2\/types\/page"}],"author":[{"embeddable":true,"href":"https:\/\/mhc.org.mk\/en\/wp-json\/wp\/v2\/users\/1"}],"replies":[{"embeddable":true,"href":"https:\/\/mhc.org.mk\/en\/wp-json\/wp\/v2\/comments?post=1408"}],"version-history":[{"count":0,"href":"https:\/\/mhc.org.mk\/en\/wp-json\/wp\/v2\/pages\/1408\/revisions"}],"wp:attachment":[{"href":"https:\/\/mhc.org.mk\/en\/wp-json\/wp\/v2\/media?parent=1408"}],"curies":[{"name":"wp","href":"https:\/\/api.w.org\/{rel}","templated":true}]}}